{"id":9056,"date":"2021-04-29T17:10:29","date_gmt":"2021-04-29T15:10:29","guid":{"rendered":"http:\/\/www.fondazionedonatcattin.it\/?page_id=9056"},"modified":"2021-11-16T10:45:18","modified_gmt":"2021-11-16T09:45:18","slug":"attivita-20-2-3-2-2-2-3-2-3-2-4-2-3-2-2-3-2-5-2-2-3-5-2-2-3-3-2-3-3-2-3-2-2-2-2-2-2-2-2-3-2-2-2-3","status":"publish","type":"page","link":"https:\/\/www.fondazionedonatcattin.it\/?page_id=9056","title":{"rendered":"Polo del \u2019900- Olimpiadi e olimpismo  &#8211;  13 novembre  2021"},"content":{"rendered":"<p>[vc_row][vc_column][vc_single_image image=&#8221;9058&#8243; img_size=&#8221;full&#8221;][\/vc_column][\/vc_row][vc_row][vc_column width=&#8221;1\/6&#8243;][\/vc_column][vc_column width=&#8221;2\/3&#8243;][vc_column_text]<\/p>\n<h1><span style=\"color: #993300;\">SFIDE SCONFINATE<\/span><br \/>\n<span style=\"color: #993300;\"><strong><em>Il tema dello sport attraverso incontri, dibattiti e spettacoli teatrali <\/em><\/strong><\/span><\/h1>\n<p>[\/vc_column_text][vc_column_text]<\/p>\n<p style=\"text-align: justify;\"><strong>Gioved\u00ec 11<\/strong>, alle <strong>9.30<\/strong> nell\u2019aula magna della <strong>Cavallerizza Reale <\/strong>(via Verdi 9, Torino), nell\u2019ambito di <strong>UniVerso<\/strong>, il palinsesto culturale dell\u2019<strong>Universit\u00e0 di Torino<\/strong>, si apre l\u2019evento <strong>Universo. Sfide sconfinate<\/strong>, promosso dall\u2019ateneo torinese e dal <strong>Polo del \u2018900<\/strong>, in collaborazione con <strong>Centro Universitario Sportivo<\/strong> torinese, <strong>Unione culturale Franco Antonicelli<\/strong>, <strong>Fondazione Carlo Donat-Cattin<\/strong> e <strong>Unita \u2013 Universitas Montium<\/strong>.<\/p>\n<p style=\"text-align: justify;\">Fino a <strong>sabato 13 novembre<\/strong>, per tre giorni ospiti illustri si interrogheranno sullo sport come fenomeno globale, capace di investire i diversi settori della conoscenza: dalla neuroscienza alla psicologia, dalle scienze della comunicazione alla storia, dalle scienze dei materiali a quelle del territorio, fino alla letteratura e alle discipline dello spettacolo. L\u2019evento mira anche a stimolare riflessioni sulla citt\u00e0 di Torino, che ospiter\u00e0 manifestazioni di rilevanza internazionale come le <strong>Nitto ATP Finals<\/strong> e le <strong>Universiadi invernali 2025<\/strong>.<\/p>\n<p>[\/vc_column_text][vc_video link=&#8221;https:\/\/www.youtube.com\/watch?v=HNSxqvWeggI&amp;t=694s&#8221;][vc_column_text]<span style=\"color: #993300;\"><strong>Polo del \u2019900- Olimpiadi e olimpismo<\/strong><\/span><br \/>\nInterventi di: <strong>Dario Chiad\u00f2, Mauro Nespoli, Rosanna Pasquino, Nicola Porro<\/strong>. Modera: <strong>Alberto Dolfin<\/strong>.[\/vc_column_text][vc_column_text]<\/p>\n<p style=\"text-align: justify;\">Un programma fitto di incontri, nei quali il tema dello sport verr\u00e0 analizzato sotto vari aspetti. Si comincia <strong>gioved\u00ec 11 novembre<\/strong>, nell\u2019aula magna della Cavallerizza Reale, con una giornata dedicata a benessere, sostenibilit\u00e0 e montagna. <strong>Venerd\u00ec 12 novembre<\/strong>, nella medesima sede, il focus si sposter\u00e0 su scherma, canottaggio ed e-sport, fenomeno in grande crescita soprattutto tra i giovani. Infine, sabato <strong>13 novembre<\/strong>, l\u2019appuntamento \u00e8 al Polo del \u2019900 per l\u2019incontro su Olimpiadi e Olimpismo. \u00a0\u201cOlimpiadi e Paralimpiadi. Alle radici dello sport\u201d con<\/p>\n<p style=\"text-align: justify;\"><strong>Mauro Nespoli<\/strong>, arciere campione olimpico<\/p>\n<p style=\"text-align: justify;\"><strong>Rosanna Pasquino<\/strong>, scherma campionessa paralimpica e docente universitaria<\/p>\n<p style=\"text-align: justify;\"><strong>Dario Chiado&#8217;<\/strong> commissario tecnico nazionale di scherma<\/p>\n<p style=\"text-align: justify;\"><strong>Nicola Porro<\/strong>, docente di sociologia dello sport universita di Cassino<\/p>\n<p style=\"text-align: justify;\">Moderatore <strong>Alberto Dolfin<\/strong> giornalista<\/p>\n<p style=\"text-align: justify;\">Oltre ai panel, previsti anche due spettacoli teatrali: gioved\u00ec 11 novembre, alle ore 21 al Tangram Teatro (Via Don Orione, 5) va in scena \u201c<strong>L&#8217;angelo di Coppi<\/strong>, <strong>i grandi campioni dello sport raccontati, in parole e musica, con lo sguardo incantato di un angelo\u201d<\/strong>; venerd\u00ec 12 novembre, alle ore 21 al Centro Sportivo CUS (Via Artom, 30) \u00e8 la volta de \u201c<strong>L\u2019uomo senza paura\u201d, <\/strong>di e con Mauro Parrinello, che racconta la vita straordinaria del pugile Sandro Mazzinghi, nato a Pontedera sotto le bombe della Seconda Guerra Mondiale e diventato due volte campione del mondo dei pesi medi jr. Inoltre, sabato 13 novembre, nel pomeriggio, si terr\u00e0 una speciale<strong> Passeggiata letteraria<\/strong> <strong>nella Torino dello sport<\/strong> con ritrovo e partenza in via Magenta 11 presso la Reale Societ\u00e0 Ginnastica, a condurre l\u2019itinerario l\u2019esperto Stefano Tubia del gruppo di lavoro del progetto \u201cPasseggiate letterarie\u201d, ideato e curato da Alba Andreini.\u00a0Alle ore 21, invece, al Cinema Massimo (via Verdi 18), ci sar\u00e0 la\u00a0proiezione gratuita del documentario\u00a0<strong><em>McEnroe. L&#8217;impero della perfezione<\/em><\/strong><em>\u00a0<\/em>di Julien Faraut (Francia 2018, 95\u2019, DCP, col., v.o. sott. it.) presentato da Silvia Nugara (Unione culturale Franco Antonicelli) e dal semiologo Antonio Santangelo.<\/p>\n<p style=\"text-align: justify;\">\u201c<em>Il progetto\u00a0<\/em>Sfide sconfinate<em>\u00a0\u2013 <\/em>dichiara <strong>Diego Guzzi<\/strong>, vicepresidente dell\u2019Unione Culturale Franco Antonicelli <em>\u2013<\/em> <em>si propone due obiettivi principali: raccontare il Novecento da una prospettiva di storia sociale che metta al centro il fenomeno sportivo e parlare di sport in chiave attuale, sottolineandone il ruolo, spesso centrale, nelle lotte contro le discriminazioni e i razzismi e nelle battaglie per l\u2019affermazione dei diritti&#8221;.\u00a0<\/em><\/p>\n<p style=\"text-align: justify;\"><em>\u201cMai come in questo caso \u2013 <\/em>dichiara <strong>Alberto Rainoldi<\/strong>, Vice Rettore al Welfare, Sostenibilit\u00e0 e Sport dell\u2019Universit\u00e0 di Torino<em> \u2013\u00a0 il termine <\/em>Sport<em> viene affrontato da angolazioni molto differenti. Verr\u00e0 declinato dal punto di vista pi\u00f9 tradizionale facendo parlare chi lo sport agonistico lo pratica davvero, verranno discussi gli aspetti culturali pi\u00f9 innovativi e infine, dilatando il termine <\/em>sport<em> in <\/em>attivit\u00e0 fisica,<em> passando cos\u00ec dall\u2019agonismo allo stile di vita attivo, la platea dei possibili interessati si allargher\u00e0 a tutta la comunit\u00e0 cittadina, nazionale ed europea\u201d.<\/em><\/p>\n<p style=\"text-align: justify;\">Sfide sconfinate \u00e8 un progetto integrato del Polo del &#8216;900, coordinato dall&#8217;Unione culturale Franco Antonicelli, inserito all\u2019interno di <strong>UniVerso<\/strong>, il palinsesto culturale che l\u2019Universit\u00e0 di Torino propone per la comunit\u00e0 universitaria e per la cittadinanza. Un palinsesto di dibattiti, interviste, reading e performance per creare un osservatorio permanente sulla contemporaneit\u00e0. L\u2019obiettivo \u00e8 costruire uno spazio, un universo di confronto tra l\u2019Ateneo, la citt\u00e0 e il territorio che raccolga, elabori e renda disponibile la conoscenza verso e per la societ\u00e0 civile.<\/p>\n<p style=\"text-align: justify;\">In allegato il programma completo della manifestazione. <a href=\"http:\/\/www.fondazionedonatcattin.it\/wp-content\/uploads\/2021\/11\/UNIVERSO-SPORT_PROGRAMMA_3NOV.pdf\">link<\/a><\/p>\n<p>[\/vc_column_text][\/vc_column][vc_column width=&#8221;1\/6&#8243;][\/vc_column][\/vc_row]<\/p>\n","protected":false},"excerpt":{"rendered":"<p>[vc_row][vc_column][vc_single_image image=&#8221;9058&#8243; img_size=&#8221;full&#8221;][\/vc_column][\/vc_row][vc_row][vc_column width=&#8221;1\/6&#8243;][\/vc_column][vc_column width=&#8221;2\/3&#8243;][vc_column_text] SFIDE SCONFINATE Il tema dello sport attraverso incontri, dibattiti e spettacoli teatrali [\/vc_column_text][vc_column_text] Gioved\u00ec 11, alle 9.30 nell\u2019aula magna della Cavallerizza Reale (via Verdi 9, Torino), nell\u2019ambito di UniVerso, il palinsesto culturale dell\u2019Universit\u00e0 di Torino, si apre l\u2019evento Universo. Sfide sconfinate, promosso dall\u2019ateneo torinese e dal Polo del \u2018900, in [&hellip;]<\/p>\n","protected":false},"author":11,"featured_media":0,"parent":0,"menu_order":0,"comment_status":"closed","ping_status":"closed","template":"","meta":{"footnotes":""},"_links":{"self":[{"href":"https:\/\/www.fondazionedonatcattin.it\/index.php?rest_route=\/wp\/v2\/pages\/9056"}],"collection":[{"href":"https:\/\/www.fondazionedonatcattin.it\/index.php?rest_route=\/wp\/v2\/pages"}],"about":[{"href":"https:\/\/www.fondazionedonatcattin.it\/index.php?rest_route=\/wp\/v2\/types\/page"}],"author":[{"embeddable":true,"href":"https:\/\/www.fondazionedonatcattin.it\/index.php?rest_route=\/wp\/v2\/users\/11"}],"replies":[{"embeddable":true,"href":"https:\/\/www.fondazionedonatcattin.it\/index.php?rest_route=%2Fwp%2Fv2%2Fcomments&post=9056"}],"version-history":[{"count":0,"href":"https:\/\/www.fondazionedonatcattin.it\/index.php?rest_route=\/wp\/v2\/pages\/9056\/revisions"}],"wp:attachment":[{"href":"https:\/\/www.fondazionedonatcattin.it\/index.php?rest_route=%2Fwp%2Fv2%2Fmedia&parent=9056"}],"curies":[{"name":"wp","href":"https:\/\/api.w.org\/{rel}","templated":true}]}}