{"id":733,"date":"2018-03-13T12:23:29","date_gmt":"2018-03-13T11:23:29","guid":{"rendered":"http:\/\/www.fondazionedonatcattin.it\/?page_id=733"},"modified":"2022-10-22T10:31:54","modified_gmt":"2022-10-22T08:31:54","slug":"attivita-14","status":"publish","type":"page","link":"https:\/\/www.fondazionedonatcattin.it\/?page_id=733","title":{"rendered":"2017 &#8211; 28 aprile A"},"content":{"rendered":"<p>[vc_row][vc_column width=&#8221;1\/6&#8243;][\/vc_column][vc_column width=&#8221;2\/3&#8243;][vc_column_text]<\/p>\n<h2>Il giornalismo come mestiere di servizio<\/h2>\n<p><strong>Com\u2019\u00e8 cambiato il modo di raccontare il mondo: tra ricerca di verit\u00e0 e fake news nella piazza virtuale<\/strong><\/p>\n<p>&nbsp;<\/p>\n<p style=\"text-align: justify;\"><strong>Venerd\u00ec 28 aprile 2017, ore 15:00<\/strong><\/p>\n<p style=\"text-align: justify;\"><strong>Polo del &#8216;900 &#8211; Palazzo San Daniele<\/strong><br \/>\nSala didattica<br \/>\nVia del Carmine 14 &#8211; Torino<\/p>\n<p>&nbsp;<\/p>\n<p style=\"text-align: justify;\">Testimonianza<br \/>\n<strong>Carlo Verdelli<\/strong>, giornalista<\/p>\n<p style=\"text-align: justify;\">Introduce<br \/>\n<strong>Alessandra Ferraro<\/strong>, vice caporedattore RAI<\/p>\n<p style=\"text-align: justify;\">Dibattito con gli studenti del Corso Multimediale \u201cCarlo Donat-Cattin\u201d e del Master di Giornalismo \u201cGiorgio Bocca\u201d<\/p>\n<p>[\/vc_column_text][\/vc_column][vc_column width=&#8221;1\/6&#8243;][\/vc_column][\/vc_row]<\/p>\n","protected":false},"excerpt":{"rendered":"<p>[vc_row][vc_column width=&#8221;1\/6&#8243;][\/vc_column][vc_column width=&#8221;2\/3&#8243;][vc_column_text] Il giornalismo come mestiere di servizio Com\u2019\u00e8 cambiato il modo di raccontare il mondo: tra ricerca di verit\u00e0 e fake news nella piazza virtuale &nbsp; Venerd\u00ec 28 aprile 2017, ore 15:00 Polo del &#8216;900 &#8211; Palazzo San Daniele Sala didattica Via del Carmine 14 &#8211; Torino &nbsp; Testimonianza Carlo Verdelli, giornalista Introduce [&hellip;]<\/p>\n","protected":false},"author":1,"featured_media":0,"parent":490,"menu_order":0,"comment_status":"closed","ping_status":"closed","template":"","meta":{"om_disable_all_campaigns":false,"_monsterinsights_skip_tracking":false,"_monsterinsights_sitenote_active":false,"_monsterinsights_sitenote_note":"","_monsterinsights_sitenote_category":0,"footnotes":""},"aioseo_notices":[],"_links":{"self":[{"href":"https:\/\/www.fondazionedonatcattin.it\/index.php?rest_route=\/wp\/v2\/pages\/733"}],"collection":[{"href":"https:\/\/www.fondazionedonatcattin.it\/index.php?rest_route=\/wp\/v2\/pages"}],"about":[{"href":"https:\/\/www.fondazionedonatcattin.it\/index.php?rest_route=\/wp\/v2\/types\/page"}],"author":[{"embeddable":true,"href":"https:\/\/www.fondazionedonatcattin.it\/index.php?rest_route=\/wp\/v2\/users\/1"}],"replies":[{"embeddable":true,"href":"https:\/\/www.fondazionedonatcattin.it\/index.php?rest_route=%2Fwp%2Fv2%2Fcomments&post=733"}],"version-history":[{"count":0,"href":"https:\/\/www.fondazionedonatcattin.it\/index.php?rest_route=\/wp\/v2\/pages\/733\/revisions"}],"up":[{"embeddable":true,"href":"https:\/\/www.fondazionedonatcattin.it\/index.php?rest_route=\/wp\/v2\/pages\/490"}],"wp:attachment":[{"href":"https:\/\/www.fondazionedonatcattin.it\/index.php?rest_route=%2Fwp%2Fv2%2Fmedia&parent=733"}],"curies":[{"name":"wp","href":"https:\/\/api.w.org\/{rel}","templated":true}]}}