{"id":6151,"date":"2018-03-13T12:23:29","date_gmt":"2018-03-13T11:23:29","guid":{"rendered":"http:\/\/www.fondazionedonatcattin.it\/?page_id=6151"},"modified":"2021-01-27T12:38:28","modified_gmt":"2021-01-27T11:38:28","slug":"attivita-20-2-3-2-2-2-3-2-3-2-4-2-3-2-2-3-2-5-2-2-3-2-2-2-3","status":"publish","type":"page","link":"https:\/\/www.fondazionedonatcattin.it\/?page_id=6151","title":{"rendered":"Dante di Levi &#8211; testo"},"content":{"rendered":"<p>[vc_row][vc_column][vc_column_text el_class=&#8221;titolo-pagina&#8221;]&nbsp;[\/vc_column_text][vc_single_image image=&#8221;6127&#8243; img_size=&#8221;full&#8221;][vc_column_text][\/vc_column_text][\/vc_column][\/vc_row][vc_row css=&#8221;.vc_custom_1587839808432{padding-bottom: 0px !important;}&#8221;][vc_column width=&#8221;1\/6&#8243; css=&#8221;.vc_custom_1585920110662{background-color: #ffffff !important;}&#8221;][vc_column_text css=&#8221;.vc_custom_1585920076268{background-color: #ffffff !important;}&#8221;][\/vc_column_text][\/vc_column][vc_column width=&#8221;2\/3&#8243; css=&#8221;.vc_custom_1587839764720{padding-bottom: 0px !important;}&#8221;][\/vc_column][vc_column width=&#8221;1\/6&#8243;][\/vc_column][\/vc_row][vc_row][vc_column width=&#8221;1\/6&#8243;][vc_column_text]<\/p>\n<h6><a href=\"http:\/\/www.fondazionedonatcattin.it\/?page_id=6136\">Presentazione<\/a><\/h6>\n<h6><a href=\"http:\/\/www.fondazionedonatcattin.it\/?page_id=6122\">Audiolettura<\/a><\/h6>\n<p>[\/vc_column_text][\/vc_column][vc_column width=&#8221;2\/3&#8243;][vc_column_text css=&#8221;.vc_custom_1611635518947{padding-bottom: 10px !important;}&#8221;]<span style=\"color: #993300; font-size: 130%;\"><strong>Il Dante di Levi<br \/>\n<\/strong><\/span>[\/vc_column_text][vc_column_text]<\/p>\n<p style=\"text-align: justify;\">[Jean] vorrebbe imparare l&#8217;italiano [&#8230;] non possiamo farlo? Possiamo. Anche subito, una cosa vale l&#8217;altra, l&#8217;importante \u00e8 di non perdere tempo, di non sprecare quest&#8217;ora.<\/p>\n<p style=\"text-align: justify;\">[&#8230;]<\/p>\n<p style=\"text-align: justify;\">&#8230; Il canto di Ulisse. Chiss\u00e0 come e perch\u00e9 mi \u00e8 venuto in mente: ma non abbiamo tempo di scegliere, quest&#8217;ora gi\u00e0 non \u00e8 pi\u00f9 un&#8217;ora. Se Jean \u00e8 intelligente capir\u00e0. Capir\u00e0: oggi mi sento da tanto.<\/p>\n<p style=\"text-align: justify;\">&#8230; Chi \u00e8 Dante. Che cosa \u00e8 la Commedia. Quale sensazione curiosa di novit\u00e0 si prova, se si cerca di spiegare in breve che cosa \u00e8 la Divina Commedia. [&#8230;].<\/p>\n<p style=\"text-align: justify;\">\u00a0 Jean \u00e8 attentissimo, ed io comincio, lento e accurato:<\/p>\n<p style=\"text-align: justify;\"><strong>Lo maggior corno della fiamma antica<\/strong><br \/>\n<strong>Cominci\u00f2 a crollarsi mormorando,<\/strong><br \/>\n<strong>Pur come quella cui vento affatica,<\/strong><br \/>\n<strong>Indi, la cima in qua e l\u00e0 menando<\/strong><br \/>\n<strong>Come fosse la lingua che parlasse<\/strong><br \/>\n<strong>Mise fuori la voce, e disse: Quando&#8230;<\/strong><\/p>\n<p style=\"text-align: justify;\">\u00a0 Qui mi fermo e cerco di tradurre. Disastroso: povero Dante e povero francese! Tuttavia l&#8217;esperienza pare prometta bene: Jean ammira la bizzarra similitudine della lingua, e mi suggerisce il termine appropriato per rendere \u00abantica\u00bb.<\/p>\n<p>&nbsp;<\/p>\n<p style=\"text-align: justify;\">\u00a0\u00a0\u00a0 \u2026 E dopo \u00abQuando\u00bb? Il nulla. Un buco nella memoria \u00abPrima che s\u00ed Enea la nominasse\u00bb. Altro buco. Viene a galla qualche frammento non utilizzabile: \u00ab&#8230;la pi\u00e9ta Del vecchio padre, n\u00e9 \u2019l debito amore Che doveva Penelope far lieta&#8230;\u00bb sar\u00e0 poi esatto?<\/p>\n<p style=\"text-align: justify;\"><strong>&#8230; Ma misi me per l&#8217;alto mare aperto.<\/strong><\/p>\n<p style=\"text-align: justify;\">\u00a0 Di questo s\u00ed, di questo sono sicuro, sono in grado di spiegare a Pikolo, di distinguere perch\u00e9 \u00ab misi me\u00bb non \u00e8 \u00abje me mis\u00bb, \u00e8 molto pi\u00f9 audace, \u00e8 un vincolo infranto, \u00e8 scagliare se stessi al di l\u00e0 di una barriera, noi conosciamo bene questo impulso. L&#8217;alto mare aperto: Pikolo ha viaggiato per mare e sa cosa vuol dire, \u00e8 quando l&#8217;orizzonte si chiude su se stesso, libero diritto e semplice, e non c&#8217;\u00e8 ormai che odore di mare: dolci cose ferocemente lontane.<\/p>\n<p style=\"text-align: justify;\"><strong>\u00a0 Siamo arrivati al Kraftwerk, dove lavora il Kommando dei posacavi. [&#8230;].<\/strong><\/p>\n<p style=\"text-align: justify;\">\u00a0 \u00abMare aperto\u00bb. \u00abMare aperto\u00bb. So che rima con \u00abdiserto\u00bb: \u00ab&#8230; quella compagna Picciola, dalla qual non fui diserto\u00bb, ma non rammento pi\u00f9 se viene prima o dopo. E anche il viaggio, il temerario viaggio al di l\u00e0 delle colonne d&#8217;Ercole, che tristezza, sono costretto a raccontarlo in prosa: un sacrilegio. Non ho salvato che un verso, ma vale la pena di fermarcisi:<\/p>\n<p style=\"text-align: justify;\"><strong>\u00a0\u00a0 \u2026 Acci\u00f2 che l&#8217;uom pi\u00f9 oltre non si metta.<\/strong><\/p>\n<p style=\"text-align: justify;\">\u00abSi metta\u00bb: dovevo venire in Lager per accorgermi che \u00e8 la stessa espressione di prima, \u00abe misi me\u00bb. Ma non ne faccio parte a Jean, non sono sicuro che sia un&#8217;osservazione importante. Quante altre cose ci sarebbero da dire, e il sole \u00e8 gi\u00e0 alto, mezzogiorno \u00e8 vicino. Ho fretta, una fretta furibonda.<\/p>\n<p style=\"text-align: justify;\">\u00a0 Ecco, attento Pikolo, apri gli orecchi e la mente, ho bisogno che tu capisca:<\/p>\n<p style=\"text-align: justify;\"><strong>Considerate la vostra semenza:<\/strong><br \/>\n<strong>Fatti non foste a viver come bruti,<\/strong><br \/>\n<strong>Ma per seguir virtute e conoscenza.<\/strong><\/p>\n<p style=\"text-align: justify;\">\u00a0 Come se anch&#8217;io lo sentissi per la prima volta: come uno squillo di tromba, come la voce di Dio. Per un momento ho dimenticato chi sono e dove sono.<\/p>\n<p style=\"text-align: justify;\">\u00a0 Pikolo mi prega di ripetere. Come \u00e8 buono Pikolo, si \u00e8 accorto che mi sta facendo del bene. O forse \u00e8 qualcosa di pi\u00f9: forse, nonostante la traduzione scialba e il commento pedestre e frettoloso, ha ricevuto il messaggio, ha sentito che lo riguarda, che riguarda tutti gli uomini in travaglio, e noi in specie; e che riguarda noi due che osiamo ragionare di queste cose con la stanga della zuppa sulle spalle.<\/p>\n<p style=\"text-align: justify;\"><strong>Li miei compagni fec&#8217;io s\u00ed acuti&#8230;<\/strong><\/p>\n<p style=\"text-align: justify;\">&#8230; e mi sforzo, ma invano, di spiegare quante cose vuol dire questo \u00abacuti\u00bb. Qui ancora una lacuna, questa volta irreparabile. \u00ab&#8230; Lo lume era di sotto della luna\u00bb o qualcosa di simile; ma prima? Nessuna idea, \u00abkeine Ahnung\u00bb come si dice qui. Che Pikolo mi scusi, ho dimenticato almeno quattro terzine.<\/p>\n<p style=\"text-align: justify;\">\u00a0 \u2013 \u00c7a ne fait rien, va-y tout de m\u00eame.<\/p>\n<p style=\"text-align: justify;\"><strong>&#8230; Quando mi apparve una montagna, bruna<\/strong><br \/>\n<strong>Per la distanza, e parvemi alta tanto<\/strong><br \/>\n<strong>Che mai veduta non ne avevo alcuna.<\/strong><\/p>\n<p style=\"text-align: justify;\">S\u00ed, s\u00ed, \u00abalta tanto\u00bb, non \u00abmolto alta\u00bb, proposizione consecutiva. E le montagne, quando si vedono di lontano&#8230;le montagne&#8230;oh Pikolo, Pikolo, di\u2019 qualcosa, parla, non lasciarmi pensare alle mie montagne, che comparivano nel bruno della sera quando tornavo in treno da Milano a Torino!<br \/>\nBasta, bisogna proseguire, queste sono cose che si pensano ma non si dicono. Pikolo attende e mi guarda.<br \/>\nDarei la zuppa di oggi per saper saldare \u00abnon ne avevo alcuna\u00bb col finale. Mi sforzo di ricostruire per mezzo delle rime, chiudo gli occhi, mi mordo le dita: ma non serve, il resto \u00e8 silenzio. Mi danzano per il capo altri versi: \u00ab&#8230; la terra lagrimosa diede vento&#8230;\u00bb no, \u00e8 un&#8217;altra cosa. \u00c8 tardi, \u00e8 tardi, siamo arrivati alla cucina, bisogna concludere:<\/p>\n<p style=\"text-align: justify;\"><strong>Tre volte il fe\u2019 girar con tutte l&#8217;acque,<\/strong><br \/>\n<strong>Alla quarta levar la poppa in suso<\/strong><br \/>\n<strong>E la prora ire in gi\u00f9, come altrui piacque&#8230;<\/strong><\/p>\n<p style=\"text-align: justify;\">\u00a0 Trattengo Pikolo, \u00e8 assolutamente necessario e urgente che ascolti, che comprenda questo \u00abcome altrui piacque\u00bb, prima che sia troppo tardi, domani lui o io possiamo essere morti, o non vederci mai pi\u00f9, devo dirgli, spiegargli del Medioevo, del cos\u00ec umano e necessario e pure inaspettato anacronismo, e altro ancora, qualcosa di gigantesco che io stesso ho visto ora soltanto, nell&#8217;intuizione di un attimo, forse il perch\u00e9 del nostro destino, del nostro essere oggi qui.<\/p>\n<p>&nbsp;<\/p>\n<p style=\"text-align: justify;\">\u00a0 Siamo oramai nella fila per la zuppa, in mezzo alla folla sordida e sbrindellata dei porta-zuppa degli altri Kommandos. I nuovi giunti ci si accalcano alle spalle. \u2013 Kraut und R\u00fcben \u2013. Si annunzia ufficialmente che oggi la zuppa \u00e8 di cavoli e rape: \u2013 Choux et navets. \u2013 Kaposzta \u00e9s r\u00e9pak.<\/p>\n<p style=\"text-align: justify;\"><strong>Infin che \u2019l mar fu sopra noi rinchiuso.<\/strong><\/p>\n<p>[\/vc_column_text][vc_empty_space][\/vc_column][vc_column width=&#8221;1\/6&#8243;][\/vc_column][\/vc_row][vc_row][vc_column width=&#8221;1\/6&#8243;][\/vc_column][vc_column width=&#8221;2\/3&#8243;][\/vc_column][vc_column width=&#8221;1\/6&#8243;][\/vc_column][\/vc_row][vc_row][vc_column width=&#8221;1\/6&#8243;][\/vc_column][vc_column width=&#8221;2\/3&#8243;][\/vc_column][vc_column width=&#8221;1\/6&#8243;][\/vc_column][\/vc_row]<\/p>\n","protected":false},"excerpt":{"rendered":"<p>[vc_row][vc_column][vc_column_text el_class=&#8221;titolo-pagina&#8221;]&nbsp;[\/vc_column_text][vc_single_image image=&#8221;6127&#8243; img_size=&#8221;full&#8221;][vc_column_text][\/vc_column_text][\/vc_column][\/vc_row][vc_row css=&#8221;.vc_custom_1587839808432{padding-bottom: 0px !important;}&#8221;][vc_column width=&#8221;1\/6&#8243; css=&#8221;.vc_custom_1585920110662{background-color: #ffffff !important;}&#8221;][vc_column_text css=&#8221;.vc_custom_1585920076268{background-color: #ffffff !important;}&#8221;][\/vc_column_text][\/vc_column][vc_column width=&#8221;2\/3&#8243; css=&#8221;.vc_custom_1587839764720{padding-bottom: 0px !important;}&#8221;][\/vc_column][vc_column width=&#8221;1\/6&#8243;][\/vc_column][\/vc_row][vc_row][vc_column width=&#8221;1\/6&#8243;][vc_column_text] Presentazione Audiolettura [\/vc_column_text][\/vc_column][vc_column width=&#8221;2\/3&#8243;][vc_column_text css=&#8221;.vc_custom_1611635518947{padding-bottom: 10px !important;}&#8221;]Il Dante di Levi [\/vc_column_text][vc_column_text] [Jean] vorrebbe imparare l&#8217;italiano [&#8230;] non possiamo farlo? Possiamo. Anche subito, una cosa vale l&#8217;altra, l&#8217;importante \u00e8 di non perdere tempo, di non sprecare [&hellip;]<\/p>\n","protected":false},"author":11,"featured_media":0,"parent":0,"menu_order":0,"comment_status":"closed","ping_status":"closed","template":"","meta":{"footnotes":""},"_links":{"self":[{"href":"https:\/\/www.fondazionedonatcattin.it\/index.php?rest_route=\/wp\/v2\/pages\/6151"}],"collection":[{"href":"https:\/\/www.fondazionedonatcattin.it\/index.php?rest_route=\/wp\/v2\/pages"}],"about":[{"href":"https:\/\/www.fondazionedonatcattin.it\/index.php?rest_route=\/wp\/v2\/types\/page"}],"author":[{"embeddable":true,"href":"https:\/\/www.fondazionedonatcattin.it\/index.php?rest_route=\/wp\/v2\/users\/11"}],"replies":[{"embeddable":true,"href":"https:\/\/www.fondazionedonatcattin.it\/index.php?rest_route=%2Fwp%2Fv2%2Fcomments&post=6151"}],"version-history":[{"count":0,"href":"https:\/\/www.fondazionedonatcattin.it\/index.php?rest_route=\/wp\/v2\/pages\/6151\/revisions"}],"wp:attachment":[{"href":"https:\/\/www.fondazionedonatcattin.it\/index.php?rest_route=%2Fwp%2Fv2%2Fmedia&parent=6151"}],"curies":[{"name":"wp","href":"https:\/\/api.w.org\/{rel}","templated":true}]}}