{"id":5730,"date":"2020-09-22T18:50:29","date_gmt":"2020-09-22T16:50:29","guid":{"rendered":"http:\/\/www.fondazionedonatcattin.it\/?page_id=5730"},"modified":"2024-07-03T19:54:41","modified_gmt":"2024-07-03T17:54:41","slug":"attivita-20-2-3-2-2-2-3-2-3-2-4-2-3-2-2-3-2-5-2-2-3-5-2-2-3-3-2-3-2-2-2","status":"publish","type":"page","link":"https:\/\/www.fondazionedonatcattin.it\/?page_id=5730","title":{"rendered":"Adriana Zarri &#8211; 5 novembre 2020"},"content":{"rendered":"<p>[vc_row][vc_column][vc_single_image image=&#8221;5733&#8243; img_size=&#8221;full&#8221;][\/vc_column][\/vc_row][vc_row][vc_column width=&#8221;1\/6&#8243;][\/vc_column][vc_column width=&#8221;2\/3&#8243;][vc_column_text]<\/p>\n<h2><span style=\"color: #993300;\">Adriana Zarri.<br \/>\nTeologa, scrittrice, un\u2019eremita nel mondo<\/span><\/h2>\n<p><strong>gioved\u00ec 5 Novembre | 18.00<\/strong><\/p>\n<p style=\"text-align: justify;\">Adriana Zarri. Teologa, scrittrice, un\u2019eremita nel mondo \u00e8 il terzo appuntamento del progetto integrato 9cento Storie. Donne che cambiano il mondo, coordinato dal Centro studi Piero Gobetti<\/p>\n<p>[\/vc_column_text][vc_column_text]<iframe loading=\"lazy\" style=\"border: none; overflow: hidden;\" src=\"https:\/\/www.facebook.com\/plugins\/video.php?height=448&amp;href=https%3A%2F%2Fwww.facebook.com%2Filpolodel900%2Fvideos%2F2771523989841415%2F&amp;show_text=false&amp;width=800&amp;t=67\" width=\"800\" height=\"448\" frameborder=\"0\" scrolling=\"no\" allowfullscreen=\"allowfullscreen\"><\/iframe>[\/vc_column_text][vc_column_text]<\/p>\n<p style=\"text-align: justify;\">Teologa, pensatrice, visionaria la Zarri \u00e8 stata una vera mistica del nostro tempo, non facile da decifrare. La ricchezza della personalit\u00e0 e la estrema variet\u00e0 degli interessi coltivati confluivano in lei attorno a un asse fondamentale, che dava unit\u00e0 alla sua esistenza: la ricerca insonne di Dio in un rapporto stretto con la terra in tutte le sue componenti, dagli uomini agli animali al mondo vegetale. L\u2019appartenenza di genere si riflette decisamente anche sulla sua spiritualit\u00e0, che ha i <span id=\"desc_1_more\"> connotati di una spiritualit\u00e0 al femminile. Anche a questo proposito emerge tuttavia la sua originalit\u00e0: la sua adesione alle lotte femministe \u00e8 stata infatti sempre contrassegnata da un vero coinvolgimento e insieme dalla rivendicazione di una grande libert\u00e0 e indipendenza di giudizio.<br \/>\nPodcast a cura di Valeria Dinamo, Maurizio Petroni, Fondazione Carlo Donat-Cattin, Eleni Molos, Luca Rolandi, Gabriele Formigaro, Dario Lindi, con il supporto tecnico di GRP_Giornale Radio Piemonte. Il progetto &#8220;9cento Storie&#8221; \u00e8 coordinato dal Centro studi Piero Gobetti per il Polo del &#8216;900.<\/span>[\/vc_column_text][vc_column_text]<\/p>\n<p style=\"text-align: justify;\"><strong>Programma<\/strong><\/p>\n<p><em>Intervengono<\/em><br \/>\n<strong>Mariangela Maraviglia<\/strong>, storica<br \/>\n<strong>Emis Segatti<\/strong>, teologo<br \/>\n<strong>Stella Morra<\/strong>, teologa<\/p>\n<p><em>\u2028Introduce<\/em><br \/>\n<strong>Luca Rolandi,<\/strong> giornalista<\/p>\n<p><em>Letture di<\/em><br \/>\n<strong>Eleni Molos<\/strong><em><br \/>\n<\/em>[\/vc_column_text][vc_separator][vc_raw_html]JTNDYSUyMGNsYXNzJTNEJTIyc3ByZWFrZXItcGxheWVyJTIyJTIwaHJlZiUzRCUyMmh0dHBzJTNBJTJGJTJGd3d3LnNwcmVha2VyLmNvbSUyRnVzZXIlMkYxMjQ4MTA1NCUyRmUzLWFkcmlhbmEtemFycmktdGVvbG9nYS1zY3JpdHRyaWNlLXVuLWUlMjIlMjBkYXRhLXJlc291cmNlJTNEJTIyZXBpc29kZV9pZCUzRDQxNjQxOTM1JTIyJTIwZGF0YS10aGVtZSUzRCUyMmxpZ2h0JTIyJTIwZGF0YS1hdXRvcGxheSUzRCUyMmZhbHNlJTIyJTIwZGF0YS1wbGF5bGlzdCUzRCUyMmZhbHNlJTIyJTIwZGF0YS1jb3ZlciUzRCUyMmh0dHBzJTNBJTJGJTJGZDN3bzV3b2p2dXY3bC5jbG91ZGZyb250Lm5ldCUyRmltYWdlcy5zcHJlYWtlci5jb20lMkZvcmlnaW5hbCUyRjMyYWIzZTBiYjZjNTFjYTYxNmQxNTJkYjA5ZmU3Y2IyLmpwZyUyMiUyMGRhdGEtd2lkdGglM0QlMjIxMDAlMjUlMjIlMjBkYXRhLWhlaWdodCUzRCUyMjQwMHB4JTIyJTNFQXNjb2x0YSUyMCUyMkUzJTIwLSUyMEFkcmlhbmElMjBaYXJyaS4lMjBUZW9sb2dhJTJDJTIwc2NyaXR0cmljZSUyQyUyMHVuJUUyJTgwJTk5ZXJlbWl0YSUyMG5lbCUyMG1vbmRvJTIyJTIwc3UlMjBTcHJlYWtlci4lM0MlMkZhJTNFJTNDc2NyaXB0JTIwYXN5bmMlMjBzcmMlM0QlMjJodHRwcyUzQSUyRiUyRndpZGdldC5zcHJlYWtlci5jb20lMkZ3aWRnZXRzLmpzJTIyJTNFJTNDJTJGc2NyaXB0JTNF[\/vc_raw_html][vc_separator][vc_column_text]<span style=\"color: #993300;\"><strong>Morena Baldacci interviene su cosa vuol dire per una donna essere teologa oggi<\/strong><\/span>[\/vc_column_text][vc_video link=&#8221;https:\/\/youtu.be\/3JowESjmjdA&#8221;][\/vc_column][vc_column width=&#8221;1\/6&#8243;][\/vc_column][\/vc_row]<\/p>\n","protected":false},"excerpt":{"rendered":"<p>[vc_row][vc_column][vc_single_image image=&#8221;5733&#8243; img_size=&#8221;full&#8221;][\/vc_column][\/vc_row][vc_row][vc_column width=&#8221;1\/6&#8243;][\/vc_column][vc_column width=&#8221;2\/3&#8243;][vc_column_text] Adriana Zarri. Teologa, scrittrice, un\u2019eremita nel mondo gioved\u00ec 5 Novembre | 18.00 Adriana Zarri. Teologa, scrittrice, un\u2019eremita nel mondo \u00e8 il terzo appuntamento del progetto integrato 9cento Storie. Donne che cambiano il mondo, coordinato dal Centro studi Piero Gobetti [\/vc_column_text][vc_column_text][\/vc_column_text][vc_column_text] Teologa, pensatrice, visionaria la Zarri \u00e8 stata una vera mistica [&hellip;]<\/p>\n","protected":false},"author":11,"featured_media":4011,"parent":0,"menu_order":0,"comment_status":"closed","ping_status":"closed","template":"","meta":{"footnotes":""},"_links":{"self":[{"href":"https:\/\/www.fondazionedonatcattin.it\/index.php?rest_route=\/wp\/v2\/pages\/5730"}],"collection":[{"href":"https:\/\/www.fondazionedonatcattin.it\/index.php?rest_route=\/wp\/v2\/pages"}],"about":[{"href":"https:\/\/www.fondazionedonatcattin.it\/index.php?rest_route=\/wp\/v2\/types\/page"}],"author":[{"embeddable":true,"href":"https:\/\/www.fondazionedonatcattin.it\/index.php?rest_route=\/wp\/v2\/users\/11"}],"replies":[{"embeddable":true,"href":"https:\/\/www.fondazionedonatcattin.it\/index.php?rest_route=%2Fwp%2Fv2%2Fcomments&post=5730"}],"version-history":[{"count":0,"href":"https:\/\/www.fondazionedonatcattin.it\/index.php?rest_route=\/wp\/v2\/pages\/5730\/revisions"}],"wp:featuredmedia":[{"embeddable":true,"href":"https:\/\/www.fondazionedonatcattin.it\/index.php?rest_route=\/wp\/v2\/media\/4011"}],"wp:attachment":[{"href":"https:\/\/www.fondazionedonatcattin.it\/index.php?rest_route=%2Fwp%2Fv2%2Fmedia&parent=5730"}],"curies":[{"name":"wp","href":"https:\/\/api.w.org\/{rel}","templated":true}]}}