{"id":5692,"date":"2020-11-01T08:00:29","date_gmt":"2020-11-01T07:00:29","guid":{"rendered":"http:\/\/www.fondazionedonatcattin.it\/?page_id=5692"},"modified":"2021-10-25T13:48:10","modified_gmt":"2021-10-25T11:48:10","slug":"attivita-20-2-3-2-2-2-3-2-3-2-4-2-3-2-2-3-2-5-2-2-2-2-2-2-2-2","status":"publish","type":"page","link":"https:\/\/www.fondazionedonatcattin.it\/?page_id=5692","title":{"rendered":"Lavoro e partecipazione"},"content":{"rendered":"<p>[vc_row][vc_column][vc_column_text el_class=&#8221;titolo-pagina&#8221;]<\/p>\n<h2><span style=\"color: #ffffff;\">\u00a0<\/span><\/h2>\n<p>[\/vc_column_text][vc_single_image image=&#8221;5707&#8243; img_size=&#8221;full&#8221;][vc_empty_space][\/vc_column][\/vc_row][vc_row][vc_column width=&#8221;1\/6&#8243; css=&#8221;.vc_custom_1585920110662{background-color: #ffffff !important;}&#8221;][vc_single_image image=&#8221;5714&#8243; onclick=&#8221;custom_link&#8221; link=&#8221;http:\/\/www.fondazionedonatcattin.it\/?page_id=5703&#8243;][vc_column_text]<\/p>\n<h6><em><a href=\"http:\/\/www.fondazionedonatcattin.it\/?page_id=5703\">Quadro Riassuntivo<br \/>\ndel ruolo<br \/>\ndelle partecipazioni<br \/>\nstatali in Italia<\/a><\/em><\/h6>\n<p>[\/vc_column_text][\/vc_column][vc_column width=&#8221;2\/3&#8243;][vc_column_text]<\/p>\n<h1 style=\"text-align: justify;\"><span style=\"color: #993300;\">Lavoro e partecipazione<\/span><\/h1>\n<p style=\"text-align: justify;\">Nell\u2019ambito del progetto integrato \u201cLavoro e partecipazione\u201d, finalizzato a studiare le forme che ha assunto la partecipazione dei lavoratori alla gestione delle imprese in Italia nella seconda met\u00e0 del novecento, la Fondazione Donat-Cattin si \u00e8 occupata in particolare delle imprese a partecipazione statale. Il progetto integrato ha visto la partecipazione di numerosi istituti culturali del Polo del \u2019900 (oltre alla Fondazione Donat-Cattin, le Fondazioni Nocentini, Gramsci e Salvemini, con il coordinamento dell\u2019ISMEL) ed ha consentito di gettare uno sguardo sulle trasformazioni che hanno caratterizzato cinquant\u2019anni di storia industriale italiana.<\/p>\n<p style=\"text-align: justify;\">La struttura del progetto prevedeva, per le Partecipazioni Statali, la stesura di un quadro di riferimento generale del comparto industriale ed una sintesi dell\u2019esperienza, che \u00e8 stata affidata al prof. Lorenzo Caselli. Prevedeva inoltre la realizzazione di una serie di interviste finalizzate ad approfondire il tema della partecipazione dei lavoratori nell\u2019ambito delle imprese e del significato assunto dall\u2019esperienza italiana della Partecipazioni Statali.<\/p>\n<p>[\/vc_column_text][vc_column_text]<span style=\"color: #993300;\"><strong>L&#8217;approfondimento dell&#8217;esperto<\/strong><\/span><\/p>\n<p style=\"text-align: justify;\"><em>Il prof. Lorenzo Caselli, Docente di Economia e Gestione delle Imprese e di Etica Economica all\u2019Universit\u00e0 di Genova ove \u00e8 stato Preside della Facolt\u00e0 di Economia dal 1990 al 2002, introduce il tema del ruolo pubblico dell&#8217;economia e la vicenda delle Partecipazioni Statali. Si inoltra nella riflessione sull&#8217;impresa pubbliche e l&#8217;organizzazione del lavoro, le relazioni industriali e quelle sindacali e i rapporti tra etica, economia e scienza.<\/em><\/p>\n<p>[\/vc_column_text][vc_video link=&#8221;https:\/\/vimeo.com\/474688054\/2068d35f6e&#8221; el_aspect=&#8221;43&#8243;][\/vc_column][vc_column width=&#8221;1\/6&#8243;][vc_column_text]<\/p>\n<h6><em><a href=\"http:\/\/www.fondazionedonatcattin.it\/?page_id=5819\" target=\"_blank\" rel=\"noopener noreferrer\">Bibliografia<br \/>\nessenziale<\/a><\/em><\/h6>\n<p>[\/vc_column_text][\/vc_column][\/vc_row][vc_row][vc_column width=&#8221;1\/6&#8243;][\/vc_column][vc_column width=&#8221;2\/3&#8243;][vc_column_text]<\/p>\n<h1 style=\"text-align: justify;\"><span style=\"color: #993300;\">Le interviste<\/span><\/h1>\n<p>[\/vc_column_text][\/vc_column][vc_column width=&#8221;1\/6&#8243;][\/vc_column][\/vc_row][vc_row][vc_column width=&#8221;1\/6&#8243;][\/vc_column][vc_column width=&#8221;2\/6&#8243;][vc_single_image image=&#8221;5786&#8243; img_size=&#8221;full&#8221; onclick=&#8221;custom_link&#8221; img_link_target=&#8221;_blank&#8221; link=&#8221;http:\/\/www.fondazionedonatcattin.it\/?page_id=5763&#8243;][vc_column_text]<a href=\"http:\/\/www.fondazionedonatcattin.it\/?page_id=5763\" target=\"_blank\" rel=\"noopener noreferrer\"><strong>Gian Maria Gros Pietro<br \/>\n<\/strong><span style=\"color: #000000;\">Presidente Intesa San Paolo<\/span><\/a><\/p>\n<p>2 marzo 2020[\/vc_column_text][\/vc_column][vc_column width=&#8221;2\/6&#8243;][vc_single_image image=&#8221;5788&#8243; img_size=&#8221;full&#8221; onclick=&#8221;custom_link&#8221; img_link_target=&#8221;_blank&#8221; link=&#8221;http:\/\/www.fondazionedonatcattin.it\/?page_id=5777&#8243;][vc_column_text]<a href=\"http:\/\/www.fondazionedonatcattin.it\/?page_id=5777\" target=\"_blank\" rel=\"noopener noreferrer\"><strong>Enrico Filippi<br \/>\n<\/strong><span style=\"color: #000000;\">Economista<\/span><\/a><\/p>\n<p>26 febbraio 2020[\/vc_column_text][\/vc_column][vc_column width=&#8221;1\/6&#8243;][\/vc_column][\/vc_row][vc_row][vc_column width=&#8221;1\/6&#8243;][\/vc_column][vc_column width=&#8221;2\/6&#8243;][vc_single_image image=&#8221;5790&#8243; img_size=&#8221;full&#8221; onclick=&#8221;custom_link&#8221; img_link_target=&#8221;_blank&#8221; link=&#8221;http:\/\/www.fondazionedonatcattin.it\/?page_id=5811&#8243;][vc_column_text]<a href=\"http:\/\/www.fondazionedonatcattin.it\/?page_id=5811\" target=\"_blank\" rel=\"noopener noreferrer\"><strong>Romolo Pietrobelli<br \/>\n<\/strong><span style=\"color: #000000;\">Ex dirigente IRI<\/span><\/a><\/p>\n<p>8 febbraio 2020[\/vc_column_text][\/vc_column][vc_column width=&#8221;2\/6&#8243;][vc_single_image image=&#8221;5792&#8243; img_size=&#8221;full&#8221; onclick=&#8221;custom_link&#8221; img_link_target=&#8221;_blank&#8221; link=&#8221;http:\/\/www.fondazionedonatcattin.it\/?page_id=5781&#8243;][vc_column_text]<a href=\"http:\/\/www.fondazionedonatcattin.it\/?page_id=5781\" target=\"_blank\" rel=\"noopener noreferrer\"><strong>Giovanni Zanetti<br \/>\n<\/strong><span style=\"color: #000000;\">Economista<\/span><\/a><\/p>\n<p>26 febbraio 2020[\/vc_column_text][\/vc_column][vc_column width=&#8221;1\/6&#8243;][\/vc_column][\/vc_row][vc_row][vc_column width=&#8221;1\/6&#8243;][\/vc_column][vc_column width=&#8221;2\/6&#8243;][vc_single_image image=&#8221;5830&#8243; img_size=&#8221;full&#8221; onclick=&#8221;custom_link&#8221; img_link_target=&#8221;_blank&#8221; link=&#8221;http:\/\/www.fondazionedonatcattin.it\/?page_id=5833&#8243;][vc_column_text]<a href=\"http:\/\/www.fondazionedonatcattin.it\/?page_id=5833\" target=\"_blank\" rel=\"noopener noreferrer\"><strong>Pippo Ranci<br \/>\n<\/strong><span style=\"color: #000000;\">Economista ex presidente autorit\u00e0 energia<\/span><\/a><\/p>\n<p>14 febbraio 2020[\/vc_column_text][\/vc_column][vc_column width=&#8221;2\/6&#8243;][\/vc_column][vc_column width=&#8221;1\/6&#8243;][\/vc_column][\/vc_row]<\/p>\n","protected":false},"excerpt":{"rendered":"<p>[vc_row][vc_column][vc_column_text el_class=&#8221;titolo-pagina&#8221;] \u00a0 [\/vc_column_text][vc_single_image image=&#8221;5707&#8243; img_size=&#8221;full&#8221;][vc_empty_space][\/vc_column][\/vc_row][vc_row][vc_column width=&#8221;1\/6&#8243; css=&#8221;.vc_custom_1585920110662{background-color: #ffffff !important;}&#8221;][vc_single_image image=&#8221;5714&#8243; onclick=&#8221;custom_link&#8221; link=&#8221;http:\/\/www.fondazionedonatcattin.it\/?page_id=5703&#8243;][vc_column_text] Quadro Riassuntivo del ruolo delle partecipazioni statali in Italia [\/vc_column_text][\/vc_column][vc_column width=&#8221;2\/3&#8243;][vc_column_text] Lavoro e partecipazione Nell\u2019ambito del progetto integrato \u201cLavoro e partecipazione\u201d, finalizzato a studiare le forme che ha assunto la partecipazione dei lavoratori alla gestione delle imprese in Italia nella seconda met\u00e0 [&hellip;]<\/p>\n","protected":false},"author":11,"featured_media":0,"parent":0,"menu_order":0,"comment_status":"closed","ping_status":"closed","template":"","meta":{"om_disable_all_campaigns":false,"_monsterinsights_skip_tracking":false,"_monsterinsights_sitenote_active":false,"_monsterinsights_sitenote_note":"","_monsterinsights_sitenote_category":0,"footnotes":""},"aioseo_notices":[],"_links":{"self":[{"href":"https:\/\/www.fondazionedonatcattin.it\/index.php?rest_route=\/wp\/v2\/pages\/5692"}],"collection":[{"href":"https:\/\/www.fondazionedonatcattin.it\/index.php?rest_route=\/wp\/v2\/pages"}],"about":[{"href":"https:\/\/www.fondazionedonatcattin.it\/index.php?rest_route=\/wp\/v2\/types\/page"}],"author":[{"embeddable":true,"href":"https:\/\/www.fondazionedonatcattin.it\/index.php?rest_route=\/wp\/v2\/users\/11"}],"replies":[{"embeddable":true,"href":"https:\/\/www.fondazionedonatcattin.it\/index.php?rest_route=%2Fwp%2Fv2%2Fcomments&post=5692"}],"version-history":[{"count":0,"href":"https:\/\/www.fondazionedonatcattin.it\/index.php?rest_route=\/wp\/v2\/pages\/5692\/revisions"}],"wp:attachment":[{"href":"https:\/\/www.fondazionedonatcattin.it\/index.php?rest_route=%2Fwp%2Fv2%2Fmedia&parent=5692"}],"curies":[{"name":"wp","href":"https:\/\/api.w.org\/{rel}","templated":true}]}}