{"id":5153,"date":"2020-07-11T12:00:29","date_gmt":"2020-07-11T10:00:29","guid":{"rendered":"http:\/\/www.fondazionedonatcattin.it\/?page_id=5153"},"modified":"2023-07-03T12:54:31","modified_gmt":"2023-07-03T10:54:31","slug":"attivita-20-2-3-2-2-2-3-2-3-2-4-2-3-2-2-3-2-5-2-2-3-5-2-2-3-3-2-2-3-2-2-2-2-2-2-2","status":"publish","type":"page","link":"https:\/\/www.fondazionedonatcattin.it\/?page_id=5153","title":{"rendered":"Statuto dei Lavoratori &#8211; Intervista a Elio Giovannini"},"content":{"rendered":"<p>[vc_row][vc_column][vc_single_image image=&#8221;5025&#8243; img_size=&#8221;full&#8221;][\/vc_column][\/vc_row][vc_row][vc_column width=&#8221;1\/6&#8243;][vc_single_image image=&#8221;5122&#8243; img_size=&#8221;full&#8221; onclick=&#8221;custom_link&#8221; link=&#8221;http:\/\/www.fondazionedonatcattin.it\/?page_id=5063&#8243;][vc_column_text]<a href=\"http:\/\/www.fondazionedonatcattin.it\/?page_id=5063\"><strong>Lo Statuto dei Lavoratori<\/strong><\/a><br \/>\n<a href=\"http:\/\/www.fondazionedonatcattin.it\/?page_id=5063\"><span style=\"color: #000000;\">19 interviste di Alessandro Parola<\/span><\/a>[\/vc_column_text][\/vc_column][vc_column width=&#8221;2\/3&#8243;][vc_column_text css=&#8221;.vc_custom_1594464625960{background-color: #eaebed !important;}&#8221;]<\/p>\n<p style=\"padding-left: 10px;\"><strong><span style=\"color: #000000;\">Intervista a Elio Giovannini<br \/>\n<\/span><\/strong>Roma 11 giugno 2015[\/vc_column_text][vc_column_text]<\/p>\n<p style=\"text-align: justify;\">Elio Giovannini faceva parte della segreteria della Fiom nel periodo della stesura e promulgazione dello Statuto dei lavoratori. Giovannini vede nello statuto il frutto naturale e maturo delle lotte degli operai, omogeneo a quanto avveniva nelle fabbriche italiane e nel movimento politico italiano. Lo Statuto \u00e8 sia il consolidamento istituzionale di conquiste gi\u00e0 fatte con la lotta che motore di un cambiamento concreto, di un ampliamento dei diritti dei lavoratori che cambi\u00f2 la vita di molti lavoratori. Ricorda poi la classe politica che credeva nel cambiamento e voleva esserne il motore. Conclude ricordando che pensavano che l&#8217;azione sindacale e le sue conquiste sarebbero state il motore di cambiamento generale che non avvenne e riconosce che erano esageratamente ottimisti.<\/p>\n<p>[\/vc_column_text]<div id=\"ts-vcsc-vimeo-7601345\" class=\"ts-video-container \" ><iframe class=\"ts-video-iframe\" src=\"https:\/\/player.vimeo.com\/video\/438574244?autoplay=0\" width=\"100%\" height=\"auto\" frameborder=\"0\" webkitallowfullscreen mozallowfullscreen allowfullscreen><\/iframe><\/div>[\/vc_column][vc_column width=&#8221;1\/6&#8243;][\/vc_column][\/vc_row]<\/p>\n","protected":false},"excerpt":{"rendered":"<p>[vc_row][vc_column][vc_single_image image=&#8221;5025&#8243; img_size=&#8221;full&#8221;][\/vc_column][\/vc_row][vc_row][vc_column width=&#8221;1\/6&#8243;][vc_single_image image=&#8221;5122&#8243; img_size=&#8221;full&#8221; onclick=&#8221;custom_link&#8221; link=&#8221;http:\/\/www.fondazionedonatcattin.it\/?page_id=5063&#8243;][vc_column_text]Lo Statuto dei Lavoratori 19 interviste di Alessandro Parola[\/vc_column_text][\/vc_column][vc_column width=&#8221;2\/3&#8243;][vc_column_text css=&#8221;.vc_custom_1594464625960{background-color: #eaebed !important;}&#8221;] Intervista a Elio Giovannini Roma 11 giugno 2015[\/vc_column_text][vc_column_text] Elio Giovannini faceva parte della segreteria della Fiom nel periodo della stesura e promulgazione dello Statuto dei lavoratori. Giovannini vede nello statuto il frutto naturale e maturo [&hellip;]<\/p>\n","protected":false},"author":11,"featured_media":0,"parent":5063,"menu_order":0,"comment_status":"closed","ping_status":"closed","template":"","meta":{"om_disable_all_campaigns":false,"_monsterinsights_skip_tracking":false,"_monsterinsights_sitenote_active":false,"_monsterinsights_sitenote_note":"","_monsterinsights_sitenote_category":0,"footnotes":""},"aioseo_notices":[],"_links":{"self":[{"href":"https:\/\/www.fondazionedonatcattin.it\/index.php?rest_route=\/wp\/v2\/pages\/5153"}],"collection":[{"href":"https:\/\/www.fondazionedonatcattin.it\/index.php?rest_route=\/wp\/v2\/pages"}],"about":[{"href":"https:\/\/www.fondazionedonatcattin.it\/index.php?rest_route=\/wp\/v2\/types\/page"}],"author":[{"embeddable":true,"href":"https:\/\/www.fondazionedonatcattin.it\/index.php?rest_route=\/wp\/v2\/users\/11"}],"replies":[{"embeddable":true,"href":"https:\/\/www.fondazionedonatcattin.it\/index.php?rest_route=%2Fwp%2Fv2%2Fcomments&post=5153"}],"version-history":[{"count":0,"href":"https:\/\/www.fondazionedonatcattin.it\/index.php?rest_route=\/wp\/v2\/pages\/5153\/revisions"}],"up":[{"embeddable":true,"href":"https:\/\/www.fondazionedonatcattin.it\/index.php?rest_route=\/wp\/v2\/pages\/5063"}],"wp:attachment":[{"href":"https:\/\/www.fondazionedonatcattin.it\/index.php?rest_route=%2Fwp%2Fv2%2Fmedia&parent=5153"}],"curies":[{"name":"wp","href":"https:\/\/api.w.org\/{rel}","templated":true}]}}