{"id":500,"date":"2018-03-13T12:23:57","date_gmt":"2018-03-13T11:23:57","guid":{"rendered":"http:\/\/www.fondazionedonatcattin.it\/?page_id=500"},"modified":"2020-05-24T17:40:15","modified_gmt":"2020-05-24T15:40:15","slug":"statuto-dei-lavoratori","status":"publish","type":"page","link":"https:\/\/www.fondazionedonatcattin.it\/?page_id=500","title":{"rendered":"Il progetto"},"content":{"rendered":"<p>[vc_row][vc_column][vc_column_text el_class=&#8221;titolo-pagina&#8221;]<\/p>\n<h2><span style=\"color: #ffffff;\">Il progetto<\/span><\/h2>\n<p>[\/vc_column_text][vc_single_image image=&#8221;1702&#8243; img_size=&#8221;full&#8221;][\/vc_column][\/vc_row][vc_row][vc_column width=&#8221;1\/6&#8243; css=&#8221;.vc_custom_1522256711573{background-color: #f4f4f4 !important;}&#8221;][vc_column_text]Il progetto<\/p>\n<p><a href=\"http:\/\/www.fondazionedonatcattin.it\/?page_id=503\">Carlo Donat-Cattin, il ministro \u201cdei lavoratori\u201d<\/a><\/p>\n<p><a href=\"http:\/\/www.fondazionedonatcattin.it\/?page_id=505\">I documenti online<\/a><\/p>\n<p><a href=\"http:\/\/www.fondazionedonatcattin.it\/?page_id=513\">La stampa dell&#8217;epoca<\/a>[\/vc_column_text][\/vc_column][vc_column width=&#8221;2\/3&#8243;][vc_column_text]<\/p>\n<h2>Il progetto<\/h2>\n<p>[\/vc_column_text][\/vc_column][vc_column width=&#8221;1\/6&#8243;][\/vc_column][\/vc_row][vc_row][vc_column width=&#8221;1\/6&#8243;][\/vc_column][vc_column width=&#8221;2\/3&#8243; css=&#8221;.vc_custom_1522791115067{margin-top: -150px !important;}&#8221;][vc_column_text]<\/p>\n<p style=\"text-align: justify;\">La Fondazione Carlo Donat-Cattin ha completato da tempo un progetto di ricerca, raccolta ed elaborazione delle fonti, della normativa e degli studi relativi alla storia dei diritti del lavoro e dei lavoratori.<br \/>\nIl progetto partiva dallo studio della genesi dello Statuto dei lavoratori, la Legge 300 del 1970 \u201cNorme sulla tutela della libert\u00e0 e dignit\u00e0 dei lavoratori, della libert\u00e0 sindacale e dell\u2019attivit\u00e0 sindacale, nei luoghi di lavoro e norme sul collocamento\u201d (proposta dal ministro del lavoro, il socialista Giacomo Brodolini e varata dal Parlamento quando il dicastero era guidato da Carlo Donat-Cattin), per indagare poi sulla sua applicazione da parte del mondo imprenditoriale e del lavoro, sulle sentenze della magistratura e le modificazioni normative.<br \/>\nIl pi\u00f9 significativo risultato di questa ricerca \u00e8 stato la pubblicazione del libro di Alessandro Parola, <a href=\"http:\/\/www.fondazionedonatcattin.it\/wp-content\/uploads\/2018\/05\/copertina-statuto.pdf\"><em>Quando l&#8217;operaio diventa cittadino. Statuto dei diritti dei lavoratori: una storia di diritti<\/em><\/a>, uscito per i tipi delle Edizioni del Lavoro nel 2016. In appendice al volume sono stati pubblicati documenti inediti provenienti dal Fondo del Ministero del Lavoro dell&#8217;Archivio Centrale dello Stato e dall&#8217;Archivio Carlo Donat-Cattin della Fondazione che porta il suo nome.<br \/>\nIl progetto, molto ambizioso, prevedeva la costruzione di un portale tematico interamente dedicato alla vicenda di questa legge. I fondi per realizzarlo non sono arrivati e cos\u00ec il progetto si \u00e8 fermato. Nel corso del 2020 \u2013 l&#8217;anno in cui ricorre il cinquantenario dello Statuto dei lavoratori che, grazie alla tenacia di Carlo Donat-Cattin, ministro del Lavoro, fu approvato ed entr\u00f2 in vigore il 20 maggio del 1970 \u2013 molti materiali di studio e di lavoro prodotti e conservati dalla Fondazione verranno via via proposti e valorizzati.<\/p>\n<p>[\/vc_column_text][\/vc_column][vc_column width=&#8221;1\/6&#8243;][\/vc_column][\/vc_row]<\/p>\n","protected":false},"excerpt":{"rendered":"<p>[vc_row][vc_column][vc_column_text el_class=&#8221;titolo-pagina&#8221;] Il progetto [\/vc_column_text][vc_single_image image=&#8221;1702&#8243; img_size=&#8221;full&#8221;][\/vc_column][\/vc_row][vc_row][vc_column width=&#8221;1\/6&#8243; css=&#8221;.vc_custom_1522256711573{background-color: #f4f4f4 !important;}&#8221;][vc_column_text]Il progetto Carlo Donat-Cattin, il ministro \u201cdei lavoratori\u201d I documenti online La stampa dell&#8217;epoca[\/vc_column_text][\/vc_column][vc_column width=&#8221;2\/3&#8243;][vc_column_text] Il progetto [\/vc_column_text][\/vc_column][vc_column width=&#8221;1\/6&#8243;][\/vc_column][\/vc_row][vc_row][vc_column width=&#8221;1\/6&#8243;][\/vc_column][vc_column width=&#8221;2\/3&#8243; css=&#8221;.vc_custom_1522791115067{margin-top: -150px !important;}&#8221;][vc_column_text] La Fondazione Carlo Donat-Cattin ha completato da tempo un progetto di ricerca, raccolta ed elaborazione delle fonti, della normativa e degli [&hellip;]<\/p>\n","protected":false},"author":1,"featured_media":0,"parent":21,"menu_order":0,"comment_status":"closed","ping_status":"closed","template":"","meta":{"footnotes":""},"_links":{"self":[{"href":"https:\/\/www.fondazionedonatcattin.it\/index.php?rest_route=\/wp\/v2\/pages\/500"}],"collection":[{"href":"https:\/\/www.fondazionedonatcattin.it\/index.php?rest_route=\/wp\/v2\/pages"}],"about":[{"href":"https:\/\/www.fondazionedonatcattin.it\/index.php?rest_route=\/wp\/v2\/types\/page"}],"author":[{"embeddable":true,"href":"https:\/\/www.fondazionedonatcattin.it\/index.php?rest_route=\/wp\/v2\/users\/1"}],"replies":[{"embeddable":true,"href":"https:\/\/www.fondazionedonatcattin.it\/index.php?rest_route=%2Fwp%2Fv2%2Fcomments&post=500"}],"version-history":[{"count":0,"href":"https:\/\/www.fondazionedonatcattin.it\/index.php?rest_route=\/wp\/v2\/pages\/500\/revisions"}],"up":[{"embeddable":true,"href":"https:\/\/www.fondazionedonatcattin.it\/index.php?rest_route=\/wp\/v2\/pages\/21"}],"wp:attachment":[{"href":"https:\/\/www.fondazionedonatcattin.it\/index.php?rest_route=%2Fwp%2Fv2%2Fmedia&parent=500"}],"curies":[{"name":"wp","href":"https:\/\/api.w.org\/{rel}","templated":true}]}}