{"id":4577,"date":"2018-03-13T12:23:29","date_gmt":"2018-03-13T11:23:29","guid":{"rendered":"http:\/\/www.fondazionedonatcattin.it\/?page_id=4577"},"modified":"2024-07-03T20:08:49","modified_gmt":"2024-07-03T18:08:49","slug":"attivita-20-2-3-2-2-2-3-2-3-2-4-2-3-2-2-3-2-5-2-2-3-7-2","status":"publish","type":"page","link":"https:\/\/www.fondazionedonatcattin.it\/?page_id=4577","title":{"rendered":"Buon compleanno alla Cisl che compie 70 anni &#8211; I Maggio 2020"},"content":{"rendered":"<p>[vc_row][vc_column][vc_column_text el_class=&#8221;titolo-pagina&#8221;]<\/p>\n<h2><\/h2>\n<p>[\/vc_column_text][vc_single_image image=&#8221;4601&#8243; img_size=&#8221;full&#8221;][vc_column_text]Intervento di Carlo Donat-Cattin al comizio della CISL in piazza San Carlo a Torino il 1 maggio 1955[\/vc_column_text][\/vc_column][\/vc_row][vc_row][vc_column width=&#8221;1\/4&#8243;][vc_single_image image=&#8221;295&#8243;][vc_column_text]<a href=\"http:\/\/www.puntodivista.info\/old\/index.php\/Oggi-la-storia\/Carlo-Donat-Cattin-il-sindacalista-politico.html\" target=\"_blank\" rel=\"noopener noreferrer\"><span style=\"color: #993300;\"><strong>Carlo Donat-Cattin,<br \/>\nil sindacalista politico<\/strong><\/span><\/a><\/p>\n<p>Articolo di Alessandro Parola<br \/>\nsu <strong>Puntodivista<\/strong><br \/>\nin occasione dei 60 anni<br \/>\ndella CISL[\/vc_column_text][\/vc_column][vc_column width=&#8221;1\/2&#8243;][vc_column_text css=&#8221;.vc_custom_1588265728667{background-color: #eaebed !important;}&#8221;]<\/p>\n<p style=\"padding-left: 10px;\"><span style=\"color: #000000;\"><strong>Buon compleanno alla Cisl che oggi compie 70 anni<\/strong><\/span><\/p>\n<p>[\/vc_column_text][vc_row_inner][vc_column_inner][vc_column_text]<\/p>\n<p style=\"text-align: justify;\"><strong><span style=\"color: #993300;\">In questo primo maggio cos\u00ec diverso da tutti quelli che abbiamo conosciuto vogliamo anche noi ricordare i 70 anni della CISL.<\/span> <span style=\"color: #993300;\">Un traguardo importante di un sindacato riformista e di popolo che continua a segnare con i suoi valori e le sue scelte libere ed autonome le trasformazioni del nostro paese nel solco del fondatore Giulio Pastore.<\/span><\/strong><\/p>\n<p style=\"text-align: justify;\">Parlare della storia della Cisl \u00e8 raccontare una parte importante della storia del sindacato in Italia, quel sindacato sorto nell\u2019Italia repubblicana, libera e democratica, nata all\u2019indomani del secondo conflitto mondiale.<\/p>\n<p style=\"text-align: justify;\">La Cisl non dispone di un catechismo n\u00e9 di un manuale. La sua idea su se stessa, del resto, non \u00e8 stata sempre identica e pacificamente condivisa. \u00c8 utile perci\u00f2 richiamare il nucleo fondamentale, l\u2019idea essenziale che la Cisl ha proposto fin dalla sua nascita: il sindacato ricava la propria effettiva legittimit\u00e0 storica soltanto dallo stretto legame con i lavoratori, unendoli in un assetto associativo, volontaristicamente accolto e autonomo, ossia, prima di tutto, libero da qualsiasi controllo esterno, politico e organizzativo.<\/p>\n<div id=\"attachment_4591\" style=\"width: 610px\" class=\"wp-caption aligncenter\"><img aria-describedby=\"caption-attachment-4591\" decoding=\"async\" loading=\"lazy\" class=\"wp-image-4591\" src=\"http:\/\/www.fondazionedonatcattin.it\/wp-content\/uploads\/2020\/04\/sindacato_libero_.jpg\" alt=\"\" width=\"600\" height=\"561\" \/><p id=\"caption-attachment-4591\" class=\"wp-caption-text\">Carlo Donat-Cattin a Biella in occasione della festa del I Maggio del 1957<\/p><\/div>\n<p style=\"text-align: justify;\"><span style=\"color: #993300;\"><strong>Torino: Carlo Donat-Cattin fu il primo segretario provinciale dal 1950 al 1956<\/strong><\/span><\/p>\n<p style=\"text-align: justify;\">Donat-Cattin ha svolto un ruolo di primo piano nella costruzione del &#8220;sindacato nuovo&#8221;. Insieme ad altre personalit\u00e0 del calibro di <a href=\"http:\/\/it.wikipedia.org\/wiki\/Giulio_Pastore\" target=\"_blank\" rel=\"noopener noreferrer\">Giulio Pastore<\/a>, elabor\u00f2 un\u2019idea di sindacato che ispirandosi alla dottrina sociale cristiana affermasse l\u2019autonomia e la difesa degli interessi di tutti i lavoratori; per loro non ci poteva essere una visione egemonica sul popolo lavoratore e un solo punto di vista sindacale, specie di fronte ai potentati economici.<br \/>\nUn sindacato libero e moderno, fuori dai condizionamenti degli schemi ideologici, era quello che a suo giudizio serviva al Paese. Quando diventer\u00e0 Ministro del Lavoro, nel 1969, e porter\u00e0 a termine il cammino dello Statuto dei Lavoratori, dar\u00e0 prova della sua capacit\u00e0 riformista, frutto della scuola sindacale e della sinistra cristiana che gli avevano insegnato a unire il coraggio dei propri ideali con il pragmatismo necessario ad una vera politica del fare.[\/vc_column_text][\/vc_column_inner][\/vc_row_inner][vc_single_image source=&#8221;external_link&#8221; external_img_size=&#8221;600&#215;800&#8243; alignment=&#8221;center&#8221; custom_src=&#8221;http:\/\/polo900.promemoriagroup.com\/backend\/media\/polodel900\/images\/3\/3\/3\/94022_ca_object_representations_media_33379_mediumlarge.jpg&#8221;][\/vc_column][vc_column width=&#8221;1\/4&#8243;][\/vc_column][\/vc_row]<\/p>\n","protected":false},"excerpt":{"rendered":"<p>[vc_row][vc_column][vc_column_text el_class=&#8221;titolo-pagina&#8221;] [\/vc_column_text][vc_single_image image=&#8221;4601&#8243; img_size=&#8221;full&#8221;][vc_column_text]Intervento di Carlo Donat-Cattin al comizio della CISL in piazza San Carlo a Torino il 1 maggio 1955[\/vc_column_text][\/vc_column][\/vc_row][vc_row][vc_column width=&#8221;1\/4&#8243;][vc_single_image image=&#8221;295&#8243;][vc_column_text]Carlo Donat-Cattin, il sindacalista politico Articolo di Alessandro Parola su Puntodivista in occasione dei 60 anni della CISL[\/vc_column_text][\/vc_column][vc_column width=&#8221;1\/2&#8243;][vc_column_text css=&#8221;.vc_custom_1588265728667{background-color: #eaebed !important;}&#8221;] Buon compleanno alla Cisl che oggi compie 70 anni [\/vc_column_text][vc_row_inner][vc_column_inner][vc_column_text] [&hellip;]<\/p>\n","protected":false},"author":11,"featured_media":4011,"parent":0,"menu_order":0,"comment_status":"closed","ping_status":"closed","template":"","meta":{"om_disable_all_campaigns":false,"_monsterinsights_skip_tracking":false,"_monsterinsights_sitenote_active":false,"_monsterinsights_sitenote_note":"","_monsterinsights_sitenote_category":0,"footnotes":""},"aioseo_notices":[],"_links":{"self":[{"href":"https:\/\/www.fondazionedonatcattin.it\/index.php?rest_route=\/wp\/v2\/pages\/4577"}],"collection":[{"href":"https:\/\/www.fondazionedonatcattin.it\/index.php?rest_route=\/wp\/v2\/pages"}],"about":[{"href":"https:\/\/www.fondazionedonatcattin.it\/index.php?rest_route=\/wp\/v2\/types\/page"}],"author":[{"embeddable":true,"href":"https:\/\/www.fondazionedonatcattin.it\/index.php?rest_route=\/wp\/v2\/users\/11"}],"replies":[{"embeddable":true,"href":"https:\/\/www.fondazionedonatcattin.it\/index.php?rest_route=%2Fwp%2Fv2%2Fcomments&post=4577"}],"version-history":[{"count":0,"href":"https:\/\/www.fondazionedonatcattin.it\/index.php?rest_route=\/wp\/v2\/pages\/4577\/revisions"}],"wp:featuredmedia":[{"embeddable":true,"href":"https:\/\/www.fondazionedonatcattin.it\/index.php?rest_route=\/wp\/v2\/media\/4011"}],"wp:attachment":[{"href":"https:\/\/www.fondazionedonatcattin.it\/index.php?rest_route=%2Fwp%2Fv2%2Fmedia&parent=4577"}],"curies":[{"name":"wp","href":"https:\/\/api.w.org\/{rel}","templated":true}]}}