{"id":4325,"date":"2018-03-13T12:23:29","date_gmt":"2018-03-13T11:23:29","guid":{"rendered":"http:\/\/www.fondazionedonatcattin.it\/?page_id=4325"},"modified":"2020-06-01T16:00:29","modified_gmt":"2020-06-01T14:00:29","slug":"attivita-19-2-2-3-2","status":"publish","type":"page","link":"https:\/\/www.fondazionedonatcattin.it\/?page_id=4325","title":{"rendered":"Statuto dei lavoratori &#8211; Materiali per un convegno &#8211; Alessandro Parola"},"content":{"rendered":"<p>[vc_row][vc_column][vc_column_text el_class=&#8221;titolo-pagina-long&#8221;]<\/p>\n<h2><span style=\"color: #ffffff;\">Materiali<\/span><br \/>\n<span style=\"color: #ffffff;\">per un convegno<\/span><\/h2>\n<p>[\/vc_column_text][vc_single_image image=&#8221;2864&#8243; img_size=&#8221;full&#8221;][\/vc_column][\/vc_row][vc_row][vc_column width=&#8221;1\/6&#8243;][vc_column_text]<\/p>\n<h6><a href=\"http:\/\/www.fondazionedonatcattin.it\/?page_id=4306\"><strong>A 50 anni<br \/>\ndallo Statuto<\/strong><\/a><\/p>\n<p>Materiali<br \/>\nper un convegno:<br \/>\npiano di lavoro<\/h6>\n<p>[\/vc_column_text][vc_single_image image=&#8221;4685&#8243; onclick=&#8221;custom_link&#8221; link=&#8221;http:\/\/www.fondazionedonatcattin.it\/?page_id=4677&#8243;][vc_column_text]<\/p>\n<h6><a href=\"http:\/\/www.fondazionedonatcattin.it\/?page_id=4677\"><span style=\"color: #993300;\"><strong>Intervista<br \/>\na Stefano Musso<br \/>\n<\/strong><\/span><\/a><\/h6>\n<p>[\/vc_column_text][vc_single_image image=&#8221;4729&#8243; onclick=&#8221;custom_link&#8221; link=&#8221;http:\/\/www.fondazionedonatcattin.it\/?page_id=4711&#8243;][vc_column_text]<\/p>\n<h6><a href=\"http:\/\/www.fondazionedonatcattin.it\/?page_id=4711\"><strong>Lo Statuto<br \/>\ndi Carlo<br \/>\nDonat-Cattin<\/strong><\/a><\/p>\n<p>di Giorgio Aimetti<\/h6>\n<p>[\/vc_column_text][\/vc_column][vc_column width=&#8221;2\/3&#8243;][vc_column_text]<\/p>\n<h1><span style=\"color: #993300;\"><strong>LA PAROLA AGLI STORICI<\/strong><\/span><br \/>\n<span style=\"color: #993300;\">Statuto dei lavoratori: una svolta per i diritti<\/span><br \/>\nMateriali per un convegno<\/h1>\n<p>[\/vc_column_text][vc_column_text]<strong>Prof. Alessandro Parola<\/strong><br \/>\nDirigente scolastico e ricercatore autore del volume \u201cQuando l&#8217;operaio diventa cittadino. Statuto dei lavoratori: una storia di diritti\u201d<\/p>\n<p><strong>Intervistato da Luca Rolandi<\/strong><br \/>\nRicercatore Fondazione Donat-Cattin[\/vc_column_text]<div id=\"ts-vcsc-youtube-5893975\" class=\"ts-video-container  ts-video-overlay-false\"  style=\"\"><iframe class=\"ts-video-iframe\" width=\"100%\" height=\"auto\"  src=\"https:\/\/www.youtube.com\/embed\/Fz-IfigLILM?autoplay=0&showinfo=1&controls=1&autohide=1&rel=0&loop=0&modestbranding=0&wmode=opaque\" frameborder=\"0\" webkitallowfullscreen mozallowfullscreen allowfullscreen><\/iframe><\/div>[vc_column_text]<\/p>\n<p style=\"text-align: justify;\"><strong>Il prof. Alessandro Parola<\/strong>, dirigente scolastico e preside del Liceo Peano di Cuneo, ricercatore di storia contemporanea ricostruisce il percorso storico, sociale e legislativo, gi\u00e0 oggetto di un suo saggio &#8220;Quando l&#8217;operaio diventa cittadino. Statuto dei lavoratori una storia di diritti&#8221;, edizioni lavoro &#8211; Fondazione Donat-Cattin, che portarono all&#8217;approvazione della Legge 300\/1970. Parola ripercorre i passaggi e personaggi che portarono ad un grande risultato di civilt\u00e0 Giuseppe Di Vittorio, Pietro Nenni, Giacomo Brodolini, Gino Giugni e Carlo Donat-Cattin furono tra i protagonisti dei quella stagione. Una vicenda altamente simbolica, perch\u00e9 promulgare una legge sui diritti dei lavoratori signific\u00f2 dare al lavoro, su cui gi\u00e0 i padri costituenti avevano voluto fondare la Repubblica, un riconoscimento aggiornato in termini di forza e dignit\u00e0.<\/p>\n<p>[\/vc_column_text][\/vc_column][vc_column width=&#8221;1\/6&#8243;][vc_single_image image=&#8221;4889&#8243; onclick=&#8221;custom_link&#8221; link=&#8221;http:\/\/www.fondazionedonatcattin.it\/?page_id=4756&#8243;][vc_column_text]<\/p>\n<h6><a href=\"http:\/\/www.fondazionedonatcattin.it\/?page_id=4756\"><span style=\"color: #993300;\"><strong>Rassegna<br \/>\nstampa<\/strong><\/span><\/a><\/h6>\n<p>[\/vc_column_text][\/vc_column][\/vc_row]<\/p>\n","protected":false},"excerpt":{"rendered":"<p>[vc_row][vc_column][vc_column_text el_class=&#8221;titolo-pagina-long&#8221;] Materiali per un convegno [\/vc_column_text][vc_single_image image=&#8221;2864&#8243; img_size=&#8221;full&#8221;][\/vc_column][\/vc_row][vc_row][vc_column width=&#8221;1\/6&#8243;][vc_column_text] A 50 anni dallo Statuto Materiali per un convegno: piano di lavoro [\/vc_column_text][vc_single_image image=&#8221;4685&#8243; onclick=&#8221;custom_link&#8221; link=&#8221;http:\/\/www.fondazionedonatcattin.it\/?page_id=4677&#8243;][vc_column_text] Intervista a Stefano Musso [\/vc_column_text][vc_single_image image=&#8221;4729&#8243; onclick=&#8221;custom_link&#8221; link=&#8221;http:\/\/www.fondazionedonatcattin.it\/?page_id=4711&#8243;][vc_column_text] Lo Statuto di Carlo Donat-Cattin di Giorgio Aimetti [\/vc_column_text][\/vc_column][vc_column width=&#8221;2\/3&#8243;][vc_column_text] LA PAROLA AGLI STORICI Statuto dei lavoratori: una svolta per i [&hellip;]<\/p>\n","protected":false},"author":11,"featured_media":0,"parent":0,"menu_order":0,"comment_status":"closed","ping_status":"closed","template":"","meta":{"om_disable_all_campaigns":false,"_monsterinsights_skip_tracking":false,"_monsterinsights_sitenote_active":false,"_monsterinsights_sitenote_note":"","_monsterinsights_sitenote_category":0,"footnotes":""},"aioseo_notices":[],"_links":{"self":[{"href":"https:\/\/www.fondazionedonatcattin.it\/index.php?rest_route=\/wp\/v2\/pages\/4325"}],"collection":[{"href":"https:\/\/www.fondazionedonatcattin.it\/index.php?rest_route=\/wp\/v2\/pages"}],"about":[{"href":"https:\/\/www.fondazionedonatcattin.it\/index.php?rest_route=\/wp\/v2\/types\/page"}],"author":[{"embeddable":true,"href":"https:\/\/www.fondazionedonatcattin.it\/index.php?rest_route=\/wp\/v2\/users\/11"}],"replies":[{"embeddable":true,"href":"https:\/\/www.fondazionedonatcattin.it\/index.php?rest_route=%2Fwp%2Fv2%2Fcomments&post=4325"}],"version-history":[{"count":0,"href":"https:\/\/www.fondazionedonatcattin.it\/index.php?rest_route=\/wp\/v2\/pages\/4325\/revisions"}],"wp:attachment":[{"href":"https:\/\/www.fondazionedonatcattin.it\/index.php?rest_route=%2Fwp%2Fv2%2Fmedia&parent=4325"}],"curies":[{"name":"wp","href":"https:\/\/api.w.org\/{rel}","templated":true}]}}