{"id":4279,"date":"2018-03-13T12:23:29","date_gmt":"2018-03-13T11:23:29","guid":{"rendered":"http:\/\/www.fondazionedonatcattin.it\/?page_id=4279"},"modified":"2021-05-19T06:58:58","modified_gmt":"2021-05-19T04:58:58","slug":"attivita-20-2-3-2-2-2-3-2-3-2-4-2-3-2-2-3-2-5-2-2-3-4","status":"publish","type":"page","link":"https:\/\/www.fondazionedonatcattin.it\/?page_id=4279","title":{"rendered":"Tucidide Presentazione &#8211; 20 aprile 2020"},"content":{"rendered":"<p>[vc_row][vc_column][vc_column_text el_class=&#8221;titolo-pagina&#8221;]<\/p>\n<h2><span style=\"color: #ffffff;\">La peste<br \/>\ndi Atene<\/span><\/h2>\n<p>[\/vc_column_text][vc_single_image image=&#8221;4282&#8243; img_size=&#8221;full&#8221;][\/vc_column][\/vc_row][vc_row][vc_column width=&#8221;1\/6&#8243; css=&#8221;.vc_custom_1585920110662{background-color: #ffffff !important;}&#8221;][vc_column_text css=&#8221;.vc_custom_1585920076268{background-color: #ffffff !important;}&#8221;][\/vc_column_text][\/vc_column][vc_column width=&#8221;2\/3&#8243;][\/vc_column][vc_column width=&#8221;1\/6&#8243;][\/vc_column][\/vc_row][vc_row][vc_column width=&#8221;1\/6&#8243;][vc_single_image image=&#8221;4479&#8243;][vc_column_text]<\/p>\n<h6><em><a href=\"http:\/\/www.fondazionedonatcattin.it\/?page_id=4289\">La peste di Atene (430 a.C. \u2013 427 a.C.)<\/a><\/em><\/h6>\n<p>[\/vc_column_text][vc_column_text]<\/p>\n<h6><a href=\"http:\/\/www.fondazionedonatcattin.it\/?page_id=4300\"><em>Note sull\u2019epidemia descritta da Tucidide<\/em><\/a><\/p>\n<p><span style=\"color: #000000;\">di Cristiana Rosella Alegiani<\/span><\/h6>\n<p>[\/vc_column_text][\/vc_column][vc_column width=&#8221;2\/3&#8243;][vc_column_text]<\/p>\n<p style=\"text-align: justify;\"><strong>Presentazione<\/strong><\/p>\n<div id=\"attachment_4296\" style=\"width: 284px\" class=\"wp-caption alignright\"><img aria-describedby=\"caption-attachment-4296\" decoding=\"async\" loading=\"lazy\" class=\"wp-image-4296\" src=\"http:\/\/www.fondazionedonatcattin.it\/wp-content\/uploads\/2020\/04\/440px-Thucydides_pushkin02.jpg\" alt=\"\" width=\"274\" height=\"409\" \/><p id=\"caption-attachment-4296\" class=\"wp-caption-text\">Busto di Tucidide<\/p><\/div>\n<p style=\"text-align: justify;\">Dopo aver raccontato e letto <em>La Peste di Londra<\/em> di Daniel Defoe, passiamo al racconto della peste di Atene di cui riportiamo, in una versione pressoch\u00e9 integrale, la descrizione che ne fa Tucidide rispettando cos\u00ec l&#8217;ordine del nostro percorso.<\/p>\n<p style=\"text-align: justify;\">Contemporaneo dei filosofi Anassagora, Protagora, Socrate e di Ippocrate, il padre della medicina occidentale, lo storico ateniese Tucidide (Atene 460\/455-394 a.C.) compie nel libro II delle <em>Storie<\/em> una descrizione analitica e precisa della peste che colpisce la sua citt\u00e0.<\/p>\n<p style=\"text-align: justify;\">Si \u00e8 appena concluso il primo anno della guerra del Peloponneso (431-404 a.C.) e, subito dopo l&#8217;invasione dell&#8217;Attica (da parte dei Peloponnesi e dei loro alleati, guidati da Archidamo, re dei Lacedemoni), la peste fa &#8220;improvvisamente&#8221; la sua comparsa ad Atene. I primi a essere colpiti sono gli abitanti del Pireo e quindi gli abitanti della citt\u00e0 alta dove il numero dei morti si fa subito impressionante.<\/p>\n<p style=\"text-align: justify;\">La ragione che muove la descrizione della pestilenza \u00e8 subito dichiarata: \u00ab<strong>Si dica su questo argomento quello che ciascuno pensa, sia medico sia profano [&#8230;]. Io dir\u00f2 di che genere essa sia stata, e mostrer\u00f2 quei sintomi che uno potr\u00e0 considerare e tenere presenti per riconoscere la malattia stessa, caso mai scoppiasse una seconda volta\u00bb. <\/strong>E Tucidide assolve al suo scopo con particolare cognizione di causa perch\u00e9 anche lui si \u00e8 ammalato di peste e ha visto altri malati.\u00a0 Il modo in cui descrive l&#8217;intero decorso della malattia \u00e8, nel suo crudo realismo, del tutto simile a quello di un medico.<\/p>\n<div id=\"attachment_4439\" style=\"width: 266px\" class=\"wp-caption alignleft\"><img aria-describedby=\"caption-attachment-4439\" decoding=\"async\" loading=\"lazy\" class=\"wp-image-4439\" src=\"http:\/\/www.fondazionedonatcattin.it\/wp-content\/uploads\/2020\/04\/Pericles_Pio-Clementino_Inv269_n2.jpg\" alt=\"\" width=\"256\" height=\"388\" \/><p id=\"caption-attachment-4439\" class=\"wp-caption-text\">Busto di Pericle riportante l&#8217;iscrizione &#8220;Pericle, figlio di Santippo, ateniese&#8221;<\/p><\/div>\n<p style=\"text-align: justify;\">Del resto il metodo che lo storico applica in tutta la sua \u1f31\u03c3\u03c4\u03bf\u03c1\u03af\u03b1 [\u1f21] \u00e8 molto simile a quello espresso da Ippocrate nel <em>Prognostik\u00f3n<\/em>: &#8220;l&#8217;idea della prognosi, che integra la diagnosi mediante l&#8217;anamnesi, l&#8217;intelligenza del presente ottenuta mediante la ricognizione della sua genesi nel passato&#8221; e cos\u00ec &#8220;la scienza del passato&#8221; pu\u00f2 anche diventare &#8220;scienza dell&#8217;avvenire&#8221;. [Pugliese Carratelli, 1967].<\/p>\n<p style=\"text-align: justify;\">Eppure di fronte a questo terribile male, che colpisce anche e acutamente l&#8217;esercito perch\u00e9 la guerra non si ferma, i medici si dimostrano impotenti: il male \u00e8 sconosciuto e quanto pi\u00f9 si prodigano per sconfiggerlo tanto pi\u00f9 ne sono vittime. La stessa terribile fine fanno coloro che non abbandonano i congiunti e gli amici per curarli o per seppellirli. Anche se, come sempre purtroppo, sulle consuetudini nobili e civili, persino nell&#8217;Atene di Pericle giunta a un alto grado di civilt\u00e0 politica, filosofica e artistica si verifica un grave cedimento dei valori civili. Cos\u00ec via via che la pestilenza infuria e sembra non lasciare spazio alla vita prevalgono comportamenti trasgressivi, spesso anche iniqui, di certo non rispettosi delle leggi umane e delle leggi divine. E la bramosia del piacere appare l&#8217;unico antidoto possibile all&#8217;angoscia causata dall&#8217;inevitabilit\u00e0 della morte.<\/p>\n<p style=\"text-align: justify;\">Tucidide, &#8211; che come Socrate e i filosofi suoi contemporanei pensa che \u00e8 il nomos a dirigere gli uomini operanti nella storia e che \u00e8 sempre il nomos a sostenerli di fronte all&#8217;imprevedibile, &#8211; non esprime giudizio alcuno; apparentemente impassibile rileva quello che accade, limitandosi a mettere in guardia i suoi concittadini su un possibile ritorno della malattia.<\/p>\n<p style=\"text-align: justify;\">Il discorso pronunciato qualche mese prima da Pericle dall&#8217;alta tribuna eretta di fronte al cimitero in occasione della sepoltura dei primi caduti in guerra sembra un&#8217;eco lontana nella citt\u00e0 \u00abscuola della Grecia\u00bb.<\/p>\n<p>[\/vc_column_text][\/vc_column][vc_column width=&#8221;1\/6&#8243;][\/vc_column][\/vc_row]<\/p>\n","protected":false},"excerpt":{"rendered":"<p>[vc_row][vc_column][vc_column_text el_class=&#8221;titolo-pagina&#8221;] La peste di Atene [\/vc_column_text][vc_single_image image=&#8221;4282&#8243; img_size=&#8221;full&#8221;][\/vc_column][\/vc_row][vc_row][vc_column width=&#8221;1\/6&#8243; css=&#8221;.vc_custom_1585920110662{background-color: #ffffff !important;}&#8221;][vc_column_text css=&#8221;.vc_custom_1585920076268{background-color: #ffffff !important;}&#8221;][\/vc_column_text][\/vc_column][vc_column width=&#8221;2\/3&#8243;][\/vc_column][vc_column width=&#8221;1\/6&#8243;][\/vc_column][\/vc_row][vc_row][vc_column width=&#8221;1\/6&#8243;][vc_single_image image=&#8221;4479&#8243;][vc_column_text] La peste di Atene (430 a.C. \u2013 427 a.C.) [\/vc_column_text][vc_column_text] Note sull\u2019epidemia descritta da Tucidide di Cristiana Rosella Alegiani [\/vc_column_text][\/vc_column][vc_column width=&#8221;2\/3&#8243;][vc_column_text] Presentazione Dopo aver raccontato e letto La Peste di Londra di Daniel Defoe, passiamo [&hellip;]<\/p>\n","protected":false},"author":11,"featured_media":0,"parent":0,"menu_order":0,"comment_status":"closed","ping_status":"closed","template":"","meta":{"om_disable_all_campaigns":false,"_monsterinsights_skip_tracking":false,"_monsterinsights_sitenote_active":false,"_monsterinsights_sitenote_note":"","_monsterinsights_sitenote_category":0,"footnotes":""},"aioseo_notices":[],"_links":{"self":[{"href":"https:\/\/www.fondazionedonatcattin.it\/index.php?rest_route=\/wp\/v2\/pages\/4279"}],"collection":[{"href":"https:\/\/www.fondazionedonatcattin.it\/index.php?rest_route=\/wp\/v2\/pages"}],"about":[{"href":"https:\/\/www.fondazionedonatcattin.it\/index.php?rest_route=\/wp\/v2\/types\/page"}],"author":[{"embeddable":true,"href":"https:\/\/www.fondazionedonatcattin.it\/index.php?rest_route=\/wp\/v2\/users\/11"}],"replies":[{"embeddable":true,"href":"https:\/\/www.fondazionedonatcattin.it\/index.php?rest_route=%2Fwp%2Fv2%2Fcomments&post=4279"}],"version-history":[{"count":0,"href":"https:\/\/www.fondazionedonatcattin.it\/index.php?rest_route=\/wp\/v2\/pages\/4279\/revisions"}],"wp:attachment":[{"href":"https:\/\/www.fondazionedonatcattin.it\/index.php?rest_route=%2Fwp%2Fv2%2Fmedia&parent=4279"}],"curies":[{"name":"wp","href":"https:\/\/api.w.org\/{rel}","templated":true}]}}