{"id":421,"date":"2018-03-13T12:22:37","date_gmt":"2018-03-13T11:22:37","guid":{"rendered":"http:\/\/www.fondazionedonatcattin.it\/?page_id=421"},"modified":"2018-04-25T12:00:19","modified_gmt":"2018-04-25T10:00:19","slug":"biografia-01-2-3-2-2-2","status":"publish","type":"page","link":"https:\/\/www.fondazionedonatcattin.it\/?page_id=421","title":{"rendered":"Settegiorni"},"content":{"rendered":"<p>[vc_row][vc_column][vc_single_image image=&#8221;1462&#8243; img_size=&#8221;full&#8221; alignment=&#8221;center&#8221;][\/vc_column][\/vc_row][vc_row][vc_column width=&#8221;1\/6&#8243;][\/vc_column][vc_column width=&#8221;2\/3&#8243;][vc_column_text]<\/p>\n<h2>Settegiorni (1967-1974)<\/h2>\n<p>[\/vc_column_text][\/vc_column][vc_column width=&#8221;1\/6&#8243;][\/vc_column][\/vc_row][vc_row][vc_column width=&#8221;1\/6&#8243;][\/vc_column][vc_column width=&#8221;2\/3&#8243;][vc_column_text]<\/p>\n<p style=\"text-align: justify;\"><img decoding=\"async\" loading=\"lazy\" class=\"alignright size-full wp-image-425\" src=\"http:\/\/www.fondazionedonatcattin.it\/wp-content\/uploads\/2018\/03\/settegiorni-1copertina.jpg\" alt=\"\" width=\"207\" height=\"300\" \/>Rivista settimanale, promossa da Carlo Donat-Cattin, interpreta i fermenti del cattolicesimo post-conciliare insieme al dialogo con il mondo socialista e con quello laico. Il settimanale, a cura delle edizioni Sette (societ\u00e0 legata alla corrente DC di Forze Nuove) \u00e8 diretta da Ruggero Orfei e Piero Pratesi. La veste grafica e giornalistica, moderna e ricca di immagini e vignette, \u00e8 realizzata da Michele Torre, con la collaborazione di Paolo Donat-Cattin.<br \/>\nAmpia la lista dei collaboratori:dalle varie anime della sinistra democristiana agli intellettuali cattolici, dai socialisti ai giovani esponenti del sindacato. Interprete della rivoluzione culturale del 68 vive in maniera autonoma e gode di grande indipendenza politica.<br \/>\nDonat-Cattin, nel libro intevista \u201cLa mia DC\u201d pubblicato nel 1980 (editore Vallecchi), spiega la natura del settimanale a Paolo Torresani: \u201cLa vita di Settegiorni fu sempre autonoma rispetto al gruppo di Forze Nuove. Svilupp\u00f2 una linea che sembr\u00f2 voler stabilire un collegamento tra il pensiero di Aldo Moro da un lato (integrato dai contenuti della sinistra sociale Dc e dalle organizzazioni popolari di radice etico-sociale cristiana) e il pensiero di Franco Rodano e dei suoi amici provenienti dalla sinistra cristiana e poi inseriti nel Pci, dall\u2019altro. Al di l\u00e0 di quel sottile filo di collegamento l\u2019esperienza culturale di Settegiorni \u00e8 stata vasta e profonda ed \u00e8 servita a rendere molto pi\u00f9 libero il dibattito politico nel mondo cattolico\u201d.<\/p>\n<p style=\"text-align: justify;\"><img decoding=\"async\" loading=\"lazy\" class=\"alignleft size-full wp-image-423\" src=\"http:\/\/www.fondazionedonatcattin.it\/wp-content\/uploads\/2018\/03\/settegiorni-ultima.jpg\" alt=\"\" width=\"230\" height=\"300\" \/>Nella direzione e nei collaboratori si pu\u00f2 leggere il percorso del settimanale che rappresenta, in quegli anni travagliati e nei giorni della contestazione, un punto di riferimento per molti giovani, cattolici e no, che respingevano l\u2019attrazione dei movimenti extraparlamentari.<br \/>\nRuggero Orfei, era stato appena escluso dalla collaborazione con l\u2019 Italia, il quotidiano cattolico milanese, e Piero Pratesi aveva lasciato l\u2019incarico di vicedirettore dell\u2019Avvenire d\u2019Italia. Nessuno dei due iscritto alla Dc, anche se Pratesi era stato direttore de Il Popolo, quotidiano del partito. I due direttori, con Michele Torre, chiamano a collaborare forzanovisti, cattolici senza partito, socialisti vicini all\u2019area di sinistra guidata da Riccardo Lombardi, intellettuali di varia provenienza.<br \/>\nSfogliando l\u2019elenco dei collaboratori si comprende il ruolo giocato dal settimanale: da Franco Bassanini a Luciano Benadusi, da Giovannibattista Cavallaro a Luigi Covatta, per proseguire con Giangiacomo Migone, Pino Di Salvo, Giorgio Girardet, Giovanni Gozzer, Mario Gozzini, Giancarlo Lizzeri, Sandro Magister, Italo Moscati, Pippo Ranci, Emanuele Ranci Ortigosa, Fausto Spegni, Alberto Tridente, Padre Maria Turoldo, Adriana Zarri. Certamente mancano nell\u2019elenco altri nomi prestigiosi.<br \/>\nSettegiorni conclude la sua vita il 7 luglio del 1974 dopo una campagna referendaria sul divorzio che vede la direzione di Settegiorni favorevole al \u201cno\u201d in contrasto con la linea ufficiale della Dc.<br \/>\nDa tempo i conti del bilancio erano in rosso, ma la vera ragione della chiusura sembra essere quella di un cambiamento radicale del clima politico. Nel 1972 il settimanale aveva simpatizzato per l\u2019Acpol senza per\u00f2 aderire al Movimento politico dei lavoratori, presentato senza fortuna da Livio Labor alle elezioni di quell\u2019anno.<\/p>\n<p style=\"text-align: justify;\">I numeri pubblicati sono stati 366.<\/p>\n<p>[\/vc_column_text][\/vc_column][vc_column width=&#8221;1\/6&#8243;][\/vc_column][\/vc_row][vc_row][vc_column width=&#8221;1\/6&#8243;][\/vc_column][vc_column width=&#8221;2\/3&#8243;]<div id=\"ts-vcsc-anyslider-9391149-container\" class=\"ts-vcsc-anyslider-container\" style=\"margin-top: 0px; margin-bottom: 0px;\"><div id=\"ts-owlslider-controls-9391149\" class=\"ts-owlslider-controls\" style=\"display: block;\"><div id=\"ts-owlslider-controls-next-9391149\" style=\"display: block;\" class=\"ts-owlslider-controls-next\"><span class=\"ts-ecommerce-arrowright5\"><\/span><\/div><div id=\"ts-owlslider-controls-prev-9391149\" style=\"display: block;\" class=\"ts-owlslider-controls-prev\"><span class=\"ts-ecommerce-arrowleft5\"><\/span><\/div><\/div><div id=\"ts-vcsc-anyslider-9391149\" class=\"ts-vcsc-anyslider ts-owlslider-parent owl-carousel2  \" style=\"margin-top: 0px; margin-bottom: 0px;\" data-id=\"9391149\" data-items=\"6\" data-hashlinks=\"false\" data-hashname=\"anyhashname\" data-breakpointscustom=\"false\" data-breakpointitems=\"1,2,3,4,5,6,7,8\" data-rtl=\"false\" data-loop=\"true\" data-center=\"false\" data-navigation=\"true\" data-dots=\"true\" data-mobile=\"false\" data-animationin=\"ts-viewport-css-slideOutRight\" data-animationout=\"ts-viewport-css-slideOutDown\" data-height=\"true\" data-play=\"false\" data-bar=\"true\" data-color=\"#dd3333\" data-speed=\"5000\" data-hover=\"true\" data-margin=\"10\">[vc_single_image image=&#8221;1295&#8243; img_size=&#8221;full&#8221; onclick=&#8221;link_image&#8221;][vc_single_image image=&#8221;1294&#8243; img_size=&#8221;full&#8221; onclick=&#8221;link_image&#8221;][vc_single_image image=&#8221;1293&#8243; img_size=&#8221;full&#8221; onclick=&#8221;link_image&#8221;][vc_single_image image=&#8221;1292&#8243; img_size=&#8221;full&#8221; onclick=&#8221;link_image&#8221;][vc_single_image image=&#8221;1291&#8243; img_size=&#8221;full&#8221; onclick=&#8221;link_image&#8221;]<\/div><\/div>[\/vc_column][vc_column width=&#8221;1\/6&#8243;][\/vc_column][\/vc_row]<\/p>\n","protected":false},"excerpt":{"rendered":"<p>[vc_row][vc_column][vc_single_image image=&#8221;1462&#8243; img_size=&#8221;full&#8221; alignment=&#8221;center&#8221;][\/vc_column][\/vc_row][vc_row][vc_column width=&#8221;1\/6&#8243;][\/vc_column][vc_column width=&#8221;2\/3&#8243;][vc_column_text] Settegiorni (1967-1974) [\/vc_column_text][\/vc_column][vc_column width=&#8221;1\/6&#8243;][\/vc_column][\/vc_row][vc_row][vc_column width=&#8221;1\/6&#8243;][\/vc_column][vc_column width=&#8221;2\/3&#8243;][vc_column_text] Rivista settimanale, promossa da Carlo Donat-Cattin, interpreta i fermenti del cattolicesimo post-conciliare insieme al dialogo con il mondo socialista e con quello laico. Il settimanale, a cura delle edizioni Sette (societ\u00e0 legata alla corrente DC di Forze Nuove) \u00e8 diretta da Ruggero Orfei [&hellip;]<\/p>\n","protected":false},"author":1,"featured_media":0,"parent":336,"menu_order":0,"comment_status":"closed","ping_status":"closed","template":"","meta":{"om_disable_all_campaigns":false,"_monsterinsights_skip_tracking":false,"_monsterinsights_sitenote_active":false,"_monsterinsights_sitenote_note":"","_monsterinsights_sitenote_category":0,"footnotes":""},"aioseo_notices":[],"_links":{"self":[{"href":"https:\/\/www.fondazionedonatcattin.it\/index.php?rest_route=\/wp\/v2\/pages\/421"}],"collection":[{"href":"https:\/\/www.fondazionedonatcattin.it\/index.php?rest_route=\/wp\/v2\/pages"}],"about":[{"href":"https:\/\/www.fondazionedonatcattin.it\/index.php?rest_route=\/wp\/v2\/types\/page"}],"author":[{"embeddable":true,"href":"https:\/\/www.fondazionedonatcattin.it\/index.php?rest_route=\/wp\/v2\/users\/1"}],"replies":[{"embeddable":true,"href":"https:\/\/www.fondazionedonatcattin.it\/index.php?rest_route=%2Fwp%2Fv2%2Fcomments&post=421"}],"version-history":[{"count":0,"href":"https:\/\/www.fondazionedonatcattin.it\/index.php?rest_route=\/wp\/v2\/pages\/421\/revisions"}],"up":[{"embeddable":true,"href":"https:\/\/www.fondazionedonatcattin.it\/index.php?rest_route=\/wp\/v2\/pages\/336"}],"wp:attachment":[{"href":"https:\/\/www.fondazionedonatcattin.it\/index.php?rest_route=%2Fwp%2Fv2%2Fmedia&parent=421"}],"curies":[{"name":"wp","href":"https:\/\/api.w.org\/{rel}","templated":true}]}}