{"id":4002,"date":"2018-03-13T12:23:29","date_gmt":"2018-03-13T11:23:29","guid":{"rendered":"http:\/\/www.fondazionedonatcattin.it\/?page_id=4002"},"modified":"2023-03-25T11:22:22","modified_gmt":"2023-03-25T10:22:22","slug":"attivita-20-2-3-2-2-2-3-2-3-2-4-2-3-2-2-3-2-5-2-2","status":"publish","type":"page","link":"https:\/\/www.fondazionedonatcattin.it\/?page_id=4002","title":{"rendered":"Pillole del Professor Alberto Guasco"},"content":{"rendered":"<p>[vc_row][vc_column][vc_column_text el_class=&#8221;titolo-pagina&#8221;]<\/p>\n<h2><span style=\"color: #ffffff;\">Le Pillole del Prof. Alberto Guasco<\/span><\/h2>\n<p>[\/vc_column_text][vc_single_image image=&#8221;4011&#8243; img_size=&#8221;full&#8221;][\/vc_column][\/vc_row][vc_row][vc_column width=&#8221;1\/6&#8243; css=&#8221;.vc_custom_1585920110662{background-color: #ffffff !important;}&#8221;][vc_column_text css=&#8221;.vc_custom_1585920076268{background-color: #ffffff !important;}&#8221;][\/vc_column_text][\/vc_column][vc_column width=&#8221;2\/3&#8243;][vc_column_text]<span style=\"color: #993300;\"><strong>Le Pillole del Prof. Alberto Guasco<\/strong><\/span><\/p>\n<p style=\"text-align: justify;\"><img decoding=\"async\" loading=\"lazy\" class=\"alignright wp-image-14071\" src=\"https:\/\/www.fondazionedonatcattin.it\/wp-content\/uploads\/2023\/03\/Alberto_Guasco-336x450.jpg\" alt=\"\" width=\"222\" height=\"297\" srcset=\"https:\/\/www.fondazionedonatcattin.it\/wp-content\/uploads\/2023\/03\/Alberto_Guasco-336x450.jpg 336w, https:\/\/www.fondazionedonatcattin.it\/wp-content\/uploads\/2023\/03\/Alberto_Guasco.jpg 600w\" sizes=\"(max-width: 222px) 100vw, 222px\" \/><strong>Alberto Guasco<\/strong> \u00e8 un amico della Fondazione Donat-Cattin: ha partecipato a molte nostre iniziative, ed abbiamo avuto l\u2019onore di presentare a Torino il suo ultimo libro sugli anni giovanili e di formazione del <a href=\"http:\/\/www.fondazionedonatcattin.it\/?page_id=2969\" target=\"_blank\" rel=\"noopener noreferrer\">Cardinal Martini<\/a>. Casalese di nascita, si \u00e8 formato nella nostra citt\u00e0, e svolge la sua attivit\u00e0 accademica e di ricerca tra Milano, Bologna e Roma. Si presenta nel suo sito come \u201cun novecentista incallito\u201d, che \u201cpensa al passato come a un deposito di sapienza a cui attingere per il futuro\u201d. Per tenere fede a questo programma, anche in tempi di coronavirus, sta predisponendo per i suoi allievi dei brevi video che contengono \u201cpillole\u201d di storia contemporanea su avvenimenti significativi del novecento. Ha consentito volentieri la loro pubblicazione sul nostro sito, e di questa disponibilit\u00e0 lo ringraziamo.<\/p>\n<p>[\/vc_column_text][\/vc_column][vc_column width=&#8221;1\/6&#8243;][\/vc_column][\/vc_row][vc_row][vc_column width=&#8221;1\/4&#8243;][\/vc_column][vc_column width=&#8221;1\/2&#8243;][vc_empty_space][\/vc_column][vc_column width=&#8221;1\/4&#8243;][\/vc_column][\/vc_row][vc_row][vc_column width=&#8221;1\/6&#8243;][\/vc_column][vc_column width=&#8221;1\/3&#8243;][vc_row_inner][vc_column_inner width=&#8221;1\/3&#8243;][vc_single_image image=&#8221;14068&#8243; img_size=&#8221;full&#8221; onclick=&#8221;custom_link&#8221; link=&#8221;http:\/\/www.fondazionedonatcattin.it\/?page_id=5345&#8243;][\/vc_column_inner][vc_column_inner width=&#8221;2\/3&#8243;][vc_column_text]<a href=\"http:\/\/www.fondazionedonatcattin.it\/?page_id=5345\">La guerra<br \/>\nd&#8217;Etiopia<\/a>[\/vc_column_text][\/vc_column_inner][\/vc_row_inner][\/vc_column][vc_column width=&#8221;1\/3&#8243;][vc_row_inner][vc_column_inner width=&#8221;1\/3&#8243;][vc_single_image image=&#8221;14068&#8243; img_size=&#8221;full&#8221; onclick=&#8221;custom_link&#8221; link=&#8221;https:\/\/www.fondazionedonatcattin.it\/?page_id=4991&#8243;][\/vc_column_inner][vc_column_inner width=&#8221;2\/3&#8243;][vc_column_text]<a href=\"http:\/\/www.fondazionedonatcattin.it\/?page_id=4991\">Da Bobby Kennedy<br \/>\na George Floyd<\/a>[\/vc_column_text][\/vc_column_inner][\/vc_row_inner][\/vc_column][vc_column width=&#8221;1\/6&#8243;][\/vc_column][\/vc_row][vc_row][vc_column width=&#8221;1\/6&#8243;][\/vc_column][vc_column width=&#8221;1\/3&#8243;][vc_row_inner][vc_column_inner width=&#8221;1\/3&#8243;][vc_single_image image=&#8221;14068&#8243; img_size=&#8221;full&#8221; onclick=&#8221;custom_link&#8221; link=&#8221;https:\/\/www.fondazionedonatcattin.it\/?page_id=4657&#8243;][\/vc_column_inner][vc_column_inner width=&#8221;2\/3&#8243;][vc_column_text]<a href=\"http:\/\/www.fondazionedonatcattin.it\/?page_id=4657\">America first<\/a>[\/vc_column_text][\/vc_column_inner][\/vc_row_inner][\/vc_column][vc_column width=&#8221;1\/3&#8243;][vc_row_inner][vc_column_inner width=&#8221;1\/3&#8243;][vc_single_image image=&#8221;14068&#8243; img_size=&#8221;full&#8221; onclick=&#8221;custom_link&#8221; link=&#8221;https:\/\/www.fondazionedonatcattin.it\/?page_id=4398&#8243;][\/vc_column_inner][vc_column_inner width=&#8221;2\/3&#8243;][vc_column_text]<a href=\"http:\/\/www.fondazionedonatcattin.it\/?page_id=4398\">Il genocidio armeno<\/a>[\/vc_column_text][\/vc_column_inner][\/vc_row_inner][\/vc_column][vc_column width=&#8221;1\/6&#8243;][\/vc_column][\/vc_row][vc_row][vc_column width=&#8221;1\/6&#8243;][\/vc_column][vc_column width=&#8221;1\/3&#8243;][vc_row_inner][vc_column_inner width=&#8221;1\/3&#8243;][vc_single_image image=&#8221;14068&#8243; img_size=&#8221;full&#8221; onclick=&#8221;custom_link&#8221; link=&#8221;https:\/\/www.fondazionedonatcattin.it\/?page_id=4377&#8243;][\/vc_column_inner][vc_column_inner width=&#8221;2\/3&#8243;][vc_column_text]<a href=\"http:\/\/www.fondazionedonatcattin.it\/?page_id=4377\">Primo Mazzolari, la tromba dello Spirito santo<\/a>[\/vc_column_text][\/vc_column_inner][\/vc_row_inner][\/vc_column][vc_column width=&#8221;1\/3&#8243;][vc_row_inner][vc_column_inner width=&#8221;1\/3&#8243;][vc_single_image image=&#8221;14068&#8243; img_size=&#8221;full&#8221; onclick=&#8221;custom_link&#8221; link=&#8221;https:\/\/www.fondazionedonatcattin.it\/?page_id=4382&#8243;][\/vc_column_inner][vc_column_inner width=&#8221;2\/3&#8243;][vc_column_text]<a href=\"http:\/\/www.fondazionedonatcattin.it\/?page_id=4382\">Dio e il covid-19<\/a>[\/vc_column_text][\/vc_column_inner][\/vc_row_inner][\/vc_column][vc_column width=&#8221;1\/6&#8243;][\/vc_column][\/vc_row][vc_row][vc_column width=&#8221;1\/6&#8243;][\/vc_column][vc_column width=&#8221;1\/3&#8243;][vc_row_inner][vc_column_inner width=&#8221;1\/3&#8243;][vc_single_image image=&#8221;14068&#8243; img_size=&#8221;full&#8221; onclick=&#8221;custom_link&#8221; link=&#8221;https:\/\/www.fondazionedonatcattin.it\/?page_id=4384&#8243;][\/vc_column_inner][vc_column_inner width=&#8221;2\/3&#8243;][vc_column_text]<a href=\"http:\/\/www.fondazionedonatcattin.it\/?page_id=4384\">Aldo Moro<\/a>[\/vc_column_text][\/vc_column_inner][\/vc_row_inner][\/vc_column][vc_column width=&#8221;1\/3&#8243;][vc_row_inner][vc_column_inner width=&#8221;1\/3&#8243;][vc_single_image image=&#8221;14068&#8243; img_size=&#8221;full&#8221; onclick=&#8221;custom_link&#8221; link=&#8221;https:\/\/www.fondazionedonatcattin.it\/?page_id=4386&#8243;][\/vc_column_inner][vc_column_inner width=&#8221;2\/3&#8243;][vc_column_text]<a href=\"http:\/\/www.fondazionedonatcattin.it\/?page_id=4386\">Tina Anselmi e il Servizio sanitario nazionale<\/a>[\/vc_column_text][\/vc_column_inner][\/vc_row_inner][\/vc_column][vc_column width=&#8221;1\/6&#8243;][\/vc_column][\/vc_row][vc_row][vc_column width=&#8221;1\/6&#8243;][\/vc_column][vc_column width=&#8221;1\/3&#8243;][vc_row_inner][vc_column_inner width=&#8221;1\/3&#8243;][vc_single_image image=&#8221;14068&#8243; img_size=&#8221;full&#8221; onclick=&#8221;custom_link&#8221; link=&#8221;https:\/\/www.fondazionedonatcattin.it\/?page_id=4390&#8243;][\/vc_column_inner][vc_column_inner width=&#8221;2\/3&#8243;][vc_column_text]<a href=\"http:\/\/www.fondazionedonatcattin.it\/?page_id=4390\">La febbre spagnola<br \/>\ndel 1918-1919<\/a>[\/vc_column_text][\/vc_column_inner][\/vc_row_inner][\/vc_column][vc_column width=&#8221;1\/3&#8243;][vc_row_inner][vc_column_inner width=&#8221;1\/3&#8243;][vc_single_image image=&#8221;14068&#8243; img_size=&#8221;full&#8221; onclick=&#8221;custom_link&#8221; link=&#8221;https:\/\/www.fondazionedonatcattin.it\/?page_id=4395&#8243;][\/vc_column_inner][vc_column_inner width=&#8221;2\/3&#8243;][vc_column_text]<a href=\"http:\/\/www.fondazionedonatcattin.it\/?page_id=4395\">Pieni poteri<\/a>[\/vc_column_text][\/vc_column_inner][\/vc_row_inner][\/vc_column][vc_column width=&#8221;1\/6&#8243;][\/vc_column][\/vc_row][vc_row][vc_column width=&#8221;1\/6&#8243;][\/vc_column][vc_column width=&#8221;1\/3&#8243;][vc_row_inner][vc_column_inner width=&#8221;1\/3&#8243;][\/vc_column_inner][vc_column_inner width=&#8221;2\/3&#8243;][\/vc_column_inner][\/vc_row_inner][\/vc_column][vc_column width=&#8221;1\/3&#8243;][vc_row_inner][vc_column_inner width=&#8221;1\/3&#8243;][\/vc_column_inner][vc_column_inner width=&#8221;2\/3&#8243;][\/vc_column_inner][\/vc_row_inner][\/vc_column][vc_column width=&#8221;1\/6&#8243;][\/vc_column][\/vc_row]<\/p>\n","protected":false},"excerpt":{"rendered":"<p>[vc_row][vc_column][vc_column_text el_class=&#8221;titolo-pagina&#8221;] Le Pillole del Prof. Alberto Guasco [\/vc_column_text][vc_single_image image=&#8221;4011&#8243; img_size=&#8221;full&#8221;][\/vc_column][\/vc_row][vc_row][vc_column width=&#8221;1\/6&#8243; css=&#8221;.vc_custom_1585920110662{background-color: #ffffff !important;}&#8221;][vc_column_text css=&#8221;.vc_custom_1585920076268{background-color: #ffffff !important;}&#8221;][\/vc_column_text][\/vc_column][vc_column width=&#8221;2\/3&#8243;][vc_column_text]Le Pillole del Prof. Alberto Guasco Alberto Guasco \u00e8 un amico della Fondazione Donat-Cattin: ha partecipato a molte nostre iniziative, ed abbiamo avuto l\u2019onore di presentare a Torino il suo ultimo libro sugli anni giovanili e di [&hellip;]<\/p>\n","protected":false},"author":11,"featured_media":4011,"parent":0,"menu_order":0,"comment_status":"closed","ping_status":"closed","template":"","meta":{"footnotes":""},"_links":{"self":[{"href":"https:\/\/www.fondazionedonatcattin.it\/index.php?rest_route=\/wp\/v2\/pages\/4002"}],"collection":[{"href":"https:\/\/www.fondazionedonatcattin.it\/index.php?rest_route=\/wp\/v2\/pages"}],"about":[{"href":"https:\/\/www.fondazionedonatcattin.it\/index.php?rest_route=\/wp\/v2\/types\/page"}],"author":[{"embeddable":true,"href":"https:\/\/www.fondazionedonatcattin.it\/index.php?rest_route=\/wp\/v2\/users\/11"}],"replies":[{"embeddable":true,"href":"https:\/\/www.fondazionedonatcattin.it\/index.php?rest_route=%2Fwp%2Fv2%2Fcomments&post=4002"}],"version-history":[{"count":0,"href":"https:\/\/www.fondazionedonatcattin.it\/index.php?rest_route=\/wp\/v2\/pages\/4002\/revisions"}],"wp:featuredmedia":[{"embeddable":true,"href":"https:\/\/www.fondazionedonatcattin.it\/index.php?rest_route=\/wp\/v2\/media\/4011"}],"wp:attachment":[{"href":"https:\/\/www.fondazionedonatcattin.it\/index.php?rest_route=%2Fwp%2Fv2%2Fmedia&parent=4002"}],"curies":[{"name":"wp","href":"https:\/\/api.w.org\/{rel}","templated":true}]}}