{"id":3857,"date":"2018-03-13T12:23:40","date_gmt":"2018-03-13T11:23:40","guid":{"rendered":"http:\/\/www.fondazionedonatcattin.it\/?page_id=3857"},"modified":"2022-12-16T09:30:57","modified_gmt":"2022-12-16T08:30:57","slug":"pubblicazioni-2-3-3-2-2","status":"publish","type":"page","link":"https:\/\/www.fondazionedonatcattin.it\/?page_id=3857","title":{"rendered":"&#8211;Carlo Donat-Cattin. L\u2019anticonformista della sinistra italiana"},"content":{"rendered":"<p>[vc_row][vc_column][\/vc_column][\/vc_row][vc_row][vc_column width=&#8221;1\/6&#8243;][\/vc_column][vc_column width=&#8221;2\/3&#8243;][vc_row_inner][vc_column_inner width=&#8221;1\/4&#8243;][vc_single_image image=&#8221;3858&#8243; img_size=&#8221;300&#215;450&#8243; style=&#8221;vc_box_shadow_3d&#8221; onclick=&#8221;link_image&#8221;][\/vc_column_inner][vc_column_inner width=&#8221;3\/4&#8243;][vc_column_text]Nicola Guiso<\/p>\n<p><strong><span style=\"color: #993300;\">Carlo Donat-Cattin<\/span><\/strong><br \/>\n<span style=\"color: #000000;\"><strong>L&#8217;anticonformista della sinistra italiana<br \/>\nIntervista a Sandro Fontana<\/strong><\/span><\/p>\n<p>Marsilio Edizioni, Venezia 1999<br \/>\n173 pp., ISBN <span class=\"cc-item-value\">8831772708<\/span>[\/vc_column_text][\/vc_column_inner][\/vc_row_inner][vc_column_text]<\/p>\n<p style=\"text-align: justify;\"><strong>Sulla figura di Carlo Donat-Cattin \u00e8 sceso il silenzio dopo la sua morte nel 1991.<\/strong> Per oltre quarant\u2019anni, ispirato da una fede profonda ma non ostentata, \u00e8 stato un protagonista nel sindacato, in politica e nelle istituzioni. Tra i fondatori della Cisl di Torino si \u00e8 battuto in difesa della libert\u00e0 e della dignit\u00e0 di tutti i lavoratori della FIAT. Da leader della \u00absinistra sociale\u00bb della DC anticip\u00f2 una moderna politica di sinistra, che deve proporsi non solo la conquista del potere e la redistribuzione del reddito nazionale, ma innanzitutto la qualificata espansione dello stesso. Al fianco di Aldo Moro Donat-Cattin si impegn\u00f2 per il rilancio dell\u2019alleanza tra la DC e i partiti di democrazia laica e socialista, in un quadro di valorizzazione delle scelte atlantiche ed europeiste dell\u2019Italia. Da ministro Donat-Cattin ha lasciato tracce profonde nel testo dello \u00abStatuto del lavoratori\u00bb, ha contrastato le spinte al gigantismo e alla burocratizzazione dello \u00abstato sociale\u00bb e ha lottato per affermare nuovi indirizzi di politica industriale e per lo sviluppo del Mezzogiorno.<\/p>\n<p>[\/vc_column_text][\/vc_column][vc_column width=&#8221;1\/6&#8243;][\/vc_column][\/vc_row]<\/p>\n","protected":false},"excerpt":{"rendered":"<p>[vc_row][vc_column][\/vc_column][\/vc_row][vc_row][vc_column width=&#8221;1\/6&#8243;][\/vc_column][vc_column width=&#8221;2\/3&#8243;][vc_row_inner][vc_column_inner width=&#8221;1\/4&#8243;][vc_single_image image=&#8221;3858&#8243; img_size=&#8221;300&#215;450&#8243; style=&#8221;vc_box_shadow_3d&#8221; onclick=&#8221;link_image&#8221;][\/vc_column_inner][vc_column_inner width=&#8221;3\/4&#8243;][vc_column_text]Nicola Guiso Carlo Donat-Cattin L&#8217;anticonformista della sinistra italiana Intervista a Sandro Fontana Marsilio Edizioni, Venezia 1999 173 pp., ISBN 8831772708[\/vc_column_text][\/vc_column_inner][\/vc_row_inner][vc_column_text] Sulla figura di Carlo Donat-Cattin \u00e8 sceso il silenzio dopo la sua morte nel 1991. Per oltre quarant\u2019anni, ispirato da una fede profonda ma non ostentata, \u00e8 [&hellip;]<\/p>\n","protected":false},"author":11,"featured_media":0,"parent":19,"menu_order":0,"comment_status":"closed","ping_status":"closed","template":"","meta":{"footnotes":""},"_links":{"self":[{"href":"https:\/\/www.fondazionedonatcattin.it\/index.php?rest_route=\/wp\/v2\/pages\/3857"}],"collection":[{"href":"https:\/\/www.fondazionedonatcattin.it\/index.php?rest_route=\/wp\/v2\/pages"}],"about":[{"href":"https:\/\/www.fondazionedonatcattin.it\/index.php?rest_route=\/wp\/v2\/types\/page"}],"author":[{"embeddable":true,"href":"https:\/\/www.fondazionedonatcattin.it\/index.php?rest_route=\/wp\/v2\/users\/11"}],"replies":[{"embeddable":true,"href":"https:\/\/www.fondazionedonatcattin.it\/index.php?rest_route=%2Fwp%2Fv2%2Fcomments&post=3857"}],"version-history":[{"count":0,"href":"https:\/\/www.fondazionedonatcattin.it\/index.php?rest_route=\/wp\/v2\/pages\/3857\/revisions"}],"up":[{"embeddable":true,"href":"https:\/\/www.fondazionedonatcattin.it\/index.php?rest_route=\/wp\/v2\/pages\/19"}],"wp:attachment":[{"href":"https:\/\/www.fondazionedonatcattin.it\/index.php?rest_route=%2Fwp%2Fv2%2Fmedia&parent=3857"}],"curies":[{"name":"wp","href":"https:\/\/api.w.org\/{rel}","templated":true}]}}