{"id":3837,"date":"2018-03-13T12:23:40","date_gmt":"2018-03-13T11:23:40","guid":{"rendered":"http:\/\/www.fondazionedonatcattin.it\/?page_id=3837"},"modified":"2022-12-16T10:42:44","modified_gmt":"2022-12-16T09:42:44","slug":"pubblicazioni-2-3-2","status":"publish","type":"page","link":"https:\/\/www.fondazionedonatcattin.it\/?page_id=3837","title":{"rendered":"&#8211;discorsi parlamentari"},"content":{"rendered":"<p>[vc_row][vc_column][\/vc_column][\/vc_row][vc_row][vc_column width=&#8221;1\/6&#8243;][vc_column_text]<a href=\"https:\/\/www.fondazionedonatcattin.it\/?page_id=1405\"><span style=\"color: #993300;\"><strong>Presentazione<\/strong><\/span><\/a><br \/>\n<a href=\"https:\/\/www.fondazionedonatcattin.it\/?page_id=1405\"><span style=\"color: #993300;\"><strong>Torino 18 marzo 2006<\/strong><\/span><\/a>[\/vc_column_text][\/vc_column][vc_column width=&#8221;2\/3&#8243;][vc_row_inner][vc_column_inner width=&#8221;1\/3&#8243;][vc_single_image image=&#8221;3838&#8243; img_size=&#8221;medium&#8221;][\/vc_column_inner][vc_column_inner width=&#8221;2\/3&#8243;][vc_column_text]<strong>Donat-Cattin<\/strong><\/p>\n<p><strong><span style=\"color: #993300;\">Discorsi parlamentari<\/span><\/strong><br \/>\n<strong>1958-1991<\/strong><\/p>\n<p>Camera dei deputati 2006<\/p>\n<p>1608 pp., 2 voll. a cura di <strong>G. Aimetti<\/strong><\/p>\n<div class=\"notranslate\" style=\"all: initial;\"><\/div>\n<p>[\/vc_column_text][\/vc_column_inner][\/vc_row_inner][vc_column_text]&nbsp;<\/p>\n<p style=\"text-align: justify;\"><strong>Interventi in aula prima come deputato e poi come ministro<\/strong>, caratterizzati sempre da un&#8217;attenzione ai problemi del lavoro, dell&#8217;economia, della politica industriale, della sanit\u00e0 e delle Istituzioni. Uno spaccato della storia d&#8217;Italia che si \u00e8 sviluppata in 33 anni di attivit\u00e0 al servizio del Paese. Si tratta di un percorso che parte dal 1958 per giungere fino all&#8217;inizio del 1991, dalla III alla X legislatura. Curatore del volume dei discorsi parlamentari \u00e8 il giornalista Giorgio Aimetti.<\/p>\n<p>[\/vc_column_text][vc_single_image image=&#8221;3838&#8243; img_size=&#8221;medium&#8221;][\/vc_column][vc_column width=&#8221;1\/6&#8243;][\/vc_column][\/vc_row]<\/p>\n","protected":false},"excerpt":{"rendered":"<p>[vc_row][vc_column][\/vc_column][\/vc_row][vc_row][vc_column width=&#8221;1\/6&#8243;][vc_column_text]Presentazione Torino 18 marzo 2006[\/vc_column_text][\/vc_column][vc_column width=&#8221;2\/3&#8243;][vc_row_inner][vc_column_inner width=&#8221;1\/3&#8243;][vc_single_image image=&#8221;3838&#8243; img_size=&#8221;medium&#8221;][\/vc_column_inner][vc_column_inner width=&#8221;2\/3&#8243;][vc_column_text]Donat-Cattin Discorsi parlamentari 1958-1991 Camera dei deputati 2006 1608 pp., 2 voll. a cura di G. Aimetti [\/vc_column_text][\/vc_column_inner][\/vc_row_inner][vc_column_text]&nbsp; Interventi in aula prima come deputato e poi come ministro, caratterizzati sempre da un&#8217;attenzione ai problemi del lavoro, dell&#8217;economia, della politica industriale, della sanit\u00e0 e delle Istituzioni. [&hellip;]<\/p>\n","protected":false},"author":11,"featured_media":0,"parent":19,"menu_order":0,"comment_status":"closed","ping_status":"closed","template":"","meta":{"footnotes":""},"_links":{"self":[{"href":"https:\/\/www.fondazionedonatcattin.it\/index.php?rest_route=\/wp\/v2\/pages\/3837"}],"collection":[{"href":"https:\/\/www.fondazionedonatcattin.it\/index.php?rest_route=\/wp\/v2\/pages"}],"about":[{"href":"https:\/\/www.fondazionedonatcattin.it\/index.php?rest_route=\/wp\/v2\/types\/page"}],"author":[{"embeddable":true,"href":"https:\/\/www.fondazionedonatcattin.it\/index.php?rest_route=\/wp\/v2\/users\/11"}],"replies":[{"embeddable":true,"href":"https:\/\/www.fondazionedonatcattin.it\/index.php?rest_route=%2Fwp%2Fv2%2Fcomments&post=3837"}],"version-history":[{"count":0,"href":"https:\/\/www.fondazionedonatcattin.it\/index.php?rest_route=\/wp\/v2\/pages\/3837\/revisions"}],"up":[{"embeddable":true,"href":"https:\/\/www.fondazionedonatcattin.it\/index.php?rest_route=\/wp\/v2\/pages\/19"}],"wp:attachment":[{"href":"https:\/\/www.fondazionedonatcattin.it\/index.php?rest_route=%2Fwp%2Fv2%2Fmedia&parent=3837"}],"curies":[{"name":"wp","href":"https:\/\/api.w.org\/{rel}","templated":true}]}}