{"id":3775,"date":"2018-03-13T12:23:29","date_gmt":"2018-03-13T11:23:29","guid":{"rendered":"http:\/\/www.fondazionedonatcattin.it\/?page_id=3775"},"modified":"2021-11-16T10:42:41","modified_gmt":"2021-11-16T09:42:41","slug":"attivita-20-2-3-2-2-2-3-2-3-2-4-2-3-2-2-4-2-2-3-6","status":"publish","type":"page","link":"https:\/\/www.fondazionedonatcattin.it\/?page_id=3775","title":{"rendered":"Il nostro lavoro in tempi difficili"},"content":{"rendered":"<p>[vc_row disable_element=&#8221;yes&#8221;][vc_column][vc_column_text el_class=&#8221;titolo-pagina&#8221;]<\/p>\n<h2><span style=\"color: #ffffff;\">Attivit\u00e0<\/span><\/h2>\n<p>[\/vc_column_text][vc_single_image image=&#8221;1656&#8243; img_size=&#8221;full&#8221;][vc_single_image][\/vc_column][\/vc_row][vc_row][vc_column width=&#8221;1\/4&#8243; css=&#8221;.vc_custom_1522232918134{background-color: #eaebed !important;}&#8221;][vc_column_text]<strong><a href=\"http:\/\/www.fondazionedonatcattin.it\/?page_id=490\">Archivio Eventi<\/a><\/strong>[\/vc_column_text][\/vc_column][vc_column width=&#8221;1\/2&#8243;][vc_column_text]<span style=\"color: #993300;\"><strong>Il nostro lavoro in tempi difficili<\/strong> <\/span><\/p>\n<p style=\"text-align: justify;\">Stiamo vivendo un tempo difficile, in cui ci travolgono sensazioni che mai avevamo provato in modo cos\u00ec diretto e violento: la paura, prima di tutto; e poi la constatazione della fragilit\u00e0 umana, proprio quando la scienza e la tecnica ci fanno sentire onnipotenti; e poi ancora la consapevolezza dei nuovi limiti con cui dovremo fare i conti nel futuro, perch\u00e9 le cose non torneranno come prima per un periodo che non sappiamo prevedere quanto lungo. Forse non torneranno mai come prima, come evocano coloro che parlano di <strong>\u201cfine della globalizzazione\u201d.<\/strong><br \/>\nIn questo tempo che coinvolge cos\u00ec drammaticamente la nostra condizione umana la <strong>\u201csospensione\u201d della cultura<\/strong>, nelle sue attivit\u00e0 e nelle sue istituzioni, rischia di avere effetti molto gravi. La quotidianit\u00e0 dei bollettini sui contagi fa dimenticare le grandi questioni umane e sociali; il blocco delle attivit\u00e0 e degli spostamenti rende pi\u00f9 difficili il confronto e la discussione; le limitazioni alle libert\u00e0 personali e sociali, pure necessarie, rischiano di minare il tessuto democratico e l\u2019impianto liberale della nostra societ\u00e0.<br \/>\nAnche noi abbiamo sospeso la nostra attivit\u00e0. <strong>Lavoriamo da casa, e garantiamo la vita ordinaria della Fondazione<\/strong>: il funzionamento della segreteria, i lavori di manutenzione e sviluppo dell\u2019archivio e della biblioteca. Tuttavia la consapevolezza del passaggio storico che stiamo vivendo ci spinge a non rinunciare, pure in condizioni operative difficili, al nostro lavoro di ricerca e di confronto. Lo facciamo nel quadro delle iniziative del <strong>Polo del \u2018900 (\u201cIl polo \u00e8 sempre on line\u201d)<\/strong>, utilizzando il nostro sito per realizzare tre obiettivi: <strong>1) <\/strong><strong>una incursione letteraria nella storia delle epidemie<\/strong>: ci sono tante analogie, e ci aiuta a capire che nulla rimarr\u00e0 come prima; <strong>2) una anticipazione del programma della Fondazione per i prossimi mesi<\/strong>, con testi, documenti ed interviste: non possiamo abbandonare al rischio della cancellazione iniziative su temi importanti del dibattito pubblico italiano; <strong>3)<\/strong> <strong>una rassegna di opinioni, una sorta di forum, su cosa ci attende per i prossimi anni sul piano economico e sociale<\/strong>: anche qui con interviste, articoli, segnalazioni. Aggiungiamo le<strong> \u201cPillole di Alberto Guasco\u201d,<\/strong> brevi riflessioni sulla storia contemporanea che il nostro amico Alberto Guasco, docente di storia contemporanea, predispone per i suoi allievi. Lo ringraziamo per averci consentito di utilizzarle. Allo stesso modo ringraziamo tutti i collaboratori della Fondazione, che con il \u201clavoro agile\u201d ma intenso, ci consentono la realizzazione di questo progetto.<\/p>\n<p>Sul nostro sito:<\/p>\n<ul>\n<li style=\"text-align: justify;\"><a href=\"http:\/\/www.fondazionedonatcattin.it\/?page_id=3907\"><strong>La peste di Londra 1664-1665. Raccontata e letta da Mariapia Donat-Cattin<\/strong><\/a><\/li>\n<li style=\"text-align: justify;\"><a href=\"http:\/\/www.fondazionedonatcattin.it\/?page_id=4002\"><strong>Le \u201cPillole di Alberto Guasco\u201d<\/strong><\/a><\/li>\n<li style=\"text-align: justify;\"><a href=\"http:\/\/www.fondazionedonatcattin.it\/?page_id=4105\"><strong>La Via Crucis della Settimana Santa 2020, a cura di Luca Rolandi<\/strong><\/a><\/li>\n<li><a href=\"http:\/\/www.fondazionedonatcattin.it\/?page_id=4349\"><strong>Dopo l&#8217;emergenza: idee per la ripresa di Torino e del Piemonte<\/strong><\/a><\/li>\n<li><a href=\"http:\/\/www.fondazionedonatcattin.it\/?page_id=4306\"><strong>Lo Statuto dei Lavoratori. Materiali per un convegno<\/strong><\/a><\/li>\n<li><a href=\"http:\/\/www.fondazionedonatcattin.it\/?page_id=4422\"><strong>Il ruolo dei cattolici democratici nella lotta di Liberazione<\/strong><\/a><\/li>\n<li><a href=\"http:\/\/www.fondazionedonatcattin.it\/?page_id=4577\"><strong>Buon compleanno alla Cisl che oggi compie 70 anni<\/strong><\/a><\/li>\n<li><a href=\"http:\/\/www.fondazionedonatcattin.it\/?page_id=4289\"><strong>La peste di Atene. Tucidide, Storie, II, 47-54. Letta da Mariapia Donat-Cattin<\/strong><\/a><\/li>\n<li><a href=\"http:\/\/www.fondazionedonatcattin.it\/?page_id=4711\"><strong>Lo Statuto di Carlo Donat-Cattin<\/strong><\/a><\/li>\n<li><a href=\"http:\/\/www.fondazionedonatcattin.it\/?page_id=4756\"><strong>A 50 anni dalla Statuto nei media<\/strong><\/a><\/li>\n<li><a href=\"http:\/\/www.fondazionedonatcattin.it\/?page_id=4896\"><strong>La Costituzione entra in fabbrica<\/strong><\/a><\/li>\n<li><a href=\"http:\/\/www.fondazionedonatcattin.it\/?page_id=4904\"><strong>2 giugno 1946 \u2013 2 giugno 2020. Nasce la Repubblica Italiana, storia e progetto per il futuro<\/strong><\/a><\/li>\n<li><a href=\"http:\/\/www.fondazionedonatcattin.it\/?page_id=4943\"><strong>Dal medico condotto al Servizio Sanitario Nazionale. Anticipazioni di una mostra<\/strong><\/a><\/li>\n<li><a href=\"http:\/\/www.fondazionedonatcattin.it\/wp-content\/uploads\/2020\/06\/una_vita_per_l_Italia.pdf\"><strong>Carlo Donat-Cattin. Una vita per l\u2019Italia<\/strong><span style=\"color: #000000;\"><br \/>\na cura di Mariapia Donat-Cattin, Roma 2020<\/span><\/a><\/li>\n<li><a href=\"http:\/\/www.fondazionedonatcattin.it\/wp-content\/uploads\/2020\/06\/un_partito_di_popolo_2020.pdf\"><strong>Un partito di popolo. Il Partito Popolare in Piemonte e la sua classe dirigente<\/strong> <span style=\"color: #000000;\"><br \/>\na cura di Bartolo Gariglio, Celid, 2020<\/span><\/a><\/li>\n<li><a href=\"http:\/\/www.fondazionedonatcattin.it\/?page_id=5010\"><strong>L\u2019Europa dopo il Covid. Il tempo dell\u2019ideale, il ritorno degli ideali. Incontro con David Sassoli<\/strong><\/a><\/li>\n<li><a href=\"http:\/\/www.fondazionedonatcattin.it\/?page_id=5362\"><strong>\u00c8 l\u2019et\u00e0 vostra. Un ricordo di Sergio Zavoli<\/strong><\/a><\/li>\n<li><a href=\"http:\/\/www.fondazionedonatcattin.it\/?page_id=5391\"><strong>Presentazione del libro Per un \u00abdiverso\u00bb Stato sociale. La parabola del diritto all\u2019istruzione nel nostro Paese di Anna Maria Poggi<\/strong><\/a><\/li>\n<li><a href=\"http:\/\/www.fondazionedonatcattin.it\/?page_id=5403\"><strong>Swinging Turin<\/strong><\/a><\/li>\n<li><a href=\"http:\/\/www.fondazionedonatcattin.it\/?page_id=5063\"><strong>Lo Statuto dei Lavoratori. 19 interviste di Alessandro Parola<\/strong><\/a><\/li>\n<li><a href=\"http:\/\/www.fondazionedonatcattin.it\/?page_id=5446\"><strong>Welfare State vs Welfare Society<\/strong><\/a><\/li>\n<li><a href=\"http:\/\/www.fondazionedonatcattin.it\/?page_id=5455\"><strong>Sanit\u00e0, fare l\u2019unit\u00e0 d\u2019italia. La salute dopo il coronavirus. Di Antonio Saitta<\/strong><\/a><\/li>\n<li><a href=\"http:\/\/www.fondazionedonatcattin.it\/?page_id=5498\"><strong>Professionisti della Comunicazione Economico-Sociale<\/strong><\/a><\/li>\n<li><a href=\"http:\/\/www.fondazionedonatcattin.it\/?page_id=5517\"><strong>Un confronto tra saperi. Intelligenza artificiale<\/strong><\/a><\/li>\n<li><a href=\"http:\/\/www.fondazionedonatcattin.it\/?page_id=5730\"><strong>Adriana Zarri. Teologa, scrittrice, un\u2019eremita nel mondo<\/strong><\/a><\/li>\n<li><a href=\"http:\/\/www.fondazionedonatcattin.it\/?page_id=5552\"><strong>La peste del Manzoni tra presente e passato<\/strong><\/a><\/li>\n<li><a href=\"http:\/\/www.fondazionedonatcattin.it\/?page_id=5692\"><strong>Lavoro e partecipazione<\/strong><\/a><\/li>\n<li><a href=\"http:\/\/www.fondazionedonatcattin.it\/?page_id=5624\"><strong>Rete degli archivi della Democrazia cristianae del cattolicesimo democratico piemontese<\/strong><\/a><\/li>\n<li><a href=\"http:\/\/www.fondazionedonatcattin.it\/?page_id=5896\"><strong>1970\u20132020 &#8211; Statuto dei lavoratori &#8211; Va cambiato o no?<\/strong><\/a><\/li>\n<li><a href=\"http:\/\/www.fondazionedonatcattin.it\/?page_id=5913\"><strong>Ambiente Umano Ambiente Naturale<\/strong><\/a><\/li>\n<li><a href=\"http:\/\/www.fondazionedonatcattin.it\/?page_id=5932\"><strong>Un Partito di popolo. Il Partito Popolare e la sua classe dirigente<\/strong><\/a><\/li>\n<li><a href=\"http:\/\/www.fondazionedonatcattin.it\/?page_id=6058\"><strong>Adriana Zarri: la rubrica Religioni<\/strong><\/a><\/li>\n<li><a href=\"http:\/\/www.fondazionedonatcattin.it\/?page_id=6031\"><strong>Settegiorni \u201cin sintesi\u201d<\/strong><br \/>\n<span style=\"color: #000000;\">di Gabriele Formigaro<\/span><\/a><\/li>\n<li><a href=\"http:\/\/www.fondazionedonatcattin.it\/?page_id=6011\"><strong>I giornali della Sinistra democristiana in Piemonte<\/strong><\/a><\/li>\n<li><a href=\"http:\/\/www.fondazionedonatcattin.it\/?page_id=6101\"><strong>In memoriam di &#8216;Celina&#8217;: con Camilla Ravera fond\u00f2 il Pcd&#8217;I a Torino<\/strong><\/a><\/li>\n<li><a href=\"http:\/\/www.fondazionedonatcattin.it\/?page_id=6122\"><strong>Il Dante di Levi <\/strong><\/a><br \/>\ndi Mariapia Donat-Cattin<\/li>\n<li><a href=\"http:\/\/www.fondazionedonatcattin.it\/?page_id=6199\"><strong>Franco Marini<\/strong><\/a><\/li>\n<li><a href=\"http:\/\/www.fondazionedonatcattin.it\/?page_id=6416\"><strong>La maggioranza dei ventenni vede un futuro senza figli<\/strong><\/a><\/li>\n<li><a href=\"http:\/\/www.fondazionedonatcattin.it\/?page_id=6696\"><strong>Senza sparare un colpo &#8211; Storie di Resistenza<\/strong><\/a><\/li>\n<li><a href=\"http:\/\/www.fondazionedonatcattin.it\/?page_id=6714\"><strong>Dai medici condotti al Servizio Sanitario Nazionale<\/strong><\/a><\/li>\n<li><a href=\"http:\/\/www.fondazionedonatcattin.it\/?page_id=6730\"><strong>Primo Maggio 2021- Canzoniere del Lavoro<\/strong><\/a><\/li>\n<li><a href=\"http:\/\/www.fondazionedonatcattin.it\/?page_id=6769\"><strong>La DC e l\u2019Italia nella seconda met\u00e0 del Novecento: un percorso di conoscenza e di ricerca<\/strong><\/a><\/li>\n<li><a href=\"http:\/\/www.fondazionedonatcattin.it\/?page_id=6785\"><strong>Musei della Medicina e della Sanit\u00e0 in Piemonte. Presente e futuro<\/strong><\/a><\/li>\n<li><a href=\"http:\/\/www.fondazionedonatcattin.it\/?page_id=6800\"><strong>Quale sanit\u00e0 in Italia dopo il coronavirus<\/strong><\/a><\/li>\n<li><a href=\"http:\/\/www.fondazionedonatcattin.it\/?page_id=6831\"><strong>Smartworking: lavoro libero o lavoro vigilato? Come cambiano lavoro e societ\u00e0 ai tempi del Coronavirus<\/strong><\/a><\/li>\n<li><a href=\"http:\/\/www.fondazionedonatcattin.it\/?page_id=6845\"><strong>Ammalarsi nel passato. Storie di medici e pazienti tra Ottocento e Novecento<\/strong><\/a><\/li>\n<li><a href=\"http:\/\/www.fondazionedonatcattin.it\/?page_id=6964\"><strong>Percorsi della sanit\u00e0 in Italia nell\u2019Archivio della Fondazione Donat-Cattin<\/strong><\/a><\/li>\n<li><a href=\"http:\/\/www.fondazionedonatcattin.it\/?page_id=7028\"><strong>Smartworking &#8211; La realt\u00e0 italiana dietro la parola inglese<\/strong><\/a><\/li>\n<li><a href=\"http:\/\/www.fondazionedonatcattin.it\/?page_id=7042\"><strong>Culle vuote: perch\u00e9 non si fanno figli? Questione demografica e prospettive dell&#8217;Italia<\/strong><\/a><\/li>\n<li><a href=\"http:\/\/www.fondazionedonatcattin.it\/?page_id=7057\"><strong>Franco Marini. Il popolare <\/strong><span style=\"color: #000000;\">di Giorgio Merlo, Edizioni Lavoro, 2021<\/span><\/a><\/li>\n<li><a href=\"http:\/\/www.fondazionedonatcattin.it\/?page_id=7105\"><strong>Smartworking e lavoratori: il sindacato alla prova del lavoro 4.0 <\/strong><\/a><\/li>\n<li><a href=\"http:\/\/www.fondazionedonatcattin.it\/?page_id=7161\"><strong>Coscienza civica e dove trovarla. Storie da un Italia che r-esiste <\/strong><\/a>di Gloria Schiavi e Luca Rolandi<\/li>\n<li><a href=\"http:\/\/www.fondazionedonatcattin.it\/?page_id=7640\"><strong>Carlo Trabucco: i diari di un sindaco<\/strong><\/a><\/li>\n<li><a href=\"http:\/\/www.fondazionedonatcattin.it\/?page_id=7625\"><strong>SOS AFGHANISTAN &#8211; Torino chiama Kabul<\/strong><\/a><\/li>\n<li><a href=\"http:\/\/www.fondazionedonatcattin.it\/?page_id=8310\"><strong>Formazione e pratica della comunicazione economico-sociale &#8211; A.A. 2021\/2022 <\/strong><\/a><\/li>\n<li><a href=\"http:\/\/www.fondazionedonatcattin.it\/?page_id=8327\"><strong>Giuseppe Dossetti la cultura politica cattolico-democratica e di ispirazione cristiana nel Novecento<\/strong><\/a><\/li>\n<li><a href=\"http:\/\/www.fondazionedonatcattin.it\/?page_id=8327\"><strong>Giuseppe Dossetti la cultura politica cattolico-democratica e di ispirazione cristiana nel Novecento<\/strong><\/a><\/li>\n<li><a href=\"http:\/\/www.fondazionedonatcattin.it\/?page_id=8310\"><strong>Formazione e pratica della comunicazione economico- sociale. A.A. 2021\/2022<\/strong><\/a><\/li>\n<li><a href=\"http:\/\/www.fondazionedonatcattin.it\/?page_id=8572\"><strong>Torino citt\u00e0 illuminata<\/strong><\/a><\/li>\n<li><a href=\"http:\/\/www.fondazionedonatcattin.it\/?page_id=8585\"><strong>Carlo Donat-Cattin. La vita e le idee di un democristiano scomodo<\/strong><\/a><\/li>\n<li><a href=\"http:\/\/www.fondazionedonatcattin.it\/?page_id=8762\"><strong>Il cattolicesimo politico nella storia dell\u2019Italia repubblicana<\/strong><\/a><\/li>\n<li><a href=\"http:\/\/www.fondazionedonatcattin.it\/?page_id=8807\"><strong>La coscienza infelice. Percezione e immagini della malattia mentale dal mito alle neuroscienze<\/strong><\/a><\/li>\n<li><a href=\"http:\/\/www.fondazionedonatcattin.it\/?page_id=9056\"><strong>Sfide sconfinate. Il tema dello sport attraverso incontri, dibattiti e spettacoli teatrali<\/strong><\/a><\/li>\n<\/ul>\n<p>[\/vc_column_text][\/vc_column][vc_column width=&#8221;1\/4&#8243;][\/vc_column][\/vc_row]<\/p>\n","protected":false},"excerpt":{"rendered":"<p>[vc_row disable_element=&#8221;yes&#8221;][vc_column][vc_column_text el_class=&#8221;titolo-pagina&#8221;] Attivit\u00e0 [\/vc_column_text][vc_single_image image=&#8221;1656&#8243; img_size=&#8221;full&#8221;][vc_single_image][\/vc_column][\/vc_row][vc_row][vc_column width=&#8221;1\/4&#8243; css=&#8221;.vc_custom_1522232918134{background-color: #eaebed !important;}&#8221;][vc_column_text]Archivio Eventi[\/vc_column_text][\/vc_column][vc_column width=&#8221;1\/2&#8243;][vc_column_text]Il nostro lavoro in tempi difficili Stiamo vivendo un tempo difficile, in cui ci travolgono sensazioni che mai avevamo provato in modo cos\u00ec diretto e violento: la paura, prima di tutto; e poi la constatazione della fragilit\u00e0 umana, proprio quando la scienza e [&hellip;]<\/p>\n","protected":false},"author":5,"featured_media":0,"parent":0,"menu_order":0,"comment_status":"closed","ping_status":"closed","template":"","meta":{"om_disable_all_campaigns":false,"_monsterinsights_skip_tracking":false,"_monsterinsights_sitenote_active":false,"_monsterinsights_sitenote_note":"","_monsterinsights_sitenote_category":0,"footnotes":""},"aioseo_notices":[],"_links":{"self":[{"href":"https:\/\/www.fondazionedonatcattin.it\/index.php?rest_route=\/wp\/v2\/pages\/3775"}],"collection":[{"href":"https:\/\/www.fondazionedonatcattin.it\/index.php?rest_route=\/wp\/v2\/pages"}],"about":[{"href":"https:\/\/www.fondazionedonatcattin.it\/index.php?rest_route=\/wp\/v2\/types\/page"}],"author":[{"embeddable":true,"href":"https:\/\/www.fondazionedonatcattin.it\/index.php?rest_route=\/wp\/v2\/users\/5"}],"replies":[{"embeddable":true,"href":"https:\/\/www.fondazionedonatcattin.it\/index.php?rest_route=%2Fwp%2Fv2%2Fcomments&post=3775"}],"version-history":[{"count":0,"href":"https:\/\/www.fondazionedonatcattin.it\/index.php?rest_route=\/wp\/v2\/pages\/3775\/revisions"}],"wp:attachment":[{"href":"https:\/\/www.fondazionedonatcattin.it\/index.php?rest_route=%2Fwp%2Fv2%2Fmedia&parent=3775"}],"curies":[{"name":"wp","href":"https:\/\/api.w.org\/{rel}","templated":true}]}}