{"id":3752,"date":"2018-03-13T12:23:29","date_gmt":"2018-03-13T11:23:29","guid":{"rendered":"http:\/\/www.fondazionedonatcattin.it\/?page_id=3752"},"modified":"2022-07-24T18:42:54","modified_gmt":"2022-07-24T16:42:54","slug":"attivita-20-2-3-2-2-2-3-2-3-2-4-2-3-2-2-3-2-4-3","status":"publish","type":"page","link":"https:\/\/www.fondazionedonatcattin.it\/?page_id=3752","title":{"rendered":"2019 &#8211; 11 novembre &#8211;  I granata"},"content":{"rendered":"<p>[vc_row disable_element=&#8221;yes&#8221;][vc_column][vc_column_text el_class=&#8221;titolo-pagina&#8221;]<\/p>\n<h2><span style=\"color: #ffffff;\">Attivit\u00e0<\/span><\/h2>\n<p>[\/vc_column_text][vc_single_image image=&#8221;1656&#8243; img_size=&#8221;full&#8221;][\/vc_column][\/vc_row][vc_row][vc_column width=&#8221;1\/4&#8243;][\/vc_column][vc_column width=&#8221;1\/2&#8243;][vc_column_text]<\/p>\n<h2><strong><span style=\"color: #800000;\">I granata<\/span><\/strong><\/h2>\n<p><strong><br \/>\nPolo del \u2019900, Via del Carmine 14, Sala didattica &#8211; Torino<br \/>\nLuned\u00ec 11 novembre 2019, ore 17:30 <\/strong><\/p>\n<p>Ingresso libero<\/p>\n<p><strong>\u00a0<\/strong><\/p>\n<p><img decoding=\"async\" loading=\"lazy\" class=\"alignnone wp-image-3275\" src=\"http:\/\/www.fondazionedonatcattin.it\/wp-content\/uploads\/2019\/10\/granata.jpg\" alt=\"\" width=\"599\" height=\"820\" \/><\/p>\n<p>Intervengono<\/p>\n<p><strong>Steve Della Casa<\/strong><br \/>\n<strong>Claudio Sala<\/strong><br \/>\n<strong>Antonio Comi<\/strong><br \/>\n<strong>Stefano Tallia<\/strong><\/p>\n<p>Modera<\/p>\n<p><strong>Tarcisio Mazzeo<\/strong><\/p>\n<p>\u201cI Granata\u201d, un titolo apparentemente semplice ma profondo. Con questo libro Giorgio Merlo e Marco Margrita evidenziano il cuore pulsante dell\u2019identit\u00e0 granata. Una identit\u00e0 culturale, ideale, sportiva e forse anche etica. E quindi storica. Dagli idoli della comunit\u00e0 ai luoghi \u201csacri\u201d; dalla coerenza dei tifosi agli allenatori pi\u00f9 carismatici; dalla peculiarit\u00e0 della tifoseria al ruolo dei dirigenti. Perch\u00e9 il Toro \u00e8 una grande comunit\u00e0 ideale, culturale e sportiva che suscita amicizia, rispetto, deferenza e passione.<\/p>\n<p><em>Autori<\/em><br \/>\n<em>Giorgio Merlo, giornalista professionista, Sindaco di Pragelato, gi\u00e0 parlamentare e dirigente politico nazionale, scrittore. Autore di numerosi libri e collaboratore di molti giornali e riviste culturali, \u00e8 alla sua seconda pubblicazione sul Torino, la sua vera grande passione civile e sportiva.<\/em><\/p>\n<p><em>Marco Margrita, classe 1977, giornalista e consulente nel settore della comunicazione. Direttore del settimanale \u201cIl nuovo Monviso\u201d e di \u201c2006 pi\u00f9 Magazine\u201d (voce del gruppo Dai Impresa), coordinatore della Echos Communication, collabora con diverse testate nazionali e locali.<\/em>[\/vc_column_text][\/vc_column][vc_column width=&#8221;1\/4&#8243;][\/vc_column][\/vc_row]<\/p>\n","protected":false},"excerpt":{"rendered":"<p>[vc_row disable_element=&#8221;yes&#8221;][vc_column][vc_column_text el_class=&#8221;titolo-pagina&#8221;] Attivit\u00e0 [\/vc_column_text][vc_single_image image=&#8221;1656&#8243; img_size=&#8221;full&#8221;][\/vc_column][\/vc_row][vc_row][vc_column width=&#8221;1\/4&#8243;][\/vc_column][vc_column width=&#8221;1\/2&#8243;][vc_column_text] I granata Polo del \u2019900, Via del Carmine 14, Sala didattica &#8211; Torino Luned\u00ec 11 novembre 2019, ore 17:30 Ingresso libero \u00a0 Intervengono Steve Della Casa Claudio Sala Antonio Comi Stefano Tallia Modera Tarcisio Mazzeo \u201cI Granata\u201d, un titolo apparentemente semplice ma profondo. Con questo libro [&hellip;]<\/p>\n","protected":false},"author":11,"featured_media":0,"parent":0,"menu_order":0,"comment_status":"closed","ping_status":"closed","template":"","meta":{"om_disable_all_campaigns":false,"_monsterinsights_skip_tracking":false,"_monsterinsights_sitenote_active":false,"_monsterinsights_sitenote_note":"","_monsterinsights_sitenote_category":0,"footnotes":""},"aioseo_notices":[],"_links":{"self":[{"href":"https:\/\/www.fondazionedonatcattin.it\/index.php?rest_route=\/wp\/v2\/pages\/3752"}],"collection":[{"href":"https:\/\/www.fondazionedonatcattin.it\/index.php?rest_route=\/wp\/v2\/pages"}],"about":[{"href":"https:\/\/www.fondazionedonatcattin.it\/index.php?rest_route=\/wp\/v2\/types\/page"}],"author":[{"embeddable":true,"href":"https:\/\/www.fondazionedonatcattin.it\/index.php?rest_route=\/wp\/v2\/users\/11"}],"replies":[{"embeddable":true,"href":"https:\/\/www.fondazionedonatcattin.it\/index.php?rest_route=%2Fwp%2Fv2%2Fcomments&post=3752"}],"version-history":[{"count":0,"href":"https:\/\/www.fondazionedonatcattin.it\/index.php?rest_route=\/wp\/v2\/pages\/3752\/revisions"}],"wp:attachment":[{"href":"https:\/\/www.fondazionedonatcattin.it\/index.php?rest_route=%2Fwp%2Fv2%2Fmedia&parent=3752"}],"curies":[{"name":"wp","href":"https:\/\/api.w.org\/{rel}","templated":true}]}}