{"id":3612,"date":"2018-03-13T12:23:29","date_gmt":"2018-03-13T11:23:29","guid":{"rendered":"http:\/\/www.fondazionedonatcattin.it\/?page_id=3612"},"modified":"2022-07-24T18:47:16","modified_gmt":"2022-07-24T16:47:16","slug":"attivita-20-2-3-2-2-2-3-2-3-2-4-2-3-2-2-4-2-2-3-3-2-2","status":"publish","type":"page","link":"https:\/\/www.fondazionedonatcattin.it\/?page_id=3612","title":{"rendered":"2019 &#8211; 18 dicembre Donne democristiane al governo di Torino"},"content":{"rendered":"<p>[vc_row disable_element=&#8221;yes&#8221;][vc_column][vc_column_text el_class=&#8221;titolo-pagina&#8221;]<\/p>\n<h2><span style=\"color: #ffffff;\">Attivit\u00e0<\/span><\/h2>\n<p>[\/vc_column_text][vc_single_image image=&#8221;1656&#8243; img_size=&#8221;full&#8221;][\/vc_column][\/vc_row][vc_row][vc_column width=&#8221;1\/4&#8243;][\/vc_column][vc_column width=&#8221;1\/2&#8243;][vc_column_text]<\/p>\n<h2 style=\"text-align: justify;\"><strong><span style=\"color: #800000;\">Ada Sibille Beraud,<br \/>\nMaria Tettamanzi Cesaro,<br \/>\nAnna Maria Viziale<\/span><\/strong><\/h2>\n<h1 style=\"text-align: justify;\">\n<span style=\"color: #000000;\"><strong>Donne democristiane al governo della citt\u00e0<br \/>\ndal 1951 al 1980<\/strong><\/span><\/h1>\n<p style=\"text-align: justify;\">\n<strong>Mercoled\u00ec 18 dicembre 2019, ore 17:00<\/strong><br \/>\n<strong>Sala Rossa &#8211; Palazzo Civico, Piazza Palazzo di Citt\u00e0 1, Torino<\/strong><\/p>\n<p style=\"text-align: justify;\">\n<strong>Si prega di confermare la presenza: 011.01122567<br \/>\nassociazioneconsiglieriemeriti@comune.torino.it<\/strong><\/p>\n<p><img decoding=\"async\" loading=\"lazy\" class=\"alignnone wp-image-3613\" src=\"http:\/\/www.fondazionedonatcattin.it\/wp-content\/uploads\/2019\/12\/INVITO-CONVEGNO-18-12-19_page-0001.jpg\" alt=\"\" width=\"951\" height=\"672\" \/><img decoding=\"async\" loading=\"lazy\" class=\"alignnone wp-image-3615\" src=\"http:\/\/www.fondazionedonatcattin.it\/wp-content\/uploads\/2019\/12\/INVITO-CONVEGNO-18-12-19-seconda-parte_page-0002.jpg\" alt=\"\" width=\"951\" height=\"672\" \/>[\/vc_column_text][\/vc_column][vc_column width=&#8221;1\/4&#8243;][\/vc_column][\/vc_row]<\/p>\n","protected":false},"excerpt":{"rendered":"<p>[vc_row disable_element=&#8221;yes&#8221;][vc_column][vc_column_text el_class=&#8221;titolo-pagina&#8221;] Attivit\u00e0 [\/vc_column_text][vc_single_image image=&#8221;1656&#8243; img_size=&#8221;full&#8221;][\/vc_column][\/vc_row][vc_row][vc_column width=&#8221;1\/4&#8243;][\/vc_column][vc_column width=&#8221;1\/2&#8243;][vc_column_text] Ada Sibille Beraud, Maria Tettamanzi Cesaro, Anna Maria Viziale Donne democristiane al governo della citt\u00e0 dal 1951 al 1980 Mercoled\u00ec 18 dicembre 2019, ore 17:00 Sala Rossa &#8211; Palazzo Civico, Piazza Palazzo di Citt\u00e0 1, Torino Si prega di confermare la presenza: 011.01122567 associazioneconsiglieriemeriti@comune.torino.it [\/vc_column_text][\/vc_column][vc_column width=&#8221;1\/4&#8243;][\/vc_column][\/vc_row]<\/p>\n","protected":false},"author":5,"featured_media":0,"parent":0,"menu_order":0,"comment_status":"closed","ping_status":"closed","template":"","meta":{"om_disable_all_campaigns":false,"_monsterinsights_skip_tracking":false,"_monsterinsights_sitenote_active":false,"_monsterinsights_sitenote_note":"","_monsterinsights_sitenote_category":0,"footnotes":""},"aioseo_notices":[],"_links":{"self":[{"href":"https:\/\/www.fondazionedonatcattin.it\/index.php?rest_route=\/wp\/v2\/pages\/3612"}],"collection":[{"href":"https:\/\/www.fondazionedonatcattin.it\/index.php?rest_route=\/wp\/v2\/pages"}],"about":[{"href":"https:\/\/www.fondazionedonatcattin.it\/index.php?rest_route=\/wp\/v2\/types\/page"}],"author":[{"embeddable":true,"href":"https:\/\/www.fondazionedonatcattin.it\/index.php?rest_route=\/wp\/v2\/users\/5"}],"replies":[{"embeddable":true,"href":"https:\/\/www.fondazionedonatcattin.it\/index.php?rest_route=%2Fwp%2Fv2%2Fcomments&post=3612"}],"version-history":[{"count":0,"href":"https:\/\/www.fondazionedonatcattin.it\/index.php?rest_route=\/wp\/v2\/pages\/3612\/revisions"}],"wp:attachment":[{"href":"https:\/\/www.fondazionedonatcattin.it\/index.php?rest_route=%2Fwp%2Fv2%2Fmedia&parent=3612"}],"curies":[{"name":"wp","href":"https:\/\/api.w.org\/{rel}","templated":true}]}}