{"id":3406,"date":"2018-03-13T12:22:37","date_gmt":"2018-03-13T11:22:37","guid":{"rendered":"http:\/\/www.fondazionedonatcattin.it\/?page_id=3406"},"modified":"2023-06-21T11:56:43","modified_gmt":"2023-06-21T09:56:43","slug":"biografia-01-2-3-2-2-2-2","status":"publish","type":"page","link":"https:\/\/www.fondazionedonatcattin.it\/?page_id=3406","title":{"rendered":"Settegiorni &#8211; Progetto 2019"},"content":{"rendered":"<p>[vc_row][vc_column][vc_single_image image=&#8221;3506&#8243; img_size=&#8221;full&#8221; alignment=&#8221;center&#8221;][\/vc_column][\/vc_row][vc_row][vc_column width=&#8221;1\/6&#8243;][vc_column_text]<\/p>\n<h3><span style=\"color: #000000;\"><strong>Approfondimenti:<\/strong><\/span><\/h3>\n<p>[\/vc_column_text][vc_column_text]<\/p>\n<h6><em><a href=\"http:\/\/www.fondazionedonatcattin.it\/?page_id=6031\">Settegiorni<br \/>\n&#8220;in sintesi&#8221;<\/a><\/em><\/h6>\n<p>[\/vc_column_text][vc_column_text]<\/p>\n<h6><em><a href=\"http:\/\/www.fondazionedonatcattin.it\/?page_id=6058\">Adriana Zarri: la rubrica Religioni<\/a><\/em><\/h6>\n<p>[\/vc_column_text][vc_column_text]<\/p>\n<h6><em><a href=\"http:\/\/www.fondazionedonatcattin.it\/?page_id=9437\">L\u2019informazione come strumento<br \/>\ndi democrazia<\/a><\/em><\/h6>\n<p>[\/vc_column_text][vc_column_text]<\/p>\n<h6><em><a href=\"https:\/\/www.fondazionedonatcattin.it\/?page_id=14749\">Settegiorni. Una rivista di Frontiera<br \/>\nRoma, Senato<br \/>\nSala Capitolare,<br \/>\n14 giugno 2023<\/a><\/em><\/h6>\n<p>[\/vc_column_text][\/vc_column][vc_column width=&#8221;2\/3&#8243;][vc_column_text]<\/p>\n<h2>Settegiorni in Italia e nel mondo<\/h2>\n<p>[\/vc_column_text][vc_column_text]<\/p>\n<p style=\"text-align: justify;\"><img decoding=\"async\" loading=\"lazy\" class=\"wp-image-3473 alignright\" src=\"http:\/\/www.fondazionedonatcattin.it\/wp-content\/uploads\/2019\/12\/n1-18.06.1967.jpg\" alt=\"\" width=\"230\" height=\"324\" \/><\/p>\n<p style=\"text-align: justify;\">La rivista settimanale Settegiorni, fondata da Carlo Donat-Cattin, nasce nel giugno 1967 a Roma e sar\u00e0 pubblicata in 366 numeri fino al luglio 1974. \u00c8 stata la rivista che pi\u00f9 di ogni altra ha accompagnato una generazione di giovani cattolici lungo quasi un decennio di forti tensioni e cambiamenti. Attraverso la rilettura della storia e dell\u2019esperienza sulle pagine di Settegiorni sar\u00e0 possibile cogliere anche le idee per le quali Carlo Donat-Cattin ha sempre lottato, idee che hanno segnato la storia nazionale, con significativi riflessi sul dibattito europeo e sulla contemporaneit\u00e0 e che oggi, libere dai condizionamenti del passato, potrebbero ancora una volta essere principi di ispirazione, trovando nuovo senso e nuovi interpreti. Analizzare l\u2019attivit\u00e0, le tematiche, l\u2019impegno politico-culturale di Settegiorni, la cui raccolta conservata nell\u2019Emeroteca della Fondazione \u00e8 l\u2019unica completa censita sia in biblioteche piemontesi che in Opac-SBN, significa anche ripercorrere otto anni di storia politica italiana in un periodo cruciale dell\u2019Italia repubblicana, per farne partecipe la comunit\u00e0, perch\u00e9 la conoscenza e la memoria storica costituiscono il momento primo di ogni azione di tutela.<\/p>\n<p style=\"text-align: justify;\"><img decoding=\"async\" loading=\"lazy\" class=\"alignleft wp-image-3478\" src=\"http:\/\/www.fondazionedonatcattin.it\/wp-content\/uploads\/2019\/12\/n366-07.07.74-1.jpg\" alt=\"\" width=\"230\" height=\"302\" \/>Con questo progetto avviato grazie ad uno specifico contributo della Regione Piemonte &#8211; Area Cultura Turismo e Sport, la Fondazione prosegue e potenziare la sua venticinquennale attivit\u00e0 di conservazione, inventariazione, studio e valorizzazione del patrimonio documentale afferente alla cultura politica e sociale piemontese e nazionale di area cristiano-cattolica del Novecento, e alle sue figure pi\u00f9 eminenti. L\u2019iniziativa s\u2019inserisce anche in modo organico e sistematico nell\u2019attivit\u00e0 culturale di lungo corso della Fondazione, nata per diffondere un filone di pensiero, quello cristiano sociale, che ebbe in Carlo Donat-Cattin un punto di riferimento autorevole e carismatico e per far luce sul suo contributo alla storia regionale e nazionale attraverso le sue raccolte documentarie e, pi\u00f9 in generale, risponde agli obiettivi statutari di studiare \u201cl\u2019evoluzione della societ\u00e0 contemporanea e di approfondire il contributo d\u2019idee e di azione che, in questo contesto, \u00e8 stato svolto dalla cultura politica e sociale di ispirazione cristiana\u201d.<br \/>\n<a href=\"http:\/\/id.sbn.it\/bid\/RML0029186\">Consulta la scheda sul Catalogo del Servizio Bibliotecario Nazionale<\/a>[\/vc_column_text][vc_column_text]<\/p>\n<h2><a href=\"https:\/\/archivi.polodel900.it\/periodici\/settegiorni\/\" target=\"_blank\" rel=\"noopener\"><span style=\"color: #993300;\">Settegiorni<\/span><\/a><\/h2>\n<p style=\"text-align: justify;\">\u00c8 possibile consultare i numeri di Settegiorni,che furono pubblicati dal 1967 al 1974 e sfogliare tutti i 366 fascicoli digitalizzati nell&#8217;archivio\u00a0 <a href=\"https:\/\/archivi.polodel900.it\/periodici\/settegiorni\/\" target=\"_blank\" rel=\"noopener\"><img decoding=\"async\" loading=\"lazy\" class=\"alignnone wp-image-9565\" src=\"https:\/\/www.fondazionedonatcattin.it\/wp-content\/uploads\/2021\/12\/9centro-1.jpg\" alt=\"\" width=\"72\" height=\"24\" \/><\/a> <a href=\"https:\/\/archivi.polodel900.it\/periodici\/settegiorni\/\" target=\"_blank\" rel=\"noopener\">link<\/a><\/p>\n<p><a href=\"\/wp-content\/uploads\/2023\/06\/INDICE-SETTEGIORNI.pdf\"><span style=\"color: #000000;\">Consulta l&#8217;indice degli articoli dei 366 numeri pubblicati<\/span> <span style=\"text-decoration: underline; color: #000000;\"><span style=\"color: #993300; text-decoration: underline;\">link<\/span> <\/span><\/a>[\/vc_column_text][\/vc_column][vc_column width=&#8221;1\/6&#8243;][\/vc_column][\/vc_row][vc_row][vc_column width=&#8221;1\/6&#8243;][vc_column_text][\/vc_column_text][\/vc_column][vc_column width=&#8221;2\/3&#8243;][\/vc_column][vc_column width=&#8221;1\/6&#8243;][\/vc_column][\/vc_row][vc_row][vc_column width=&#8221;1\/6&#8243;][\/vc_column][vc_column width=&#8221;2\/3&#8243;]<div id=\"ts-vcsc-anyslider-7587556-container\" class=\"ts-vcsc-anyslider-container\" style=\"margin-top: 0px; margin-bottom: 0px;\"><div id=\"ts-owlslider-controls-7587556\" class=\"ts-owlslider-controls\" style=\"display: block;\"><div id=\"ts-owlslider-controls-next-7587556\" style=\"display: block;\" class=\"ts-owlslider-controls-next\"><span class=\"ts-ecommerce-arrowright5\"><\/span><\/div><div id=\"ts-owlslider-controls-prev-7587556\" style=\"display: block;\" class=\"ts-owlslider-controls-prev\"><span class=\"ts-ecommerce-arrowleft5\"><\/span><\/div><\/div><div id=\"ts-vcsc-anyslider-7587556\" class=\"ts-vcsc-anyslider ts-owlslider-parent owl-carousel2  \" style=\"margin-top: 0px; margin-bottom: 0px;\" data-id=\"7587556\" data-items=\"6\" data-hashlinks=\"false\" data-hashname=\"anyhashname\" data-breakpointscustom=\"false\" data-breakpointitems=\"1,2,3,4,5,6,7,8\" data-rtl=\"false\" data-loop=\"true\" data-center=\"false\" data-navigation=\"true\" data-dots=\"true\" data-mobile=\"false\" data-animationin=\"ts-viewport-css-slideOutRight\" data-animationout=\"ts-viewport-css-slideOutDown\" data-height=\"true\" data-play=\"false\" data-bar=\"true\" data-color=\"#dd3333\" data-speed=\"5000\" data-hover=\"true\" data-margin=\"10\">[vc_single_image image=&#8221;3421&#8243; img_size=&#8221;full&#8221; onclick=&#8221;link_image&#8221; title=&#8221;1967&#8243;][vc_single_image image=&#8221;3419&#8243; img_size=&#8221;full&#8221; onclick=&#8221;link_image&#8221; title=&#8221;1968&#8243;][vc_single_image image=&#8221;3407&#8243; img_size=&#8221;full&#8221; onclick=&#8221;link_image&#8221; title=&#8221;1969&#8243;][vc_single_image image=&#8221;3409&#8243; img_size=&#8221;full&#8221; onclick=&#8221;link_image&#8221; title=&#8221;1970&#8243;][vc_single_image image=&#8221;3411&#8243; img_size=&#8221;full&#8221; onclick=&#8221;link_image&#8221; title=&#8221;1971&#8243;][vc_single_image image=&#8221;3413&#8243; img_size=&#8221;full&#8221; onclick=&#8221;link_image&#8221; title=&#8221;1972&#8243;][vc_single_image image=&#8221;3415&#8243; img_size=&#8221;full&#8221; onclick=&#8221;link_image&#8221; title=&#8221;1973&#8243;][vc_single_image image=&#8221;3417&#8243; img_size=&#8221;full&#8221; onclick=&#8221;link_image&#8221; title=&#8221;1974&#8243;]<\/div><\/div>[\/vc_column][vc_column width=&#8221;1\/6&#8243;][\/vc_column][\/vc_row][vc_row][vc_column]<div id=\"ts-vcsc-anygrid-7503799-container\" class=\"ts-vcsc-anygrid-container \" style=\"margin-top: 0px; margin-bottom: 0px;\" data-inline=\"false\" data-fullwidth=\"false\" data-break-parents=\"6\"><div id=\"ts-vcsc-anygrid-7503799-content\" class=\"ts-vcsc-anygrid-content\" data-id=\"7503799\" data-holder=\"ts-vcsc-anygrid-7503799-holder\" style=\"display: none;\"><\/div><div id=\"ts-vcsc-anygrid-7503799-holder\" class=\"ts-vcsc-anygrid ts-vcsc-anygrid-parent   ts-vcsc-anygrid-gridalicious\" data-id=\"7503799\" data-content=\"ts-vcsc-anygrid-7503799-content\" data-animate=\"true\" data-simple=\"true\" data-width=\"350\" data-gutter=\"2\"><\/div><\/div>[\/vc_column][\/vc_row]<\/p>\n","protected":false},"excerpt":{"rendered":"<p>[vc_row][vc_column][vc_single_image image=&#8221;3506&#8243; img_size=&#8221;full&#8221; alignment=&#8221;center&#8221;][\/vc_column][\/vc_row][vc_row][vc_column width=&#8221;1\/6&#8243;][vc_column_text] Approfondimenti: [\/vc_column_text][vc_column_text] Settegiorni &#8220;in sintesi&#8221; [\/vc_column_text][vc_column_text] Adriana Zarri: la rubrica Religioni [\/vc_column_text][vc_column_text] L\u2019informazione come strumento di democrazia [\/vc_column_text][vc_column_text] Settegiorni. Una rivista di Frontiera Roma, Senato Sala Capitolare, 14 giugno 2023 [\/vc_column_text][\/vc_column][vc_column width=&#8221;2\/3&#8243;][vc_column_text] Settegiorni in Italia e nel mondo [\/vc_column_text][vc_column_text] La rivista settimanale Settegiorni, fondata da Carlo Donat-Cattin, nasce nel giugno [&hellip;]<\/p>\n","protected":false},"author":11,"featured_media":0,"parent":336,"menu_order":0,"comment_status":"closed","ping_status":"closed","template":"","meta":{"footnotes":""},"_links":{"self":[{"href":"https:\/\/www.fondazionedonatcattin.it\/index.php?rest_route=\/wp\/v2\/pages\/3406"}],"collection":[{"href":"https:\/\/www.fondazionedonatcattin.it\/index.php?rest_route=\/wp\/v2\/pages"}],"about":[{"href":"https:\/\/www.fondazionedonatcattin.it\/index.php?rest_route=\/wp\/v2\/types\/page"}],"author":[{"embeddable":true,"href":"https:\/\/www.fondazionedonatcattin.it\/index.php?rest_route=\/wp\/v2\/users\/11"}],"replies":[{"embeddable":true,"href":"https:\/\/www.fondazionedonatcattin.it\/index.php?rest_route=%2Fwp%2Fv2%2Fcomments&post=3406"}],"version-history":[{"count":0,"href":"https:\/\/www.fondazionedonatcattin.it\/index.php?rest_route=\/wp\/v2\/pages\/3406\/revisions"}],"up":[{"embeddable":true,"href":"https:\/\/www.fondazionedonatcattin.it\/index.php?rest_route=\/wp\/v2\/pages\/336"}],"wp:attachment":[{"href":"https:\/\/www.fondazionedonatcattin.it\/index.php?rest_route=%2Fwp%2Fv2%2Fmedia&parent=3406"}],"curies":[{"name":"wp","href":"https:\/\/api.w.org\/{rel}","templated":true}]}}