{"id":3249,"date":"2018-03-13T12:25:03","date_gmt":"2018-03-13T11:25:03","guid":{"rendered":"http:\/\/www.fondazionedonatcattin.it\/?page_id=3249"},"modified":"2026-03-24T13:20:49","modified_gmt":"2026-03-24T12:20:49","slug":"home-2-2-2-2-2-5-2","status":"publish","type":"page","link":"https:\/\/www.fondazionedonatcattin.it\/","title":{"rendered":"Home"},"content":{"rendered":"<p>[vc_row parallax=&#8221;content-moving-fade&#8221; css=&#8221;.vc_custom_1648576190769{padding-right: 0px !important;padding-left: 0px !important;}&#8221;][vc_column][vc_single_image image=&#8221;108&#8243; img_size=&#8221;full&#8221;][vc_column_text]<\/p>\n<blockquote>\n<h4 style=\"text-align: center;\"><span style=\"font-size: 100%;\">Il coraggio della politica,<br \/>\nla necessit\u00e0 continua dello studio,<br \/>\ndell\u2019analisi e del confronto aperto.<\/span><\/h4>\n<\/blockquote>\n<p>[\/vc_column_text][vc_row_inner css=&#8221;.vc_custom_1617311083699{margin-top: -25px !important;}&#8221;][vc_column_inner width=&#8221;1\/4&#8243;][vc_single_image image=&#8221;4965&#8243; onclick=&#8221;custom_link&#8221; css_animation=&#8221;bounceInLeft&#8221; link=&#8221;\/?page_id=237&#8243;][\/vc_column_inner][vc_column_inner width=&#8221;1\/4&#8243;][\/vc_column_inner][vc_column_inner width=&#8221;1\/4&#8243;][vc_single_image image=&#8221;569&#8243; img_size=&#8221;full&#8221; alignment=&#8221;right&#8221;][\/vc_column_inner][vc_column_inner width=&#8221;1\/4&#8243;][\/vc_column_inner][\/vc_row_inner][\/vc_column][\/vc_row][vc_row disable_element=&#8221;yes&#8221; css=&#8221;.vc_custom_1715215411057{padding-right: 0px !important;padding-left: 0px !important;}&#8221;][vc_column width=&#8221;1\/6&#8243;][\/vc_column][vc_column width=&#8221;4\/6&#8243;][vc_video link=&#8221;https:\/\/youtu.be\/IcKoJJ65WIY?si=kkgGf8UM66bUU8w5&#8243;][vc_column_text]<\/p>\n<p class=\"style-scope ytd-watch-metadata\"><span class=\"yt-core-attributed-string yt-core-attributed-string--white-space-pre-wrap\" role=\"text\"><strong>Mercoled\u00ec 8 maggio 2024 | Ore 17:00-19:00<\/strong><br \/>\nDiretta streaming<br \/>\n<\/span>[\/vc_column_text][vc_separator color=&#8221;white&#8221;][\/vc_column][vc_column width=&#8221;1\/6&#8243;][\/vc_column][\/vc_row][vc_row full_width=&#8221;stretch_row&#8221; video_bg=&#8221;yes&#8221; video_bg_url=&#8221;https:\/\/www.youtube.com\/watch?v=fGpFA8NVM40&#8243; css=&#8221;.vc_custom_1682688469813{border-left-width: 0px !important;padding-top: 0px !important;padding-right: 0px !important;padding-bottom: 5px !important;background-color: #dddddd !important;background-position: 0 0 !important;background-repeat: repeat !important;}&#8221;][vc_column width=&#8221;2\/6&#8243;][vc_custom_heading text=&#8221;In primo piano&#8221; font_container=&#8221;tag:h1|font_size:40|text_align:left|color:%23ffffff&#8221; use_theme_fonts=&#8221;yes&#8221; css=&#8221;.vc_custom_1633891318614{margin-top: 0px !important;}&#8221;][\/vc_column][vc_column width=&#8221;1\/3&#8243;][\/vc_column][vc_column width=&#8221;1\/3&#8243;][vc_custom_heading text=&#8221;Leggi la nostra Newsletter \u276f&#8221; font_container=&#8221;tag:h1|font_size:20|text_align:center|color:%23ffffff&#8221; use_theme_fonts=&#8221;yes&#8221; css_animation=&#8221;slideInLeft&#8221; link=&#8221;url:%2F%3Fpage_id%3D9469|||&#8221;][\/vc_column][\/vc_row][vc_row full_width=&#8221;stretch_row_content&#8221;][vc_column][vc_empty_space][\/vc_column][\/vc_row][vc_row][vc_column][rev_slider_vc alias=&#8221;slider_04_2020-1&#8243;][\/vc_column][\/vc_row][vc_row][vc_column width=&#8221;1\/3&#8243;][vc_single_image image=&#8221;6668&#8243; img_size=&#8221;800&#215;600&#8243; alignment=&#8221;center&#8221; style=&#8221;vc_box_rounded&#8221; css_animation=&#8221;none&#8221;][vc_column_text css=&#8221;.vc_custom_1774354844586{margin-top: -10px !important;}&#8221;]<\/p>\n<h2 style=\"font-size: 170%;\"><a href=\"\/?page_id=18617\">I nostri eventi<\/a><\/h2>\n<p>[\/vc_column_text][\/vc_column][vc_column width=&#8221;1\/3&#8243;][vc_single_image image=&#8221;12811&#8243; img_size=&#8221;800&#215;600&#8243; alignment=&#8221;center&#8221; style=&#8221;vc_box_rounded&#8221;][vc_column_text css=&#8221;.vc_custom_1717744649595{margin-top: -10px !important;}&#8221;]<\/p>\n<h2 style=\"font-size: 170%;\"><a href=\"\/?page_id=8841\">Le pubblicazioni<\/a><\/h2>\n<p>[\/vc_column_text][\/vc_column][vc_column width=&#8221;1\/3&#8243;][vc_single_image image=&#8221;1699&#8243; img_size=&#8221;800&#215;600&#8243; alignment=&#8221;center&#8221; style=&#8221;vc_box_rounded&#8221;][vc_column_text css=&#8221;.vc_custom_1717744664929{margin-top: -10px !important;}&#8221;]<\/p>\n<h2 style=\"font-size: 160%;\"><a href=\"\/?page_id=8140\">Le carte raccontano<\/a><\/h2>\n<p>[\/vc_column_text][\/vc_column][\/vc_row][vc_row][vc_column width=&#8221;1\/3&#8243;][vc_single_image image=&#8221;9881&#8243; img_size=&#8221;800&#215;600&#8243; alignment=&#8221;center&#8221; style=&#8221;vc_box_rounded&#8221;][vc_column_text css=&#8221;.vc_custom_1717744679466{margin-top: -10px !important;}&#8221;]<\/p>\n<h2 style=\"font-size: 170%;\"><a href=\"\/?page_id=5624\">La rete degli archivi della DC<\/a><\/h2>\n<p>[\/vc_column_text][\/vc_column][vc_column width=&#8221;1\/3&#8243;][vc_single_image image=&#8221;2774&#8243; img_size=&#8221;800&#215;600&#8243; alignment=&#8221;center&#8221; style=&#8221;vc_box_rounded&#8221;][vc_column_text css=&#8221;.vc_custom_1717744692534{margin-top: -10px !important;}&#8221;]<\/p>\n<h2 style=\"font-size: 170%;\"><a href=\"\/?page_id=3358\">Carlo Donat-Cattin 1919-2019<\/a><\/h2>\n<p>[\/vc_column_text][\/vc_column][vc_column width=&#8221;1\/3&#8243;][vc_single_image image=&#8221;8200&#8243; img_size=&#8221;800&#215;600&#8243; alignment=&#8221;center&#8221; style=&#8221;vc_box_rounded&#8221;][vc_column_text css=&#8221;.vc_custom_1717744706304{margin-top: -10px !important;}&#8221;]<\/p>\n<h2 style=\"font-size: 170%;\"><a href=\"\/?page_id=8181\">Le ricerche della Fondazione<\/a><\/h2>\n<p>[\/vc_column_text][\/vc_column][\/vc_row][vc_row][vc_column width=&#8221;1\/3&#8243;][vc_single_image image=&#8221;17185&#8243; img_size=&#8221;800&#215;600&#8243; alignment=&#8221;center&#8221; style=&#8221;vc_box_rounded&#8221; onclick=&#8221;link_image&#8221; css_animation=&#8221;none&#8221;][vc_column_text css=&#8221;.vc_custom_1717744719323{margin-top: -10px !important;}&#8221;]<\/p>\n<h2 style=\"font-size: 170%;\"><a href=\"\/?page_id=3457\">Le novit\u00e0 librarie<\/a><\/h2>\n<p>[\/vc_column_text][\/vc_column][vc_column width=&#8221;1\/3&#8243;][vc_single_image image=&#8221;6026&#8243; img_size=&#8221;800&#215;600&#8243; alignment=&#8221;center&#8221; style=&#8221;vc_box_rounded&#8221;][vc_column_text css=&#8221;.vc_custom_1717744732567{margin-top: -10px !important;}&#8221;]<\/p>\n<h2 style=\"font-size: 170%;\"><a href=\"\/?page_id=6000\">Le riviste del \u2019900<\/a><\/h2>\n<p>[\/vc_column_text][\/vc_column][vc_column width=&#8221;1\/3&#8243;][vc_single_image image=&#8221;9592&#8243; img_size=&#8221;800&#215;600&#8243; alignment=&#8221;center&#8221; style=&#8221;vc_box_rounded&#8221;][vc_column_text css=&#8221;.vc_custom_1717744745110{margin-top: -10px !important;}&#8221;]<\/p>\n<h2 style=\"font-size: 170%;\"><a href=\"\/?page_id=9318\">Progetti integrati del Polo del \u2019900<\/a><\/h2>\n<p>[\/vc_column_text][\/vc_column][\/vc_row][vc_row parallax=&#8221;content-moving&#8221;][vc_column][vc_custom_heading text=&#8221;In evidenza&#8221; font_container=&#8221;tag:h1|font_size:40|text_align:left|color:%23ffffff&#8221; use_theme_fonts=&#8221;yes&#8221; css=&#8221;.vc_custom_1682001829582{padding-top: 20px !important;padding-bottom: 10px !important;padding-left: 15px !important;background-image: url(https:\/\/www.fondazionedonatcattin.it\/wp-content\/uploads\/2020\/11\/archive-1850170.jpg?id=5643) !important;background-position: center !important;background-repeat: no-repeat !important;background-size: cover !important;}&#8221;][\/vc_column][\/vc_row][vc_row full_height=&#8221;yes&#8221;][vc_column width=&#8221;6\/12&#8243;][vc_row_inner][vc_column_inner width=&#8221;1\/2&#8243;][vc_custom_heading text=&#8221;LE RIVISTE&#8221; font_container=&#8221;tag:h2|font_size:20|text_align:left|color:%23000000&#8243; use_theme_fonts=&#8221;yes&#8221;][vc_custom_heading text=&#8221;Settegiorni&#8221; font_container=&#8221;tag:h2|font_size:50|text_align:left&#8221; use_theme_fonts=&#8221;yes&#8221; css=&#8221;.vc_custom_1638187762089{margin-top: 0px !important;}&#8221;][vc_column_text]<\/p>\n<p style=\"text-align: justify;\">La rivista settimanale Settegiorni, fondata da Carlo Donat-Cattin, nasce nel giugno 1967 a Roma e sar\u00e0 pubblicata in 366 numeri fino al luglio 1974. \u00c8 stata la rivista che pi\u00f9 di ogni altra ha accompagnato una generazione di giovani cattolici lungo quasi un decennio di forti tensioni e cambiamenti.\u00a0 <a href=\"\/?page_id=3406\">Leggi tutto<\/a><\/p>\n<p>[\/vc_column_text][\/vc_column_inner][vc_column_inner width=&#8221;1\/2&#8243;][vc_single_image image=&#8221;3473&#8243; img_size=&#8221;full&#8221;][\/vc_column_inner][\/vc_row_inner][vc_separator css=&#8221;.vc_custom_1639477827500{margin-top: 0px !important;margin-bottom: 0px !important;}&#8221;][vc_row_inner][vc_column_inner width=&#8221;1\/4&#8243;][vc_single_image image=&#8221;9580&#8243; img_size=&#8221;800&#215;800&#8243;][\/vc_column_inner][vc_column_inner width=&#8221;3\/4&#8243;][vc_custom_heading text=&#8221;PROGETTI&#8221; font_container=&#8221;tag:h2|font_size:20|text_align:left|color:%23000000&#8243; use_theme_fonts=&#8221;yes&#8221;][vc_custom_heading text=&#8221;L\u2019informazione come strumento di democrazia&#8221; font_container=&#8221;tag:h2|font_size:33|text_align:left&#8221; use_theme_fonts=&#8221;yes&#8221; css=&#8221;.vc_custom_1672738403332{margin-top: 0px !important;}&#8221; link=&#8221;url:https%3A%2F%2Fwww.fondazionedonatcattin.it%2F%3Fpage_id%3D9437|||&#8221;][\/vc_column_inner][\/vc_row_inner][vc_column_text]<\/p>\n<p style=\"text-align: justify;\">Il progetto ha l\u2019obiettivo di catalogare, rendere fruibile on line e valorizzare il patrimonio librario e archivistico che la Fondazione conserva sul tema del giornalismo di area cattolica, con particolare attenzione alle esperienze maturate negli ambienti delle componenti progressiste della Democrazia Cristiana.\u00a0 <a href=\"https:\/\/www.fondazionedonatcattin.it\/?page_id=9437\">Leggi tutto<\/a><\/p>\n<p>[\/vc_column_text][\/vc_column][vc_column width=&#8221;2\/12&#8243; css=&#8221;.vc_custom_1637702088532{background-color: #f4f4f4 !important;}&#8221;][vc_gallery type=&#8221;image_grid&#8221; images=&#8221;4965&#8243; img_size=&#8221;full&#8221; onclick=&#8221;custom_link&#8221; custom_links_target=&#8221;_blank&#8221; css=&#8221;.vc_custom_1637830183375{margin-right: 0px !important;margin-left: 0px !important;padding-top: 15px !important;}&#8221; custom_links=&#8221;#E-8_aHR0cCUzQSUyRiUyRnd3dy5mb25kYXppb25lZG9uYXRjYXR0aW4uaXQlMkYlM0ZwYWdlX2lkJTNEMjM3&#8243;][vc_column_text css=&#8221;.vc_custom_1717744811590{border-top-width: 0px !important;border-right-width: 0px !important;border-bottom-width: 0px !important;border-left-width: 0px !important;}&#8221;]<\/p>\n<p style=\"text-align: justify;\">La Fondazione Carlo Donat-Cattin opera nel campo della cultura ed \u00e8 stata giuridicamente riconosciuta con D.M. il 5 marzo 1998. Puoi scegliere se fare una donazione singola o per un sostegno pi\u00f9 efficace, dando inizio ad una donazione regolare, tramite bonifico periodico. Una donazione regolare, per quanto contenuta, pu\u00f2 garantire futuro e continuit\u00e0 alle nostre iniziative. <a href=\"\/?page_id=237\">Leggi tutto<\/a><\/p>\n<p>[\/vc_column_text][\/vc_column][vc_column width=&#8221;4\/12&#8243;][vc_single_image image=&#8221;18236&#8243; img_size=&#8221;full&#8221;][vc_custom_heading text=&#8221;PROGETTI INTEGRATI DEL POLO DEL &#8216;900&#8243; font_container=&#8221;tag:h2|font_size:20|text_align:left|color:%23000000&#8243; use_theme_fonts=&#8221;yes&#8221;][vc_custom_heading text=&#8221;CAOS. GLI SGUARDI DELLA STORIA SUL DISORDINE GLOBALE&#8221; font_container=&#8221;tag:h2|font_size:30|text_align:left&#8221; use_theme_fonts=&#8221;yes&#8221; css=&#8221;.vc_custom_1762421142395{margin-top: 0px !important;}&#8221;][vc_column_text css=&#8221;.vc_custom_1762421170682{border-top-width: 0px !important;border-right-width: 0px !important;border-bottom-width: 0px !important;border-left-width: 0px !important;}&#8221;]<\/p>\n<p style=\"text-align: justify;\"><strong>La Winter school del Polo del \u2019900<\/strong><\/p>\n<p>[\/vc_column_text][vc_column_text]<\/p>\n<p style=\"text-align: justify;\"><strong>Il contributo della Fondazione Donat-Cattin: <span style=\"color: #993300;\">&#8220;<\/span><\/strong><strong><span style=\"color: #993300;\">La COP 30 e l\u2019attuazione giuridica dell\u2019Accordo di Parigi. <\/span><\/strong><strong><span style=\"color: #993300;\">Tra diritto internazionale e governance climatica&#8221;, <\/span><\/strong>a cura di <strong>David Donat Cattin<\/strong>, New York University e <strong>Mattia Colli Vignarelli<\/strong>, Universit\u00e0 di Torino.\u00a0Il laboratorio propone un seminario interattivo incentrato sul ruolo della COP 30, prevista nel 2025 a Bel\u00e9m, in Amazzonia, come occasione cruciale per rafforzare l\u2019attuazione giuridica dell\u2019Accordo di Parigi. Partendo da un\u2019analisi critica dell\u2019attuale sistema di governance climatica, fondato sulla buona fede degli Stati, il laboratorio invita a riflettere sulla necessit\u00e0 di introdurre meccanismi vincolanti e coercitivi per fronteggiare la crisi climatica. <a href=\"\/?page_id=18211\">Leggi tutto<\/a><\/p>\n<p>[\/vc_column_text][\/vc_column][\/vc_row][vc_row][vc_column][vc_separator][\/vc_column][\/vc_row][vc_row][vc_column width=&#8221;1\/4&#8243;][vc_custom_heading text=&#8221;LE CARTE RACCONTANO&#8221; font_container=&#8221;tag:h2|font_size:20|text_align:left|color:%23000000&#8243; use_theme_fonts=&#8221;yes&#8221;][vc_custom_heading text=&#8221;Lo Statuto dei Lavoratori&#8221; use_theme_fonts=&#8221;yes&#8221; css=&#8221;.vc_custom_1637702179745{margin-top: 0px !important;}&#8221;][vc_single_image image=&#8221;4879&#8243; img_size=&#8221;full&#8221;][vc_column_text]<\/p>\n<p style=\"text-align: justify;\">Lo \u201cStatuto dei lavoratori\u201d ha rappresentato uno spartiacque nelle relazioni sindacali in Italia, frutto del riformismo del primo centro-sinistra sotto il nome del ministro socialista Giacomo Brodolini e di quello democristiano Carlo Donat-Cattin. Per comprendere meglio un passaggio fondamentale della storia repubblicana, e discutere sul lascito che ci consegna, la nostra Fondazione ha organizzato numerose iniziative di ricerca e di discussione, curato pubblicazioni, raccolto materiali e testimonianze. <a href=\"\/?page_id=4306\">Leggi tutto<\/a><\/p>\n<p>[\/vc_column_text][\/vc_column][vc_column width=&#8221;1\/2&#8243; css=&#8221;.vc_custom_1637830069704{padding-top: 0px !important;background-color: #f4f4f4 !important;}&#8221;][vc_custom_heading text=&#8221;MATERIALI DI APPROFONDIMENTO&#8221; font_container=&#8221;tag:h2|font_size:20|text_align:left|color:%23000000&#8243; use_theme_fonts=&#8221;yes&#8221;][vc_column_text]<\/p>\n<p style=\"text-align: justify;\">I convegni, le conferenze e i dibattiti organizzati dalla Fondazione hanno sovente contenuti di rilievo per aiutare l\u2019interpretazione di fatti significativi della storia italiana, o per approfondire la conoscenza di importanti questioni dell\u2019attualit\u00e0. Per non disperderli dedichiamo questa sezione del nostro sito alla pubblicazione, in forma di \u201cAtti\u201d, dei testi proposti dai relatori. <a href=\"\/?page_id=15548\">(vai alla pagina)<\/a><\/p>\n<p>[\/vc_column_text][vc_hoverbox image=&#8221;3209&#8243; primary_title=&#8221;L&#8217;autunno caldo 50 anni dopo&#8221; primary_title_font_container=&#8221;color:%23ffffff&#8221; primary_title_google_fonts=&#8221;font_family:Alegreya%3Aregular%2Citalic%2C700%2C700italic%2C900%2C900italic|font_style:400%20regular%3A400%3Anormal&#8221; hover_title=&#8221;L&#8217;autunno caldo 50 anni dopo&#8221; hover_background_color=&#8221;white&#8221; use_custom_fonts_primary_title=&#8221;true&#8221; primary_title_link=&#8221;url:%2F%3Fpage_id%3D9831|||&#8221;]Dalle lotte di fabbrica alla mediazione di Carlo Donat-Cattin <a href=\"https:\/\/www.fondazionedonatcattin.it\/?page_id=9831\">(atti del convegno)<\/a>[\/vc_hoverbox][vc_hoverbox image=&#8221;10647&#8243; primary_title=&#8221;Armenia&#8221; primary_title_font_container=&#8221;color:%23ffffff&#8221; primary_title_google_fonts=&#8221;font_family:Alegreya%3Aregular%2Citalic%2C700%2C700italic%2C900%2C900italic|font_style:400%20regular%3A400%3Anormal&#8221; hover_title=&#8221;Armenia&#8221; use_custom_fonts_primary_title=&#8221;true&#8221; primary_title_link=&#8221;url:%2F%3Fpage_id%3D15558|||&#8221;]Terra senza pace a Est dell\u2019alba <a href=\"https:\/\/www.fondazionedonatcattin.it\/?page_id=15558\">(atti del convegno)<\/a>[\/vc_hoverbox][vc_hoverbox image=&#8221;17788&#8243; primary_title=&#8221;Guido Bodrato&#8221; primary_title_font_container=&#8221;color:%23ffffff&#8221; primary_title_google_fonts=&#8221;font_family:Alegreya%3Aregular%2Citalic%2C700%2C700italic%2C900%2C900italic|font_style:400%20regular%3A400%3Anormal&#8221; hover_title=&#8221;Guido Bodrato&#8221; use_custom_fonts_primary_title=&#8221;true&#8221; primary_title_link=&#8221;url:%2F%3Fpage_id%3D15558|||&#8221;]La dignit\u00e0 della politica <a href=\"\/?page_id=17778\">(atti del convegno)<\/a><\/p>\n<p>&nbsp;<\/p>\n<p>&nbsp;[\/vc_hoverbox][\/vc_column][vc_column width=&#8221;1\/4&#8243;][vc_single_image image=&#8221;6682&#8243; img_size=&#8221;full&#8221;][vc_custom_heading text=&#8221;SMARTWORKING&#8221; font_container=&#8221;tag:h2|font_size:20|text_align:left|color:%23000000&#8243; use_theme_fonts=&#8221;yes&#8221;][vc_custom_heading text=&#8221;Un ciclo di seminari, organizzati dalla Fondazione Donat-Cattin in collaborazione con l&#8217;Ufficio per la Pastorale sociale e del lavoro dell&#8217;Archidiocesi di Torino e con la CISL Torino e Canavese.&#8221; font_container=&#8221;tag:h2|font_size:20|text_align:left|color:%23b96255&#8243; use_theme_fonts=&#8221;yes&#8221; css=&#8221;.vc_custom_1717744870090{margin-top: 0px !important;}&#8221; link=&#8221;url:%2F%3Fpage_id%3D6831|||&#8221;][vc_separator][vc_custom_heading text=&#8221;TIROCINIO CURRICULARE&#8221; font_container=&#8221;tag:h2|font_size:20|text_align:left|color:%23000000&#8243; use_theme_fonts=&#8221;yes&#8221;][vc_custom_heading text=&#8221;Professionisti della Comunicazione Economico-Sociale&#8221; font_container=&#8221;tag:h2|font_size:20|text_align:left|color:%23b96255&#8243; use_theme_fonts=&#8221;yes&#8221; css=&#8221;.vc_custom_1717744904830{margin-top: 0px !important;}&#8221; link=&#8221;url:%2F%3Fpage_id%3D8310|||&#8221;][\/vc_column][\/vc_row][vc_row][vc_column][\/vc_column][\/vc_row]<\/p>\n","protected":false},"excerpt":{"rendered":"<p>[vc_row parallax=&#8221;content-moving-fade&#8221; css=&#8221;.vc_custom_1648576190769{padding-right: 0px !important;padding-left: 0px !important;}&#8221;][vc_column][vc_single_image image=&#8221;108&#8243; img_size=&#8221;full&#8221;][vc_column_text] Il coraggio della politica, la necessit\u00e0 continua dello studio, dell\u2019analisi e del confronto aperto. [\/vc_column_text][vc_row_inner css=&#8221;.vc_custom_1617311083699{margin-top: -25px !important;}&#8221;][vc_column_inner width=&#8221;1\/4&#8243;][vc_single_image image=&#8221;4965&#8243; onclick=&#8221;custom_link&#8221; css_animation=&#8221;bounceInLeft&#8221; link=&#8221;\/?page_id=237&#8243;][\/vc_column_inner][vc_column_inner width=&#8221;1\/4&#8243;][\/vc_column_inner][vc_column_inner width=&#8221;1\/4&#8243;][vc_single_image image=&#8221;569&#8243; img_size=&#8221;full&#8221; alignment=&#8221;right&#8221;][\/vc_column_inner][vc_column_inner width=&#8221;1\/4&#8243;][\/vc_column_inner][\/vc_row_inner][\/vc_column][\/vc_row][vc_row disable_element=&#8221;yes&#8221; css=&#8221;.vc_custom_1715215411057{padding-right: 0px !important;padding-left: 0px !important;}&#8221;][vc_column width=&#8221;1\/6&#8243;][\/vc_column][vc_column width=&#8221;4\/6&#8243;][vc_video link=&#8221;https:\/\/youtu.be\/IcKoJJ65WIY?si=kkgGf8UM66bUU8w5&#8243;][vc_column_text] Mercoled\u00ec 8 maggio 2024 | Ore 17:00-19:00 Diretta [&hellip;]<\/p>\n","protected":false},"author":11,"featured_media":0,"parent":0,"menu_order":0,"comment_status":"closed","ping_status":"closed","template":"","meta":{"om_disable_all_campaigns":false,"_monsterinsights_skip_tracking":false,"_monsterinsights_sitenote_active":false,"_monsterinsights_sitenote_note":"","_monsterinsights_sitenote_category":0,"footnotes":""},"aioseo_notices":[],"_links":{"self":[{"href":"https:\/\/www.fondazionedonatcattin.it\/index.php?rest_route=\/wp\/v2\/pages\/3249"}],"collection":[{"href":"https:\/\/www.fondazionedonatcattin.it\/index.php?rest_route=\/wp\/v2\/pages"}],"about":[{"href":"https:\/\/www.fondazionedonatcattin.it\/index.php?rest_route=\/wp\/v2\/types\/page"}],"author":[{"embeddable":true,"href":"https:\/\/www.fondazionedonatcattin.it\/index.php?rest_route=\/wp\/v2\/users\/11"}],"replies":[{"embeddable":true,"href":"https:\/\/www.fondazionedonatcattin.it\/index.php?rest_route=%2Fwp%2Fv2%2Fcomments&post=3249"}],"version-history":[{"count":4,"href":"https:\/\/www.fondazionedonatcattin.it\/index.php?rest_route=\/wp\/v2\/pages\/3249\/revisions"}],"predecessor-version":[{"id":18631,"href":"https:\/\/www.fondazionedonatcattin.it\/index.php?rest_route=\/wp\/v2\/pages\/3249\/revisions\/18631"}],"wp:attachment":[{"href":"https:\/\/www.fondazionedonatcattin.it\/index.php?rest_route=%2Fwp%2Fv2%2Fmedia&parent=3249"}],"curies":[{"name":"wp","href":"https:\/\/api.w.org\/{rel}","templated":true}]}}