{"id":2348,"date":"2019-02-18T14:46:57","date_gmt":"2019-02-18T13:46:57","guid":{"rendered":"http:\/\/www.fondazionedonatcattin.it?page_id=2348"},"modified":"2022-05-01T10:21:27","modified_gmt":"2022-05-01T08:21:27","slug":"statuto-dei-lavoratori-3","status":"publish","type":"page","link":"https:\/\/www.fondazionedonatcattin.it\/?page_id=2348","title":{"rendered":"Il progetto (2)"},"content":{"rendered":"<p>[vc_row][vc_column][vc_column_text el_class=&#8221;titolo-pagina&#8221;][\/vc_column_text][vc_single_image image=&#8221;1702&#8243; img_size=&#8221;full&#8221;][\/vc_column][\/vc_row][vc_row][vc_column width=&#8221;1\/6&#8243; css=&#8221;.vc_custom_1522256711573{background-color: #f4f4f4 !important;}&#8221;][vc_column_text]<\/p>\n<p style=\"text-align: left;\"><strong><a href=\"http:\/\/www.fondazionedonatcattin.it\/?page_id=2329\">Lavoro ed economia<\/a><\/strong><\/p>\n<p style=\"text-align: left;\"><strong>Un percorso fra le carte<\/strong><\/p>\n<p style=\"text-align: left;\"><strong><a href=\"http:\/\/www.fondazionedonatcattin.it\/?3d-flip-book=carlo-donat-cattin-e-la-centralita-del-lavoro\" target=\"_blank\" rel=\"noopener noreferrer\">Carlo Donat-Cattin e la centralit\u00e0 del lavoro<\/a><\/strong><\/p>\n<p style=\"text-align: left;\"><strong><a href=\"http:\/\/www.fondazionedonatcattin.it\/?3d-flip-book=economia-italiana-del-secondo-dopoguerra\" target=\"_blank\" rel=\"noopener noreferrer\">L\u2019economia italiana del Secondo Dopoguerra negli archivi di Carlo Donat-Cattin<\/a><\/strong><\/p>\n<p style=\"text-align: left;\"><strong><a href=\"http:\/\/www.fondazionedonatcattin.it?page_id=2356\">Documenti e immagini<\/a><\/strong><\/p>\n<p style=\"text-align: left;\"><strong><a href=\"http:\/\/www.fondazionedonatcattin.it?page_id=2354\">La stampa dell\u2019epoca<\/a><\/strong><\/p>\n<div style=\"text-align: left;\">\n<div>\n<div>\n<div>\n<figure>\n<div><\/div>\n<\/figure>\n<\/div>\n<\/div>\n<\/div>\n<\/div>\n<div>\n<div>\n<div>\n<div>\n<div>\n<p style=\"text-align: left;\"><strong><a href=\"http:\/\/www.fondazionedonatcattin.it?page_id=2372\">L\u2019Archivio<\/a><\/strong><\/p>\n<p style=\"text-align: left;\"><strong><a href=\"http:\/\/archivi.polodel900.it\/entita\/51574-donat-cattin-carlo-lt-1919-06-26-1991-03-17-gt\/\">Note biografiche<\/a><\/strong><\/p>\n<p style=\"text-align: left;\"><strong><a href=\"http:\/\/www.fondazionedonatcattin.it\/wp-content\/uploads\/2019\/02\/Cronologia-Donat-Cattin.pdf\">Cronologia<\/a><\/strong><\/p>\n<\/div>\n<\/div>\n<\/div>\n<\/div>\n<\/div>\n<p>[\/vc_column_text][\/vc_column][vc_column width=&#8221;2\/3&#8243;][vc_column_text]<\/p>\n<h2>Il progetto<\/h2>\n<p>[\/vc_column_text][vc_column_text]<\/p>\n<h1 style=\"text-align: center;\"><strong>Lavoro ed economia<\/strong><\/h1>\n<h3 style=\"text-align: center;\"><strong>Un percorso fra le carte dell&#8217;archivio di Carlo Donat-Cattin<\/strong><strong>\u00a0<\/strong><\/h3>\n<p>&nbsp;<\/p>\n<p style=\"text-align: justify;\">Carlo Donat-Cattin &#8211; il sindacalista, il ministro \u201cdei lavoratori\u201d, il leader della sinistra Dc &#8211; sapeva guardare lontano, perch\u00e9 da lontano partiva: dalla Resistenza, dagli albori della Cisl, dall\u2019Italia del dopoguerra, per attraversare il \u2019900 nei ministeri chiave della storia italiana: Lavoro, Partecipazioni statali, Interventi straordinari del Mezzogiorno, Industria, Sanit\u00e0.<\/p>\n<p style=\"text-align: justify;\">Questo progetto focalizza l&#8217;attenzione su due tematiche: lavoro ed economia. E intorno a esse propone un percorso fra le carte d&#8217;archivio che consente di mettere in luce il ruolo centrale che esse occupano nel corso di tutta la vita pubblica di <a href=\"http:\/\/archivi.polodel900.it\/entita\/51574-donat-cattin-carlo-lt-1919-06-26-1991-03-17-gt\/\">Carlo Donat-Cattin<\/a>.<\/p>\n<p style=\"text-align: justify;\">Alle spalle del decennio 1969-1978, l&#8217;apice della sua esperienza politica (sar\u00e0 ministro del Lavoro dall&#8217;agosto 1969 al 1972 e ministro dell&#8217;Industria dal novembre 1974 al novembre 1978) si snoda una storia che ha inizio, durante il periodo resistenziale, con la breve ma significativa esperienza di lavoro alla Olivetti di Ivrea e che, passando per l&#8217;impegno giornalistico, sindacale e parlamentare, giunge sino all&#8217;esperienza di governo.<\/p>\n<p style=\"text-align: justify;\">Un primo progetto messo in campo qualche anno fa dalla Fondazione, grazie anche alla collaborazione con l&#8217;Archivio Centrale dello Stato, aveva avuto come sbocco principale la pubblicazione del volume <em>Quando l&#8217;operaio diventa cittadino. Statuto dei diritti dei lavoratori: una storia di diritti\u00a0<\/em>[Roma, 2016], costituito da un corposo saggio dello storico Alessandro Parola e da una ricca appendice documentaria.<\/p>\n<p style=\"text-align: justify;\">Questa volta la modalit\u00e0 comunicativa adottata \u00e8 diversa. Attraverso l&#8217;immersione nell&#8217;archivio personale di Carlo Donat- Cattin \u00e8 stato individuato un nucleo di &#8216;documenti&#8217; da digitalizzare e collocare all&#8217;interno della piattaforma digitale <a href=\"http:\/\/archivi.polodel900.it\/oggetti\/46956-carlo-donat-cattin\/\"><strong>9centro<\/strong><\/a>\u00a0in modo che possano essere direttamente consultabili. Sul sito della Fondazione verranno pubblicati via via strumenti di lettura, contestualizzazione e interpretazione dei documenti stessi.<\/p>\n<p style=\"text-align: justify;\">Il progetto \u00e8 stato realizzato grazie al contributo della Regione Piemonte. Direzione Promozione della Cultura, del Turismo e dello Sport.<\/p>\n<p>[\/vc_column_text][\/vc_column][vc_column width=&#8221;1\/6&#8243;][\/vc_column][\/vc_row][vc_row][vc_column width=&#8221;1\/6&#8243;][\/vc_column][vc_column width=&#8221;1\/6&#8243;][\/vc_column][\/vc_row]<\/p>\n","protected":false},"excerpt":{"rendered":"<p>[vc_row][vc_column][vc_column_text el_class=&#8221;titolo-pagina&#8221;][\/vc_column_text][vc_single_image image=&#8221;1702&#8243; img_size=&#8221;full&#8221;][\/vc_column][\/vc_row][vc_row][vc_column width=&#8221;1\/6&#8243; css=&#8221;.vc_custom_1522256711573{background-color: #f4f4f4 !important;}&#8221;][vc_column_text] Lavoro ed economia Un percorso fra le carte Carlo Donat-Cattin e la centralit\u00e0 del lavoro L\u2019economia italiana del Secondo Dopoguerra negli archivi di Carlo Donat-Cattin Documenti e immagini La stampa dell\u2019epoca L\u2019Archivio Note biografiche Cronologia [\/vc_column_text][\/vc_column][vc_column width=&#8221;2\/3&#8243;][vc_column_text] Il progetto [\/vc_column_text][vc_column_text] Lavoro ed economia Un percorso fra le [&hellip;]<\/p>\n","protected":false},"author":5,"featured_media":0,"parent":21,"menu_order":0,"comment_status":"closed","ping_status":"closed","template":"","meta":{"footnotes":""},"_links":{"self":[{"href":"https:\/\/www.fondazionedonatcattin.it\/index.php?rest_route=\/wp\/v2\/pages\/2348"}],"collection":[{"href":"https:\/\/www.fondazionedonatcattin.it\/index.php?rest_route=\/wp\/v2\/pages"}],"about":[{"href":"https:\/\/www.fondazionedonatcattin.it\/index.php?rest_route=\/wp\/v2\/types\/page"}],"author":[{"embeddable":true,"href":"https:\/\/www.fondazionedonatcattin.it\/index.php?rest_route=\/wp\/v2\/users\/5"}],"replies":[{"embeddable":true,"href":"https:\/\/www.fondazionedonatcattin.it\/index.php?rest_route=%2Fwp%2Fv2%2Fcomments&post=2348"}],"version-history":[{"count":0,"href":"https:\/\/www.fondazionedonatcattin.it\/index.php?rest_route=\/wp\/v2\/pages\/2348\/revisions"}],"up":[{"embeddable":true,"href":"https:\/\/www.fondazionedonatcattin.it\/index.php?rest_route=\/wp\/v2\/pages\/21"}],"wp:attachment":[{"href":"https:\/\/www.fondazionedonatcattin.it\/index.php?rest_route=%2Fwp%2Fv2%2Fmedia&parent=2348"}],"curies":[{"name":"wp","href":"https:\/\/api.w.org\/{rel}","templated":true}]}}