{"id":2178,"date":"2018-03-13T12:23:29","date_gmt":"2018-03-13T11:23:29","guid":{"rendered":"http:\/\/www.fondazionedonatcattin.it?page_id=2178"},"modified":"2022-10-23T11:52:59","modified_gmt":"2022-10-23T09:52:59","slug":"attivita-20-2-3-2-2-2-3-2-3-2-4-2","status":"publish","type":"page","link":"https:\/\/www.fondazionedonatcattin.it\/?page_id=2178","title":{"rendered":"2018 &#8211; 23 novembre &#8211; Luigi Sturzo"},"content":{"rendered":"<p>[vc_row disable_element=&#8221;yes&#8221;][vc_column][vc_column_text el_class=&#8221;titolo-pagina&#8221;]<\/p>\n<h2><span style=\"color: #ffffff;\">Attivit\u00e0<\/span><\/h2>\n<p>[\/vc_column_text][vc_single_image image=&#8221;1656&#8243; img_size=&#8221;full&#8221;][\/vc_column][\/vc_row][vc_row][vc_column width=&#8221;1\/4&#8243;][\/vc_column][vc_column width=&#8221;1\/2&#8243;][vc_column_text]<strong>1919-2019 Centenario di Fondazione del Partito Popolare Italiano<br \/>\n<\/strong><\/p>\n<p>&nbsp;<\/p>\n<h2 style=\"text-align: left;\"><strong>La grandezza di un leader:<br \/>\nLuigi Sturzo<\/strong><\/h2>\n<p>&nbsp;<\/p>\n<p><strong>23 novembre 2018 &#8211; ore 17:45<br \/>\nPalazzo del Seminario Metropolitano<br \/>\n<\/strong>Via XX settembre 83 &#8211; Torino<\/p>\n<p>&nbsp;<\/p>\n<p style=\"text-align: justify;\"><strong><span style=\"color: #000000;\"><img decoding=\"async\" loading=\"lazy\" class=\"alignnone size-medium wp-image-2180\" src=\"http:\/\/www.fondazionedonatcattin.it\/wp-content\/uploads\/2018\/11\/locandina_2018_11_23_T-318x450.jpg\" alt=\"\" width=\"318\" height=\"450\" srcset=\"https:\/\/www.fondazionedonatcattin.it\/wp-content\/uploads\/2018\/11\/locandina_2018_11_23_T-318x450.jpg 318w, https:\/\/www.fondazionedonatcattin.it\/wp-content\/uploads\/2018\/11\/locandina_2018_11_23_T-768x1086.jpg 768w, https:\/\/www.fondazionedonatcattin.it\/wp-content\/uploads\/2018\/11\/locandina_2018_11_23_T-724x1024.jpg 724w, https:\/\/www.fondazionedonatcattin.it\/wp-content\/uploads\/2018\/11\/locandina_2018_11_23_T.jpg 1240w\" sizes=\"(max-width: 318px) 100vw, 318px\" \/><\/span><\/strong><\/p>\n<p>&nbsp;<\/p>\n<p><em>Introducono<\/em><br \/>\n<strong>Gianfranco Morgando<\/strong><br \/>\nDirettore della Fondazione Donat-Cattin<\/p>\n<p style=\"text-align: justify;\"><strong>Alessandro Risso<\/strong><br \/>\nPresidente dell\u2019associazione \u201cI Popolari\u201d del Piemonte<\/p>\n<p><em>Relatori<\/em><br \/>\n<strong>Lucio D\u2019Ubaldo<\/strong><br \/>\nDirettore del Centro di documentazione e studi dei Comuni italiani (ANCI-IFEL).<br \/>\nSenatore della Repubblica nella XVI legislatura.<\/p>\n<p><strong>Marco Vitale<\/strong><br \/>\nEconomista d&#8217;impresa, gi\u00e0 docente all&#8217;Universit\u00e0 di Pavia, alla Bocconi e alla Libera Universit\u00e0 Cattaneo di Castellanza.<br \/>\nStudioso della figura e delle opere di don Sturzo e vice presidente per molti anni del CISS (Centro Internazionale Studi Sturzo).<\/p>\n<p><strong><em>Nel corso dell\u2019incontro saranno proiettati momenti dello spettacolo teatrale \u201cLibero e Forte \u2013 Vita di don Luigi Sturzo&#8221;, di Alfredo Rivoire (ESD Bologna)<\/em><\/strong>[\/vc_column_text][\/vc_column][vc_column width=&#8221;1\/4&#8243;][\/vc_column][\/vc_row]<\/p>\n","protected":false},"excerpt":{"rendered":"<p>[vc_row disable_element=&#8221;yes&#8221;][vc_column][vc_column_text el_class=&#8221;titolo-pagina&#8221;] Attivit\u00e0 [\/vc_column_text][vc_single_image image=&#8221;1656&#8243; img_size=&#8221;full&#8221;][\/vc_column][\/vc_row][vc_row][vc_column width=&#8221;1\/4&#8243;][\/vc_column][vc_column width=&#8221;1\/2&#8243;][vc_column_text]1919-2019 Centenario di Fondazione del Partito Popolare Italiano &nbsp; La grandezza di un leader: Luigi Sturzo &nbsp; 23 novembre 2018 &#8211; ore 17:45 Palazzo del Seminario Metropolitano Via XX settembre 83 &#8211; Torino &nbsp; &nbsp; Introducono Gianfranco Morgando Direttore della Fondazione Donat-Cattin Alessandro Risso Presidente dell\u2019associazione \u201cI [&hellip;]<\/p>\n","protected":false},"author":5,"featured_media":0,"parent":490,"menu_order":0,"comment_status":"closed","ping_status":"closed","template":"","meta":{"footnotes":""},"_links":{"self":[{"href":"https:\/\/www.fondazionedonatcattin.it\/index.php?rest_route=\/wp\/v2\/pages\/2178"}],"collection":[{"href":"https:\/\/www.fondazionedonatcattin.it\/index.php?rest_route=\/wp\/v2\/pages"}],"about":[{"href":"https:\/\/www.fondazionedonatcattin.it\/index.php?rest_route=\/wp\/v2\/types\/page"}],"author":[{"embeddable":true,"href":"https:\/\/www.fondazionedonatcattin.it\/index.php?rest_route=\/wp\/v2\/users\/5"}],"replies":[{"embeddable":true,"href":"https:\/\/www.fondazionedonatcattin.it\/index.php?rest_route=%2Fwp%2Fv2%2Fcomments&post=2178"}],"version-history":[{"count":0,"href":"https:\/\/www.fondazionedonatcattin.it\/index.php?rest_route=\/wp\/v2\/pages\/2178\/revisions"}],"up":[{"embeddable":true,"href":"https:\/\/www.fondazionedonatcattin.it\/index.php?rest_route=\/wp\/v2\/pages\/490"}],"wp:attachment":[{"href":"https:\/\/www.fondazionedonatcattin.it\/index.php?rest_route=%2Fwp%2Fv2%2Fmedia&parent=2178"}],"curies":[{"name":"wp","href":"https:\/\/api.w.org\/{rel}","templated":true}]}}