{"id":2170,"date":"2018-03-13T12:23:29","date_gmt":"2018-03-13T11:23:29","guid":{"rendered":"http:\/\/www.fondazionedonatcattin.it?page_id=2170"},"modified":"2019-01-11T12:35:49","modified_gmt":"2019-01-11T11:35:49","slug":"attivita-20-2-3-2-2-2-3-2-3-2-4","status":"publish","type":"page","link":"https:\/\/www.fondazionedonatcattin.it\/?page_id=2170","title":{"rendered":"2018 &#8211; 16-17 novembre Giovani Idee"},"content":{"rendered":"<p>[vc_row disable_element=&#8221;yes&#8221;][vc_column][vc_column_text el_class=&#8221;titolo-pagina&#8221;]<\/p>\n<h2><span style=\"color: #ffffff;\">Attivit\u00e0<\/span><\/h2>\n<p>[\/vc_column_text][vc_single_image image=&#8221;1656&#8243; img_size=&#8221;full&#8221;][vc_single_image][\/vc_column][\/vc_row][vc_row][vc_column width=&#8221;1\/4&#8243; css=&#8221;.vc_custom_1522232918134{background-color: #eaebed !important;}&#8221;][vc_column_text]<a href=\"http:\/\/www.fondazionedonatcattin.it?page_id=2163\"><strong>Attivit\u00e0 novembre<\/strong><\/a><\/p>\n<p><strong><a href=\"http:\/\/www.fondazionedonatcattin.it\/?page_id=490\">Archivio Attivit\u00e0<\/a><\/strong>[\/vc_column_text][\/vc_column][vc_column width=&#8221;1\/2&#8243;][vc_column_text]<\/p>\n<p style=\"text-align: left;\"><strong><img decoding=\"async\" loading=\"lazy\" class=\"alignnone size-medium wp-image-2172\" src=\"http:\/\/www.fondazionedonatcattin.it\/wp-content\/uploads\/2018\/11\/Programma-Convegno-pag.-1-317x450.jpg\" alt=\"\" width=\"317\" height=\"450\" srcset=\"https:\/\/www.fondazionedonatcattin.it\/wp-content\/uploads\/2018\/11\/Programma-Convegno-pag.-1-317x450.jpg 317w, https:\/\/www.fondazionedonatcattin.it\/wp-content\/uploads\/2018\/11\/Programma-Convegno-pag.-1-768x1089.jpg 768w, https:\/\/www.fondazionedonatcattin.it\/wp-content\/uploads\/2018\/11\/Programma-Convegno-pag.-1-722x1024.jpg 722w, https:\/\/www.fondazionedonatcattin.it\/wp-content\/uploads\/2018\/11\/Programma-Convegno-pag.-1.jpg 1166w\" sizes=\"(max-width: 317px) 100vw, 317px\" \/><\/strong><\/p>\n<p style=\"text-align: justify;\"><strong><span style=\"color: #000000;\">16-17 novembre 2018<\/span><br \/>\n<span style=\"color: #000000;\">Aula Magna &#8211; Universit\u00e0 degli Studi di Bergamo<\/span><br \/>\n<\/strong><\/p>\n<p style=\"text-align: justify;\"><strong><span style=\"color: #800000;\">Giovani Idee 2018<\/span><\/strong><br \/>\n<strong><span style=\"color: #333333;\">In search of a future migrants faces on the roads of Europe<\/span><\/strong><\/p>\n<p style=\"text-align: justify;\"><span style=\"color: #000000;\">La <strong>Fondazione \u201cCarlo Donat Cattin\u201d<\/strong>, partner dell\u2019Associazione <strong>\u201cGiovani Idee\u201d<\/strong> di Bergamo, \u00e8 lieta di segnalare una iniziativa di particolare importanza che si terr\u00e0 nei giorni <strong>16 e 17 novembre prossimi presso l&#8217;Aula Magna dell&#8217;Universit\u00e0 degli Studi di Bergamo<\/strong>. Si tratta di un convegno organizzato nell\u2019ambito del Concorso Internazionale per le Scuole Superiori, che l\u2019associazione \u201cGiovani Idee\u201d promuove in collaborazione con la <strong>Commissione Europea, la Fondazione \u201cRobert Schuman\u201d di Varsavia<\/strong> e la nostra Fondazione. Il concorso, che data ormai dal lontano 2002, quest\u2019anno ha come tema la sfida dell\u2019immigrazione e continua una tradizione di attenzione alla grandi questioni che attraversano le societ\u00e0 italiana ed europea.<\/span><br \/>\n<span style=\"color: #000000;\">Vogliamo segnalare in particolare che nella giornata di Sabato 17 novembre gli studenti vincitori dell\u2019edizione 2009 del concorso, che aveva anche allora come tema quello dell\u2019immigrazione, rileggeranno a 10 anni di distanza la loro ricerca. Si tratta degli studenti del liceo <strong>\u201cMarie Curie\u201d di Pinerolo<\/strong>. Una presenza subalpina che speriamo di poter riproporre nelle prossime edizioni.<\/span><\/p>\n<p style=\"text-align: justify;\">Per informazioni e programma:<br \/>\n<a href=\"http:\/\/www.giovanidee.it\/\">http:\/\/www.giovanidee.it\/<\/a><\/p>\n<p>[\/vc_column_text][\/vc_column][vc_column width=&#8221;1\/4&#8243;][\/vc_column][\/vc_row]<\/p>\n","protected":false},"excerpt":{"rendered":"<p>[vc_row disable_element=&#8221;yes&#8221;][vc_column][vc_column_text el_class=&#8221;titolo-pagina&#8221;] Attivit\u00e0 [\/vc_column_text][vc_single_image image=&#8221;1656&#8243; img_size=&#8221;full&#8221;][vc_single_image][\/vc_column][\/vc_row][vc_row][vc_column width=&#8221;1\/4&#8243; css=&#8221;.vc_custom_1522232918134{background-color: #eaebed !important;}&#8221;][vc_column_text]Attivit\u00e0 novembre Archivio Attivit\u00e0[\/vc_column_text][\/vc_column][vc_column width=&#8221;1\/2&#8243;][vc_column_text] 16-17 novembre 2018 Aula Magna &#8211; Universit\u00e0 degli Studi di Bergamo Giovani Idee 2018 In search of a future migrants faces on the roads of Europe La Fondazione \u201cCarlo Donat Cattin\u201d, partner dell\u2019Associazione \u201cGiovani Idee\u201d di Bergamo, \u00e8 lieta di [&hellip;]<\/p>\n","protected":false},"author":5,"featured_media":0,"parent":490,"menu_order":0,"comment_status":"closed","ping_status":"closed","template":"","meta":{"om_disable_all_campaigns":false,"_monsterinsights_skip_tracking":false,"_monsterinsights_sitenote_active":false,"_monsterinsights_sitenote_note":"","_monsterinsights_sitenote_category":0,"footnotes":""},"aioseo_notices":[],"_links":{"self":[{"href":"https:\/\/www.fondazionedonatcattin.it\/index.php?rest_route=\/wp\/v2\/pages\/2170"}],"collection":[{"href":"https:\/\/www.fondazionedonatcattin.it\/index.php?rest_route=\/wp\/v2\/pages"}],"about":[{"href":"https:\/\/www.fondazionedonatcattin.it\/index.php?rest_route=\/wp\/v2\/types\/page"}],"author":[{"embeddable":true,"href":"https:\/\/www.fondazionedonatcattin.it\/index.php?rest_route=\/wp\/v2\/users\/5"}],"replies":[{"embeddable":true,"href":"https:\/\/www.fondazionedonatcattin.it\/index.php?rest_route=%2Fwp%2Fv2%2Fcomments&post=2170"}],"version-history":[{"count":0,"href":"https:\/\/www.fondazionedonatcattin.it\/index.php?rest_route=\/wp\/v2\/pages\/2170\/revisions"}],"up":[{"embeddable":true,"href":"https:\/\/www.fondazionedonatcattin.it\/index.php?rest_route=\/wp\/v2\/pages\/490"}],"wp:attachment":[{"href":"https:\/\/www.fondazionedonatcattin.it\/index.php?rest_route=%2Fwp%2Fv2%2Fmedia&parent=2170"}],"curies":[{"name":"wp","href":"https:\/\/api.w.org\/{rel}","templated":true}]}}