{"id":18773,"date":"2021-04-29T17:10:29","date_gmt":"2021-04-29T15:10:29","guid":{"rendered":"https:\/\/www.fondazionedonatcattin.it\/?page_id=18773"},"modified":"2026-04-24T13:56:52","modified_gmt":"2026-04-24T11:56:52","slug":"attivita-20-2-3-2-2-2-3-2-3-2-4-2-3-2-2-3-2-5-2-2-3-5-2-2-3-3-2-3-3-2-3-2-2-2-2-2-2-2-2-3-2-2-2-2-2-2-2-3-2-2-3-3-2-2-3-3-2-2-3-2-2-2-2-3-2-2-3-3-3-2-2-3-2-3-2-2-2-2-2-2-3-2-2-4-2-2","status":"publish","type":"page","link":"https:\/\/www.fondazionedonatcattin.it\/?page_id=18773","title":{"rendered":"Torino, 25 aprile 1946: una democrazia da costruire &#8211; 25 aprile 2026"},"content":{"rendered":"<p>[vc_row disable_element=&#8221;yes&#8221;][vc_column][vc_single_image image=&#8221;18214&#8243; img_size=&#8221;full&#8221;][\/vc_column][\/vc_row][vc_row][vc_column width=&#8221;1\/6&#8243;][\/vc_column][vc_column width=&#8221;2\/3&#8243;][vc_column_text]<strong id=\"m_-6806852607377916154docs-internal-guid-58c6a6e4-7fff-d34b-641f-86c647bb1fcf\">25 aprile 2026<br \/>\n<span style=\"color: #993300;\">Torino, 25 aprile 1946: una democrazia da costruire<\/span><\/strong>[\/vc_column_text][vc_column_text]\u00abAd un anno dalla liberazione il popolo italiano si avvia con le elezioni politiche alla vita democratica\u00bb.<br \/>\n\u2013 \u00abIl Popolo Nuovo\u00bb, 25 aprile 1946[\/vc_column_text][vc_column_text]<\/p>\n<p style=\"text-align: justify;\"><strong>Quando il 25 aprile 1946 usc\u00ec in edicola il numero 97 de \u00abIl Popolo Nuovo\u00bb, mancavano tre giorni al primo anniversario della Liberazione di Torino, avvenuta nella notte tra il 27 e il 28 aprile 1945. Ma il 25 aprile era gi\u00e0 diventato la data simbolica della Liberazione nazionale.<\/strong><\/p>\n<p style=\"text-align: justify;\">Il giornale della Democrazia cristiana piemontese coglieva quell\u2019occasione per fare il punto su dodici mesi decisivi: un anno in cui l\u2019Italia aveva cessato di essere uno Stato fascista, ma non era ancora diventata una Repubblica democratica. Un tempo sospeso, in cui tutto restava da definire.<\/p>\n<p style=\"text-align: justify;\">Il 2 giugno 1946, con il referendum istituzionale e le elezioni per l\u2019Assemblea costituente, si avvicinava rapidamente. La posta in gioco era la forma stessa dello Stato.<\/p>\n<p style=\"text-align: justify;\">Le pagine qui presentate, in occasione dell\u201981\u00b0 anniversario della Liberazione, sono state selezionate nell\u2019ambito del lavoro di ricerca che la Fondazione dedica alla storia del cattolicesimo democratico piemontese. \u00abIl Popolo Nuovo\u00bb \u00e8 parte integrante di questa storia: tra i suoi redattori e collaboratori si trovano alcune delle figure pi\u00f9 significative del mondo culturale e politico a cui la Fondazione \u00e8 legata, persone di cui custodisce le carte e la memoria.<\/p>\n<p>[\/vc_column_text][vc_column_text]<\/p>\n<p style=\"text-align: center;\"><div class=\"_3d-flip-book  fb3d-fullscreen-mode full-size\" data-id=\"18780\" data-mode=\"fullscreen\" data-title=\"false\" data-template=\"short-white-book-view\" data-lightbox=\"dark-shadow\" data-urlparam=\"fb3d-page\" data-page-n=\"0\" data-pdf=\"\" data-tax=\"null\" data-thumbnail=\"\" data-cols=\"3\" data-book-template=\"default\"><\/div><script type=\"text\/javascript\">window.FB3D_CLIENT_DATA = window.FB3D_CLIENT_DATA || [];window.FB3D_CLIENT_DATA.push('eyJwb3N0cyI6eyIxODc4MCI6eyJJRCI6MTg3ODAsInRpdGxlIjoiVE9SSU5PIC0gMjUgYXByaWxlIDE5NDYgLSBVbmEgZGVtb2NyYXppYSBkYSBjb3N0cnVpcmUiLCJ0eXBlIjoicGRmIiwicmVhZHlfZnVuY3Rpb24iOiIiLCJib29rX3N0eWxlIjoiZmxhdCIsImJvb2tfdGVtcGxhdGUiOiJub25lIiwib3V0bGluZSI6W10sImRhdGEiOnsicG9zdF9JRCI6IjE4NzgxIiwiZ3VpZCI6Imh0dHBzOlwvXC93d3cuZm9uZGF6aW9uZWRvbmF0Y2F0dGluLml0XC93cC1jb250ZW50XC91cGxvYWRzXC8yMDI2XC8wNFwvaWwtcG9wb2xvLW51b3ZvLTE5NDYwNDI1X2ltcGFnaW5hdG8tMl9jb21wcmVzc2VkLnBkZiIsInBkZl9wYWdlcyI6IjIwIiwicGFnZXNfY3VzdG9taXphdGlvbiI6Im5vbmUifSwidGh1bWJuYWlsIjp7ImRhdGEiOnsicG9zdF9JRCI6IjAifSwidHlwZSI6ImF1dG8ifSwicHJvcHMiOnsiYmFja2dyb3VuZENvbG9yIjoiYXV0byIsImJhY2tncm91bmRJbWFnZSI6ImF1dG8iLCJiYWNrZ3JvdW5kU3R5bGUiOiJhdXRvIiwiaGlnaGxpZ2h0TGlua3MiOiJhdXRvIiwibGlnaHRpbmciOiJhdXRvIiwiY2FjaGVkUGFnZXMiOiJhdXRvIiwicmVuZGVySW5hY3RpdmVQYWdlcyI6ImF1dG8iLCJyZW5kZXJJbmFjdGl2ZVBhZ2VzT25Nb2JpbGUiOiJhdXRvIiwicmVuZGVyV2hpbGVGbGlwcGluZyI6ImF1dG8iLCJwcmVsb2FkUGFnZXMiOiJhdXRvIiwiYXV0b1BsYXlEdXJhdGlvbiI6ImF1dG8iLCJydGwiOiJhdXRvIiwiaW50ZXJhY3RpdmVDb3JuZXJzIjoiYXV0byIsIm1heERlcHRoIjoiYXV0byIsInNoZWV0Ijp7InN0YXJ0VmVsb2NpdHkiOiJhdXRvIiwid2F2ZSI6ImF1dG8iLCJzaGFwZSI6ImF1dG8iLCJ3aWR0aFRleGVscyI6ImF1dG8iLCJjb2xvciI6ImF1dG8iLCJzaWRlIjoiYXV0byIsImNvcm5lckRldmlhdGlvbiI6ImF1dG8iLCJmbGV4aWJpbGl0eSI6ImF1dG8iLCJmbGV4aWJsZUNvcm5lciI6ImF1dG8iLCJiZW5kaW5nIjoiYXV0byIsImhlaWdodFRleGVscyI6ImF1dG8ifSwiY292ZXIiOnsid2F2ZSI6ImF1dG8iLCJjb2xvciI6ImF1dG8iLCJzaWRlIjoiYXV0byIsImJpbmRlclRleHR1cmUiOiJhdXRvIiwiZGVwdGgiOiJhdXRvIiwicGFkZGluZyI6ImF1dG8iLCJzdGFydFZlbG9jaXR5IjoiYXV0byIsImZsZXhpYmlsaXR5IjoiYXV0byIsImZsZXhpYmxlQ29ybmVyIjoiYXV0byIsImJlbmRpbmciOiJhdXRvIiwid2lkdGhUZXhlbHMiOiJhdXRvIiwiaGVpZ2h0VGV4ZWxzIjoiYXV0byIsIm1hc3MiOiJhdXRvIiwic2hhcGUiOiJhdXRvIn0sInBhZ2UiOnsid2F2ZSI6ImF1dG8iLCJjb2xvciI6ImF1dG8iLCJzaWRlIjoiYXV0byIsImRlcHRoIjoiYXV0byIsInN0YXJ0VmVsb2NpdHkiOiJhdXRvIiwiZmxleGliaWxpdHkiOiJhdXRvIiwiZmxleGlibGVDb3JuZXIiOiJhdXRvIiwiYmVuZGluZyI6ImF1dG8iLCJ3aWR0aFRleGVscyI6ImF1dG8iLCJoZWlnaHRUZXhlbHMiOiJhdXRvIiwibWFzcyI6ImF1dG8iLCJzaGFwZSI6ImF1dG8ifSwiaGVpZ2h0IjoiYXV0byIsIndpZHRoIjoiYXV0byIsImdyYXZpdHkiOiJhdXRvIiwicGFnZXNGb3JQcmVkaWN0aW5nIjoiYXV0byJ9LCJjb250cm9sUHJvcHMiOnsiYWN0aW9ucyI6eyJjbWRUb2MiOnsiZW5hYmxlZCI6ImF1dG8iLCJlbmFibGVkSW5OYXJyb3ciOiJhdXRvIiwiYWN0aXZlIjoiYXV0byIsImRlZmF1bHRUYWIiOiJhdXRvIn0sImNtZEF1dG9QbGF5Ijp7ImVuYWJsZWQiOiJhdXRvIiwiZW5hYmxlZEluTmFycm93IjoiYXV0byIsImFjdGl2ZSI6ImF1dG8ifSwiY21kU2F2ZSI6eyJlbmFibGVkIjoiYXV0byIsImVuYWJsZWRJbk5hcnJvdyI6ImF1dG8ifSwiY21kUHJpbnQiOnsiZW5hYmxlZCI6ImF1dG8iLCJlbmFibGVkSW5OYXJyb3ciOiJhdXRvIn0sImNtZFNpbmdsZVBhZ2UiOnsiZW5hYmxlZCI6ImF1dG8iLCJlbmFibGVkSW5OYXJyb3ciOiJhdXRvIiwiYWN0aXZlIjoiYXV0byIsImFjdGl2ZUZvck1vYmlsZSI6ImF1dG8ifSwid2lkVG9vbGJhciI6eyJlbmFibGVkIjoiYXV0byIsImVuYWJsZWRJbk5hcnJvdyI6ImF1dG8ifX19LCJhdXRvVGh1bWJuYWlsIjoiaHR0cHM6XC9cL3d3dy5mb25kYXppb25lZG9uYXRjYXR0aW4uaXRcL3dwLWNvbnRlbnRcL3VwbG9hZHNcLzNkLWZsaXAtYm9va1wvYXV0by10aHVtYm5haWxzXC8xODc4MC5wbmciLCJwb3N0X25hbWUiOiJ0b3Jpbm8tMjUtYXByaWxlLTE5NDYtdW5hLWRlbW9jcmF6aWEtZGEtY29zdHJ1aXJlIiwicG9zdF90eXBlIjoiM2QtZmxpcC1ib29rIn19LCJwYWdlcyI6W10sImZpcnN0UGFnZXMiOltdfQ==');window.FB3D_CLIENT_LOCALE && window.FB3D_CLIENT_LOCALE.render();<\/script><\/p>\n<p>[\/vc_column_text][\/vc_column][vc_column width=&#8221;1\/6&#8243;][\/vc_column][\/vc_row]<\/p>\n","protected":false},"excerpt":{"rendered":"<p>[vc_row disable_element=&#8221;yes&#8221;][vc_column][vc_single_image image=&#8221;18214&#8243; img_size=&#8221;full&#8221;][\/vc_column][\/vc_row][vc_row][vc_column width=&#8221;1\/6&#8243;][\/vc_column][vc_column width=&#8221;2\/3&#8243;][vc_column_text]25 aprile 2026 Torino, 25 aprile 1946: una democrazia da costruire[\/vc_column_text][vc_column_text]\u00abAd un anno dalla liberazione il popolo italiano si avvia con le elezioni politiche alla vita democratica\u00bb. \u2013 \u00abIl Popolo Nuovo\u00bb, 25 aprile 1946[\/vc_column_text][vc_column_text] Quando il 25 aprile 1946 usc\u00ec in edicola il numero 97 de \u00abIl Popolo Nuovo\u00bb, mancavano [&hellip;]<\/p>\n","protected":false},"author":11,"featured_media":0,"parent":0,"menu_order":0,"comment_status":"closed","ping_status":"closed","template":"","meta":{"footnotes":""},"_links":{"self":[{"href":"https:\/\/www.fondazionedonatcattin.it\/index.php?rest_route=\/wp\/v2\/pages\/18773"}],"collection":[{"href":"https:\/\/www.fondazionedonatcattin.it\/index.php?rest_route=\/wp\/v2\/pages"}],"about":[{"href":"https:\/\/www.fondazionedonatcattin.it\/index.php?rest_route=\/wp\/v2\/types\/page"}],"author":[{"embeddable":true,"href":"https:\/\/www.fondazionedonatcattin.it\/index.php?rest_route=\/wp\/v2\/users\/11"}],"replies":[{"embeddable":true,"href":"https:\/\/www.fondazionedonatcattin.it\/index.php?rest_route=%2Fwp%2Fv2%2Fcomments&post=18773"}],"version-history":[{"count":6,"href":"https:\/\/www.fondazionedonatcattin.it\/index.php?rest_route=\/wp\/v2\/pages\/18773\/revisions"}],"predecessor-version":[{"id":18784,"href":"https:\/\/www.fondazionedonatcattin.it\/index.php?rest_route=\/wp\/v2\/pages\/18773\/revisions\/18784"}],"wp:attachment":[{"href":"https:\/\/www.fondazionedonatcattin.it\/index.php?rest_route=%2Fwp%2Fv2%2Fmedia&parent=18773"}],"curies":[{"name":"wp","href":"https:\/\/api.w.org\/{rel}","templated":true}]}}