{"id":18711,"date":"2021-04-29T17:10:29","date_gmt":"2021-04-29T15:10:29","guid":{"rendered":"https:\/\/www.fondazionedonatcattin.it\/?page_id=18711"},"modified":"2026-04-13T13:40:58","modified_gmt":"2026-04-13T11:40:58","slug":"attivita-20-2-3-2-2-2-3-2-3-2-4-2-3-2-2-3-2-5-2-2-3-5-2-2-3-3-2-3-3-2-3-2-2-2-2-2-2-2-2-3-2-2-2-2-2-2-2-3-2-2-3-3-2-2-3-3-2-2-3-2-2-2-2-3-2-2-3-3-3-2-2-3-2-3-2-2-2-2-2-2-3-2-2-4-2","status":"publish","type":"page","link":"https:\/\/www.fondazionedonatcattin.it\/?page_id=18711","title":{"rendered":"Dossetti &#8211; 14 marzo 2026"},"content":{"rendered":"<p>[vc_row disable_element=&#8221;yes&#8221;][vc_column][vc_single_image image=&#8221;18214&#8243; img_size=&#8221;full&#8221;][\/vc_column][\/vc_row][vc_row][vc_column width=&#8221;1\/6&#8243;][\/vc_column][vc_column width=&#8221;2\/3&#8243;][vc_column_text]<strong id=\"m_-6806852607377916154docs-internal-guid-58c6a6e4-7fff-d34b-641f-86c647bb1fcf\">25 aprile 2026<br \/>\n<span style=\"color: #993300;\">Giuseppe Dossetti: dalla Resistenza al diritto-dovere di difesa della Costituzione<\/span><\/strong>[\/vc_column_text][vc_column_text]<\/p>\n<p dir=\"ltr\"><strong>Marted\u00ec 14 aprile 2026 | ore 18.00 | <\/strong><em><a href=\"https:\/\/calendar.google.com\/calendar\/r\/eventedit?text=Giuseppe%20Dossetti:%20dalla%20Resistenza%20al%20diritto-dovere%20di%20difesa%20della%20Costituzione&amp;dates=20260414T180000\/20260414T000000&amp;details=Nell%E2%80%99ambito%20delle%20iniziative%20per%20il%2025%20aprile%202026+%3Cbr%3E+https:\/\/polodel900.it\/eventi\/giuseppe-dossetti-dalla-resistenza-al-diritto-dovere-di-difesa-della-costituzione\/&amp;location=Sala%20Conferenze%20|%20Palazzo%20San%20Celso%20|%20Polo%20Del%20%27900%20|%20Piazzetta%20Antonicelli,%20Torino&amp;sf=true&amp;output=xml\" target=\"_blank\" rel=\"noopener\">aggiungi al calendario<\/a><\/em><\/p>\n<p><em>Ingresso gratuito &#8211; <a href=\"https:\/\/fondazionedonatcattin.us5.list-manage.com\/track\/click?u=94a40b5292c7c7ccef8f73f58&amp;id=d2c1972c94&amp;e=786183d137\" target=\"_blank\" rel=\"noopener\">Prenota qui il tuo posto\u27a6<\/a><\/em><\/p>\n<p><strong>TORINO<\/strong><br \/>\n<strong>Sala Conferenze I Palazzo San Celso I Polo del <span id=\"mwJA\"><\/span>\u2019900<\/strong><br \/>\nPiazzetta Antonicelli I Ingresso da corso Valdocco 4\/A[\/vc_column_text][vc_single_image image=&#8221;18713&#8243; img_size=&#8221;full&#8221;][vc_column_text]<\/p>\n<p dir=\"ltr\" style=\"text-align: justify;\"><strong>L\u2019incontro su Dossetti si inserisce nel progetto <em>25 aprile 2026: Ritornare<\/em>, promosso dalla Fondazione Polo del \u2019900 con la collaborazione di tutti e 26 gli enti partner. Dopo aver seguito negli scorsi anni gli eventi legati agli 80 anni della guerra di resistenza (1943-1945), quest\u2019anno le attivit\u00e0 del Polo del \u2019900 si concentrano sul tema del ritorno: su cosa accadde tra aprile 1945 e aprile 1946.<\/strong><\/p>\n<p dir=\"ltr\" style=\"text-align: justify;\">Fu un periodo storico fondamentale per il nostro Paese\u00a0che, seppur drammaticamente colpito, diviso e impoverito dalla guerra, riusc\u00ec a contenere il rischio di altre violenze e a costruire un percorso di pacificazione comune sul solco dell\u2019esperienza antifascista. Fu il vento della Resistenza a permettere la nascita della Repubblica e della democrazia, inaugurando una nuova era.<\/p>\n<p dir=\"ltr\" style=\"text-align: justify;\">La proposta costituente di Giuseppe Dossetti \u2013 e in particolare il suo richiamo al diritto-dovere di resistenza \u2013 rappresenta una delle espressioni pi\u00f9 alte di quella vivacit\u00e0 nel dramma e di quella creativit\u00e0 di prospettive che il progetto <em>Ritornare<\/em> intende raccontare. Un modo per ricordare che dalla macerie della guerra nacque una straordinaria volont\u00e0 di partecipazione, libert\u00e0 e riconciliazione.<\/p>\n<p dir=\"ltr\" style=\"text-align: justify;\">Le iniziative del Polo del \u2019900 sono sostenute dal <strong>Comitato della Regione Piemonte per l\u2019affermazione dei valori della Resistenza e dei principi della Costituzione repubblicana e dalla Citt\u00e0 Metropolitana di Torino.<\/strong><\/p>\n<p dir=\"ltr\" style=\"text-align: justify;\"><strong>Scopri tutti gli appuntamenti per il 25 aprile 2026 sul<\/strong> <strong><a href=\"https:\/\/fondazionedonatcattin.us5.list-manage.com\/track\/click?u=94a40b5292c7c7ccef8f73f58&amp;id=4d2a67ea94&amp;e=786183d137\" target=\"_blank\" rel=\"noopener\" data-saferedirecturl=\"https:\/\/www.google.com\/url?q=https:\/\/fondazionedonatcattin.us5.list-manage.com\/track\/click?u%3D94a40b5292c7c7ccef8f73f58%26id%3D4d2a67ea94%26e%3D786183d137&amp;source=gmail&amp;ust=1776164639346000&amp;usg=AOvVaw32abuAcgSAzg6oFoYqaU9f\">sito del Polo del \u2019900<\/a><\/strong>.<\/p>\n<p>[\/vc_column_text][\/vc_column][vc_column width=&#8221;1\/6&#8243;][\/vc_column][\/vc_row]<\/p>\n","protected":false},"excerpt":{"rendered":"<p>[vc_row disable_element=&#8221;yes&#8221;][vc_column][vc_single_image image=&#8221;18214&#8243; img_size=&#8221;full&#8221;][\/vc_column][\/vc_row][vc_row][vc_column width=&#8221;1\/6&#8243;][\/vc_column][vc_column width=&#8221;2\/3&#8243;][vc_column_text]25 aprile 2026 Giuseppe Dossetti: dalla Resistenza al diritto-dovere di difesa della Costituzione[\/vc_column_text][vc_column_text] Marted\u00ec 14 aprile 2026 | ore 18.00 | aggiungi al calendario Ingresso gratuito &#8211; Prenota qui il tuo posto\u27a6 TORINO Sala Conferenze I Palazzo San Celso I Polo del \u2019900 Piazzetta Antonicelli I Ingresso da corso Valdocco [&hellip;]<\/p>\n","protected":false},"author":11,"featured_media":0,"parent":0,"menu_order":0,"comment_status":"closed","ping_status":"closed","template":"","meta":{"footnotes":""},"_links":{"self":[{"href":"https:\/\/www.fondazionedonatcattin.it\/index.php?rest_route=\/wp\/v2\/pages\/18711"}],"collection":[{"href":"https:\/\/www.fondazionedonatcattin.it\/index.php?rest_route=\/wp\/v2\/pages"}],"about":[{"href":"https:\/\/www.fondazionedonatcattin.it\/index.php?rest_route=\/wp\/v2\/types\/page"}],"author":[{"embeddable":true,"href":"https:\/\/www.fondazionedonatcattin.it\/index.php?rest_route=\/wp\/v2\/users\/11"}],"replies":[{"embeddable":true,"href":"https:\/\/www.fondazionedonatcattin.it\/index.php?rest_route=%2Fwp%2Fv2%2Fcomments&post=18711"}],"version-history":[{"count":4,"href":"https:\/\/www.fondazionedonatcattin.it\/index.php?rest_route=\/wp\/v2\/pages\/18711\/revisions"}],"predecessor-version":[{"id":18724,"href":"https:\/\/www.fondazionedonatcattin.it\/index.php?rest_route=\/wp\/v2\/pages\/18711\/revisions\/18724"}],"wp:attachment":[{"href":"https:\/\/www.fondazionedonatcattin.it\/index.php?rest_route=%2Fwp%2Fv2%2Fmedia&parent=18711"}],"curies":[{"name":"wp","href":"https:\/\/api.w.org\/{rel}","templated":true}]}}