{"id":1387,"date":"2018-03-13T12:23:29","date_gmt":"2018-03-13T11:23:29","guid":{"rendered":"http:\/\/www.fondazionedonatcattin.it\/?page_id=1387"},"modified":"2022-07-20T09:22:40","modified_gmt":"2022-07-20T07:22:40","slug":"attivita-16-4-3-6-2-6-3-5-2-5-6-5-3-2-2-8-3-2-3-2-3-3-2-2-4","status":"publish","type":"page","link":"https:\/\/www.fondazionedonatcattin.it\/?page_id=1387","title":{"rendered":"2007 &#8211; 19 ottobre approfondimento"},"content":{"rendered":"<p>[vc_row][vc_column width=&#8221;1\/6&#8243;][\/vc_column][vc_column width=&#8221;2\/3&#8243;][vc_column_text]<\/p>\n<h2 style=\"text-align: justify;\"><strong><span style=\"color: #993300;\">Verso la Costituzione<\/span><\/strong><\/h2>\n<p><strong>Dibattiti e prospettive dei cattolici in Piemonte (1945-1947)<\/strong><\/p>\n<p style=\"text-align: justify;\">A cura di W.E. Crivellin, Edizioni Lavoro, Roma 2007<\/p>\n<p>&nbsp;<\/p>\n<p style=\"text-align: justify;\">\u201cNessuno pu\u00f2 affermare che la nostra Costituzione sia perfetta: nessuna Costituzione \u00e8 perfetta. Ma essa \u00e8 basata su due elementi di perfetta stabilit\u00e0: la personalit\u00e0 umana e lo Stato di diritto\u201d (Luigi Sturzo). Questo volume offre alcuni contributi al dibattito che caratterizz\u00f2 la prospettiva e l\u2019elaborazione della nostra Carta costituzionale, maturati in vari settori della cultura cattolica in Piemonte. I valori personalistici, l\u2019esperienza quotidiana della democrazia, il ruolo dei partiti e delle istituzioni, il valore delle autonomie, la natura e le finalit\u00e0 dello Stato e il suo rapporto con la Chiesa sono tra le tematiche al centro della riflessione e del confronto. I vari saggi qui raccolti utilizzano e portano a conoscenza fonti documentarie talora anche inedite o, nel caso della stampa locale religiosa e politica, meno note o scarsamente utilizzate, particolarmente rilevanti tuttavia nell\u2019orientare l\u2019opinione pubblica.<\/p>\n<p style=\"text-align: justify;\">Il volume \u00e8 consultabile presso la biblioteca della Fondazione.<\/p>\n<p>[\/vc_column_text][vc_single_image image=&#8221;11989&#8243; img_size=&#8221;405X600&#8243;][\/vc_column][vc_column width=&#8221;1\/6&#8243;][\/vc_column][\/vc_row]<\/p>\n","protected":false},"excerpt":{"rendered":"<p>[vc_row][vc_column width=&#8221;1\/6&#8243;][\/vc_column][vc_column width=&#8221;2\/3&#8243;][vc_column_text] Verso la Costituzione Dibattiti e prospettive dei cattolici in Piemonte (1945-1947) A cura di W.E. Crivellin, Edizioni Lavoro, Roma 2007 &nbsp; \u201cNessuno pu\u00f2 affermare che la nostra Costituzione sia perfetta: nessuna Costituzione \u00e8 perfetta. Ma essa \u00e8 basata su due elementi di perfetta stabilit\u00e0: la personalit\u00e0 umana e lo Stato di diritto\u201d [&hellip;]<\/p>\n","protected":false},"author":1,"featured_media":0,"parent":490,"menu_order":0,"comment_status":"closed","ping_status":"closed","template":"","meta":{"footnotes":""},"_links":{"self":[{"href":"https:\/\/www.fondazionedonatcattin.it\/index.php?rest_route=\/wp\/v2\/pages\/1387"}],"collection":[{"href":"https:\/\/www.fondazionedonatcattin.it\/index.php?rest_route=\/wp\/v2\/pages"}],"about":[{"href":"https:\/\/www.fondazionedonatcattin.it\/index.php?rest_route=\/wp\/v2\/types\/page"}],"author":[{"embeddable":true,"href":"https:\/\/www.fondazionedonatcattin.it\/index.php?rest_route=\/wp\/v2\/users\/1"}],"replies":[{"embeddable":true,"href":"https:\/\/www.fondazionedonatcattin.it\/index.php?rest_route=%2Fwp%2Fv2%2Fcomments&post=1387"}],"version-history":[{"count":0,"href":"https:\/\/www.fondazionedonatcattin.it\/index.php?rest_route=\/wp\/v2\/pages\/1387\/revisions"}],"up":[{"embeddable":true,"href":"https:\/\/www.fondazionedonatcattin.it\/index.php?rest_route=\/wp\/v2\/pages\/490"}],"wp:attachment":[{"href":"https:\/\/www.fondazionedonatcattin.it\/index.php?rest_route=%2Fwp%2Fv2%2Fmedia&parent=1387"}],"curies":[{"name":"wp","href":"https:\/\/api.w.org\/{rel}","templated":true}]}}