{"id":13,"date":"2018-03-13T12:23:00","date_gmt":"2018-03-13T11:23:00","guid":{"rendered":"http:\/\/www.fondazionedonatcattin.it\/?page_id=13"},"modified":"2025-01-10T19:58:01","modified_gmt":"2025-01-10T18:58:01","slug":"biblioteca-2","status":"publish","type":"page","link":"https:\/\/www.fondazionedonatcattin.it\/?page_id=13","title":{"rendered":"Biblioteca"},"content":{"rendered":"<p>[vc_row][vc_column][vc_column_text el_class=&#8221;titolo-pagina&#8221;]<\/p>\n<h2 style=\"text-align: left;\"><span style=\"color: #ededed;\"><strong>Biblioteca<\/strong><\/span><\/h2>\n<p>[\/vc_column_text][vc_single_image image=&#8221;3454&#8243; img_size=&#8221;full&#8221; add_caption=&#8221;yes&#8221; alignment=&#8221;center&#8221;][\/vc_column][\/vc_row][vc_row][vc_column width=&#8221;1\/6&#8243;][vc_column_text]<\/p>\n<h2><a href=\"http:\/\/www.fondazionedonatcattin.it\/?page_id=3406\" target=\"_blank\" rel=\"noopener noreferrer\">Progetto Settegiorni<\/a><\/h2>\n<p><a href=\"http:\/\/www.fondazionedonatcattin.it\/?page_id=3406\" target=\"_blank\" rel=\"noopener noreferrer\"><img decoding=\"async\" loading=\"lazy\" class=\"alignnone wp-image-3481\" src=\"http:\/\/www.fondazionedonatcattin.it\/wp-content\/uploads\/2019\/12\/settegiornitestata-1.jpg\" alt=\"\" width=\"134\" height=\"135\" \/><\/a>[\/vc_column_text][vc_separator][vc_column_text]<\/p>\n<h6><a href=\"http:\/\/www.fondazionedonatcattin.it\/?page_id=6000\" target=\"_blank\" rel=\"noopener noreferrer\"><span style=\"color: #993300;\">Le riviste politico-culturali di area cattolica<\/span><br \/>\n<span style=\"color: #993300;\">nella seconda met\u00e0<br \/>\ndel \u2019900<\/span><\/a><\/h6>\n<p><img decoding=\"async\" loading=\"lazy\" class=\"alignnone wp-image-6032\" src=\"http:\/\/www.fondazionedonatcattin.it\/wp-content\/uploads\/2020\/12\/le-riviste-quarter.jpg\" alt=\"\" width=\"134\" height=\"134\" \/>[\/vc_column_text][vc_separator][vc_column_text]<\/p>\n<h6><a href=\"http:\/\/www.fondazionedonatcattin.it\/?page_id=9437\" target=\"_blank\" rel=\"noopener noreferrer\"><span style=\"color: #993300;\">L&#8217;informazione come strumento di democrazia<\/span><br \/>\n<span style=\"color: #993300;\">nella seconda met\u00e0<br \/>\ndel \u2019900<\/span><\/a><\/h6>\n<p><img decoding=\"async\" loading=\"lazy\" class=\"alignnone wp-image-6032\" src=\"http:\/\/www.fondazionedonatcattin.it\/wp-content\/uploads\/2021\/12\/202112131723_0001.jpg\" alt=\"\" width=\"134\" height=\"134\" \/>[\/vc_column_text][\/vc_column][vc_column width=&#8221;2\/3&#8243;][vc_column_text]<\/p>\n<p style=\"text-align: justify;\"><span style=\"color: #bb6252;\"><strong>Responsabile biblioteca:<\/strong> <\/span>Maria Schirripa<\/p>\n<p style=\"text-align: justify;\"><img decoding=\"async\" loading=\"lazy\" class=\"alignright wp-image-3459\" src=\"http:\/\/www.fondazionedonatcattin.it\/wp-content\/uploads\/2019\/12\/P1910530-copia.jpg\" alt=\"\" width=\"300\" height=\"317\" \/>La Biblioteca della Fondazione trae origine da quella personale di Carlo Donat-Cattin e dalle sue due anime. Da un lato la sezione specializzata in storia del movimento cattolico, giornalismo, cultura politica, sociale e sindacale che documenta la sua vita pubblica e le sue diverse attivit\u00e0, sindacale, di partito, di governo, amministrativa, giornalistica, per un arco cronologico che va dal 1942 al 1991, negli anni cruciali della prima Repubblica. Dall\u2019altro le sue passioni private: la raccolta di preziosi libri d\u2019arte; la collezione di opere di narrativa e poesia dei maggiori autori del secolo scorso, molte in prima edizione, e dei pi\u00f9 importanti classici; quella di filosofia che annovera testi di filosofi e pensatori che hanno svolto un ruolo determinante nella formazione etica e culturale di Carlo Donat-Cattin.<\/p>\n<p>[\/vc_column_text][vc_column_text]<\/p>\n<p style=\"text-align: justify;\">La Biblioteca della Fondazione si \u00e8 arricchita via via negli anni della sua attivit\u00e0 grazie a vari lasciti e donazioni provenienti da fondi privati di illustri personaggi politici piemontesi e da Enti e Istituzioni*.<br \/>\nDi notevole interesse \u00e8 anche l\u2019emeroteca che raccoglie numerosi periodici a carattere politico, sindacale, sociale, storico e letterario, a partire dalle testate legate alla figura di Carlo Donat-Cattin (\u00abTerza Fase\u00bb, \u00abForze Nuove\u00bb, \u00abLettere Piemontesi\u00bb, \u00abSettegiorni\u00bb) e i periodici pubblicati dalla Democrazia Cristiana a Torino e in Piemonte come il quotidiano \u00abIl Popolo nuovo\u00bb, pubblicato dal 1945 al 1958, o giornali e altre testate degli anni &#8217;40 e &#8217;50 del 20\u00b0 secolo, tutti organi di informazione di rilevante importanza per la ricerca storico-politica sul cosiddetto \u201csecolo breve\u201d.<\/p>\n<p style=\"text-align: justify;\"><img decoding=\"async\" loading=\"lazy\" class=\"wp-image-3464 alignleft\" src=\"http:\/\/www.fondazionedonatcattin.it\/wp-content\/uploads\/2019\/12\/DSC05443-copia.jpg\" alt=\"\" width=\"300\" height=\"200\" \/>Dal 28 giugno 2016 la biblioteca, con quelle di altri 19 importanti Istituti di ricerca del territorio, costituisce il <a href=\"https:\/\/www.sba.unito.it\/it\/sistema-bibliotecario\/polo-bibliografico-della-ricerca\">Polo bibliografico della ricerca<\/a> il cui patrimonio documentale catalogato in SBN \u00e8 confluito nel <a href=\"https:\/\/catalogo-unito.sebina.it\/SebinaOpac\/.do\" target=\"_blank\" rel=\"noopener\">Catalogo unico delle biblioteche dell&#8217;Universit\u00e0 di Torino<\/a>.<br \/>\nL&#8217;intera raccolta \u00e8 disponibile per la consultazione e il prestito presso la <a href=\"https:\/\/polodel900.it\/archivio-e-biblioteca\/\" target=\"_blank\" rel=\"noopener\">Sala lettura di Palazzo San Daniele al Polo del 900<\/a>, il nuovo centro culturale aperto alla cittadinanza e rivolto soprattutto alle giovani generazioni e ai nuovi cittadini del quale la Fondazione \u00e8 partner, o \u00e8 fruibile grazie ai servizi di prestito interbibliotecario e document delivery.<br \/>\nLa biblioteca inoltre aderisce al <a href=\"http:\/\/www.cobis.to.it\">CoBis<\/a> (<em>Coordinamento delle Biblioteche speciali e specialistiche<\/em>) fin dalla sua costituzione nel 2008, la cui finalit\u00e0 \u00e8 promuovere una rete tra le differenti realt\u00e0 documentarie presenti nella provincia di Torino a vantaggio di un migliore servizio per le istituzioni e il pubblico a livello cittadino, regionale e nazionale.<\/p>\n<p style=\"text-align: justify; font-size: 14px;\">*Elenco Fondi: Ades, Guido Bodrato, Centro studi De Gasperi, Antonio Cocozzello, Democrazia Cristiana di Cuneo, Giuseppe Mainardi, Giuliano Orlandi, Partito popolare italiano, Aldo Pedussia, Andrea Prele, Giuseppe Rapelli, Mario Rey, Luca Rolandi, Carlo Trabucco,\u00a0 Francesco Traniello,\u00a0 Alessandro Zussini.<\/p>\n<p>[\/vc_column_text][\/vc_column][vc_column width=&#8221;1\/6&#8243;][vc_column_text]<\/p>\n<h2><a href=\"\/?page_id=3457\">Nuove acquisizioni<\/a><\/h2>\n<p><img decoding=\"async\" loading=\"lazy\" class=\"aligncenter wp-image-9924\" src=\"\/wp-content\/uploads\/2025\/01\/novita_2024_libri_FCD.gif\" alt=\"\" width=\"203\" height=\"305\" \/>[\/vc_column_text][\/vc_column][\/vc_row]<\/p>\n","protected":false},"excerpt":{"rendered":"<p>[vc_row][vc_column][vc_column_text el_class=&#8221;titolo-pagina&#8221;] Biblioteca [\/vc_column_text][vc_single_image image=&#8221;3454&#8243; img_size=&#8221;full&#8221; add_caption=&#8221;yes&#8221; alignment=&#8221;center&#8221;][\/vc_column][\/vc_row][vc_row][vc_column width=&#8221;1\/6&#8243;][vc_column_text] Progetto Settegiorni [\/vc_column_text][vc_separator][vc_column_text] Le riviste politico-culturali di area cattolica nella seconda met\u00e0 del \u2019900 [\/vc_column_text][vc_separator][vc_column_text] L&#8217;informazione come strumento di democrazia nella seconda met\u00e0 del \u2019900 [\/vc_column_text][\/vc_column][vc_column width=&#8221;2\/3&#8243;][vc_column_text] Responsabile biblioteca: Maria Schirripa La Biblioteca della Fondazione trae origine da quella personale di Carlo Donat-Cattin e dalle sue [&hellip;]<\/p>\n","protected":false},"author":1,"featured_media":0,"parent":0,"menu_order":0,"comment_status":"closed","ping_status":"closed","template":"","meta":{"footnotes":""},"_links":{"self":[{"href":"https:\/\/www.fondazionedonatcattin.it\/index.php?rest_route=\/wp\/v2\/pages\/13"}],"collection":[{"href":"https:\/\/www.fondazionedonatcattin.it\/index.php?rest_route=\/wp\/v2\/pages"}],"about":[{"href":"https:\/\/www.fondazionedonatcattin.it\/index.php?rest_route=\/wp\/v2\/types\/page"}],"author":[{"embeddable":true,"href":"https:\/\/www.fondazionedonatcattin.it\/index.php?rest_route=\/wp\/v2\/users\/1"}],"replies":[{"embeddable":true,"href":"https:\/\/www.fondazionedonatcattin.it\/index.php?rest_route=%2Fwp%2Fv2%2Fcomments&post=13"}],"version-history":[{"count":0,"href":"https:\/\/www.fondazionedonatcattin.it\/index.php?rest_route=\/wp\/v2\/pages\/13\/revisions"}],"wp:attachment":[{"href":"https:\/\/www.fondazionedonatcattin.it\/index.php?rest_route=%2Fwp%2Fv2%2Fmedia&parent=13"}],"curies":[{"name":"wp","href":"https:\/\/api.w.org\/{rel}","templated":true}]}}