{"id":1171,"date":"2018-03-13T12:23:29","date_gmt":"2018-03-13T11:23:29","guid":{"rendered":"http:\/\/www.fondazionedonatcattin.it\/?page_id=1171"},"modified":"2022-07-23T08:34:31","modified_gmt":"2022-07-23T06:34:31","slug":"attivita-16-4-3-6-2-6-3-5-2-5-6-5-3-2-2-4","status":"publish","type":"page","link":"https:\/\/www.fondazionedonatcattin.it\/?page_id=1171","title":{"rendered":"2012 &#8211; 19 novembre"},"content":{"rendered":"<p>[vc_row][vc_column width=&#8221;1\/6&#8243;][\/vc_column][vc_column width=&#8221;2\/3&#8243;][vc_column_text]<\/p>\n<h2 style=\"text-align: justify;\"><strong><span style=\"color: #993300;\"><img decoding=\"async\" loading=\"lazy\" class=\"aligncenter wp-image-10083\" src=\"http:\/\/www.fondazionedonatcattin.it\/wp-content\/uploads\/2022\/02\/incontri-con-gli-autori.jpg\" alt=\"\" width=\"180\" height=\"51\" srcset=\"https:\/\/www.fondazionedonatcattin.it\/wp-content\/uploads\/2022\/02\/incontri-con-gli-autori.jpg 1113w, https:\/\/www.fondazionedonatcattin.it\/wp-content\/uploads\/2022\/02\/incontri-con-gli-autori-1024x292.jpg 1024w, https:\/\/www.fondazionedonatcattin.it\/wp-content\/uploads\/2022\/02\/incontri-con-gli-autori-768x219.jpg 768w\" sizes=\"(max-width: 180px) 100vw, 180px\" \/><\/span><\/strong><\/h2>\n<h2 style=\"text-align: justify;\"><strong><span style=\"color: #993300;\">Le madri del Concilio<\/span><br \/>\n<\/strong><\/h2>\n<p style=\"text-align: justify;\"><strong>Ventitr\u00e9 donne al Vaticano II<\/strong><\/p>\n<p>&nbsp;<\/p>\n<p><strong>Luned\u00ec 19 novembre 2012, ore 17:00<\/strong><\/p>\n<p><strong>Fondazione Carlo Donat-Cattin<\/strong><br \/>\nVia Stampatori 4 &#8211; Torino[\/vc_column_text][vc_video link=&#8221;https:\/\/www.youtube.com\/watch?v=GzVkSnfHaQk&#8221; align=&#8221;center&#8221;][vc_column_text]<\/p>\n<p style=\"text-align: justify;\">A cinquant&#8217;anni dal Concilio ecumenico, com&#8217;\u00e8 cambiato il ruolo della donna nella Chiesa? \u00c8 l&#8217;interrogativo che sta alla base del libro, Madri del Concilio. Ventitr\u00e9 donne al Vaticano II, scritto da Adriana Valerio, che sar\u00e0 presentato il prossimo 19 novembre alle 17 presso la Fondazione Carlo Donat-Cattin in via Stampatori 4- Torino. Sar\u00e0 presente l&#8217;autrice che non manca di spiegare: &#8220;Il Concilio ha rappresentato per la donna l&#8217;affermazione dell&#8217;uguaglianza fondamentale con l&#8217;uomo, del rispetto dovuto ai diritti fondamentali che la riguardano in quanto essere umano e del suo apporto indispensabile nella vita della famiglia, della societ\u00e0, della comunit\u00e0 ecclesiale&#8221;.<\/p>\n<p>[\/vc_column_text][vc_single_image image=&#8221;1173&#8243; img_size=&#8221;full&#8221;][vc_column_text]<strong>Programma<\/strong><\/p>\n<p class=\"style35\" style=\"text-align: justify;\" align=\"center\"><span class=\"style321\"><em>Introduce<\/em><br \/>\n<\/span><strong>Adriana Valerio<\/strong><\/p>\n<p class=\"style35\" style=\"text-align: justify;\" align=\"center\"><span class=\"style321\"><em>Intervengono<\/em><br \/>\n<\/span><strong>Prof. Fabio Dovis<\/strong><br \/>\n<strong>Suor Giuliana Galli<\/strong><br \/>\n<strong>Mons. Giuseppe Ghiberti<\/strong><\/p>\n<p class=\"style35\" style=\"text-align: justify;\" align=\"center\"><span class=\"style321\"><em>Modera<\/em><br \/>\n<\/span><strong>Mariapia Donat-Cattin<\/strong>[\/vc_column_text][\/vc_column][vc_column width=&#8221;1\/6&#8243;][\/vc_column][\/vc_row]<\/p>\n","protected":false},"excerpt":{"rendered":"<p>[vc_row][vc_column width=&#8221;1\/6&#8243;][\/vc_column][vc_column width=&#8221;2\/3&#8243;][vc_column_text] Le madri del Concilio Ventitr\u00e9 donne al Vaticano II &nbsp; Luned\u00ec 19 novembre 2012, ore 17:00 Fondazione Carlo Donat-Cattin Via Stampatori 4 &#8211; Torino[\/vc_column_text][vc_video link=&#8221;https:\/\/www.youtube.com\/watch?v=GzVkSnfHaQk&#8221; align=&#8221;center&#8221;][vc_column_text] A cinquant&#8217;anni dal Concilio ecumenico, com&#8217;\u00e8 cambiato il ruolo della donna nella Chiesa? \u00c8 l&#8217;interrogativo che sta alla base del libro, Madri del Concilio. Ventitr\u00e9 donne [&hellip;]<\/p>\n","protected":false},"author":1,"featured_media":0,"parent":490,"menu_order":0,"comment_status":"closed","ping_status":"closed","template":"","meta":{"footnotes":""},"_links":{"self":[{"href":"https:\/\/www.fondazionedonatcattin.it\/index.php?rest_route=\/wp\/v2\/pages\/1171"}],"collection":[{"href":"https:\/\/www.fondazionedonatcattin.it\/index.php?rest_route=\/wp\/v2\/pages"}],"about":[{"href":"https:\/\/www.fondazionedonatcattin.it\/index.php?rest_route=\/wp\/v2\/types\/page"}],"author":[{"embeddable":true,"href":"https:\/\/www.fondazionedonatcattin.it\/index.php?rest_route=\/wp\/v2\/users\/1"}],"replies":[{"embeddable":true,"href":"https:\/\/www.fondazionedonatcattin.it\/index.php?rest_route=%2Fwp%2Fv2%2Fcomments&post=1171"}],"version-history":[{"count":0,"href":"https:\/\/www.fondazionedonatcattin.it\/index.php?rest_route=\/wp\/v2\/pages\/1171\/revisions"}],"up":[{"embeddable":true,"href":"https:\/\/www.fondazionedonatcattin.it\/index.php?rest_route=\/wp\/v2\/pages\/490"}],"wp:attachment":[{"href":"https:\/\/www.fondazionedonatcattin.it\/index.php?rest_route=%2Fwp%2Fv2%2Fmedia&parent=1171"}],"curies":[{"name":"wp","href":"https:\/\/api.w.org\/{rel}","templated":true}]}}