{"id":11028,"date":"2021-04-29T17:10:29","date_gmt":"2021-04-29T15:10:29","guid":{"rendered":"http:\/\/www.fondazionedonatcattin.it\/?page_id=11028"},"modified":"2022-05-13T12:35:37","modified_gmt":"2022-05-13T10:35:37","slug":"attivita-20-2-3-2-2-2-3-2-3-2-4-2-3-2-2-3-2-5-2-2-3-5-2-2-3-3-2-3-3-2-3-2-2-2-2-2-2-2-2-3-2-2-2-2-2-4-2","status":"publish","type":"page","link":"https:\/\/www.fondazionedonatcattin.it\/?page_id=11028","title":{"rendered":"Un riformista al governo &#8211; Pubblicazioni 2022"},"content":{"rendered":"<p>[vc_row][vc_column][vc_single_image image=&#8221;11030&#8243; img_size=&#8221;full&#8221;][\/vc_column][\/vc_row][vc_row][vc_column width=&#8221;1\/6&#8243;][vc_column_text]<\/p>\n<h5><strong>\u25a9 CONVEGNI<\/strong><\/h5>\n<h6><a href=\"http:\/\/www.fondazionedonatcattin.it\/?page_id=3166\"><span style=\"color: #993300;\">1989 nell\u2019Europa orientale tra dissenso e ricostruzione democratica<br \/>\nChiese, societ\u00e0 e politica nella trasformazione dell\u2019Est europeo<br \/>\n<\/span><\/a><\/h6>\n<p>[\/vc_column_text][\/vc_column][vc_column width=&#8221;2\/3&#8243;][vc_row_inner][vc_column_inner width=&#8221;1\/4&#8243;][vc_single_image image=&#8221;11024&#8243; img_size=&#8221;300&#215;450&#8243; style=&#8221;vc_box_shadow_3d&#8221;][\/vc_column_inner][vc_column_inner width=&#8221;3\/4&#8243;][vc_column_text]AA.VV.<\/p>\n<p><strong><span style=\"color: #993300;\">Chiese, societ\u00e0 e politica nelle trasformazioni dell&#8217;Est europeo<\/span><\/strong><\/p>\n<p>Atti del convegno &#8220;1989 nell&#8217;Europa orientale tra dissenso e ricostruzione democratica. Torino, Polo del \u2019900, 19 ottobre 2019&#8221;<\/p>\n<p>Edizioni Mille, Torino 2022<br \/>\n94 pp. ISBN 9788887780000[\/vc_column_text][\/vc_column_inner][\/vc_row_inner][vc_column_text]<\/p>\n<p style=\"text-align: justify;\">La caduta del Muro di Berlino ha segnato l\u2019avvio di un processo destinato a cambiare radicalmente il volto dell\u2019Europa. Trascorsi trent\u2019anni da quell&#8217;evento epocale la Fondazione Donat-Cattin e il Centro Frassati, nell&#8217;ambito del progetto \u201cMuri di ieri e muri di oggi\u201d del Polo del \u2019900 coordinato dall&#8217;Istituto Salvemini, ha organizzato un convegno che aveva al suo centro il ruolo svolto dalla religione e dalle Chiese cristiane nei processi di trasformazione delle societ\u00e0 dell\u2019Est europeo.<br \/>\nLa Chiesa cattolica, in particolare, aveva continuato a tenere aperto uno spazio di libert\u00e0 nel clima buio e repressivo dei regimi comunisti. Uno spazio che, nella diversit\u00e0 delle realt\u00e0 nazionali, avrebbe consentito poi, anche grazie al ruolo giocato da Giovanni Paolo II durante il suo lungo pontificato, di ridare vita a processi di cambiamento di carattere democratico in quella parte del mondo; soprattutto per la sua capacit\u00e0 di fare appello alle ragioni morali capaci di indicare una speranza per il futuro.<br \/>\nLa forza di quel messaggio non riguard\u00f2 soltanto la Polonia ma altre realt\u00e0 nazionali dell\u2019Europa dell\u2019Est svolgendo un ruolo non secondario nella stessa Unione Sovietica.<br \/>\nIl contributo dei singoli relatori, mentre scopre aspetti spesso sconosciuti di un pezzo importante della storia europea, lascia aperta una domanda urgente e cruciale sulle ragioni per cui questo processo di democratizzazione, alimentato da una ispirazione morale tanto forte e profonda, non abbia prodotto i frutti attesi e sperati.<\/p>\n<p>[\/vc_column_text][\/vc_column][vc_column width=&#8221;1\/6&#8243;][\/vc_column][\/vc_row]<\/p>\n","protected":false},"excerpt":{"rendered":"<p>[vc_row][vc_column][vc_single_image image=&#8221;11030&#8243; img_size=&#8221;full&#8221;][\/vc_column][\/vc_row][vc_row][vc_column width=&#8221;1\/6&#8243;][vc_column_text] \u25a9 CONVEGNI 1989 nell\u2019Europa orientale tra dissenso e ricostruzione democratica Chiese, societ\u00e0 e politica nella trasformazione dell\u2019Est europeo [\/vc_column_text][\/vc_column][vc_column width=&#8221;2\/3&#8243;][vc_row_inner][vc_column_inner width=&#8221;1\/4&#8243;][vc_single_image image=&#8221;11024&#8243; img_size=&#8221;300&#215;450&#8243; style=&#8221;vc_box_shadow_3d&#8221;][\/vc_column_inner][vc_column_inner width=&#8221;3\/4&#8243;][vc_column_text]AA.VV. Chiese, societ\u00e0 e politica nelle trasformazioni dell&#8217;Est europeo Atti del convegno &#8220;1989 nell&#8217;Europa orientale tra dissenso e ricostruzione democratica. Torino, Polo del \u2019900, 19 ottobre 2019&#8221; [&hellip;]<\/p>\n","protected":false},"author":11,"featured_media":0,"parent":0,"menu_order":0,"comment_status":"closed","ping_status":"closed","template":"","meta":{"footnotes":""},"_links":{"self":[{"href":"https:\/\/www.fondazionedonatcattin.it\/index.php?rest_route=\/wp\/v2\/pages\/11028"}],"collection":[{"href":"https:\/\/www.fondazionedonatcattin.it\/index.php?rest_route=\/wp\/v2\/pages"}],"about":[{"href":"https:\/\/www.fondazionedonatcattin.it\/index.php?rest_route=\/wp\/v2\/types\/page"}],"author":[{"embeddable":true,"href":"https:\/\/www.fondazionedonatcattin.it\/index.php?rest_route=\/wp\/v2\/users\/11"}],"replies":[{"embeddable":true,"href":"https:\/\/www.fondazionedonatcattin.it\/index.php?rest_route=%2Fwp%2Fv2%2Fcomments&post=11028"}],"version-history":[{"count":0,"href":"https:\/\/www.fondazionedonatcattin.it\/index.php?rest_route=\/wp\/v2\/pages\/11028\/revisions"}],"wp:attachment":[{"href":"https:\/\/www.fondazionedonatcattin.it\/index.php?rest_route=%2Fwp%2Fv2%2Fmedia&parent=11028"}],"curies":[{"name":"wp","href":"https:\/\/api.w.org\/{rel}","templated":true}]}}